{"id":201,"date":"2020-09-03T13:33:56","date_gmt":"2020-09-03T13:33:56","guid":{"rendered":"http:\/\/innovativedk.wpengine.com\/?page_id=201"},"modified":"2023-05-24T11:00:06","modified_gmt":"2023-05-24T11:00:06","slug":"partners-collaboration","status":"publish","type":"page","link":"https:\/\/www.innovative.dk\/da\/why-innovative\/partners-collaboration\/","title":{"rendered":"Partners &#038; Collaboration"},"content":{"rendered":"<div class=\"parralaxTop\" style=\"background-color: #;\">\r\n    <div class=\"bigImg\" id=\"bunnerHolder\">\r\n        <div class=\"backgroundImage ratioSave\">\r\n            <div class=\"croper\" style=\"background-image: url('\/media\/1396\/header_2600x590px_partners.jpg');\">\r\n             <img decoding=\"async\" src=\"\/media\/1396\/header_2600x590px_partners.jpg\" alt=\"\" \/>\r\n            <\/div>\r\n        <\/div>\r\n        <div class=\"textTop\">\r\n            <div class=\"container personalSizeForPageCookies height100\">\r\n            <div class=\"dispTable\">\r\n                <div class=\"tableCell\">\r\n                    <h2 class=\"mb-10\">\r\n                        <span class=\"mb-10\"><span class=\"orange\">SAMARBEJDSPARTNERE<\/span><\/span>\r\n                    <\/h2>\r\n                    <p>Vi er altid p\u00e5 udkig efter samarbejdspartnere, n\u00e5r vi skal udvikle nye l\u00f8sninger eller udvide vores forretning. P\u00e5 den m\u00e5de sikrer vi det bedst mulige grundlag for en succes &#8211; b\u00e5de for vores partnere og os selv.\u200b<\/p>\r\n                <\/div>\r\n            <\/div>\r\n            <\/div>\r\n        <\/div>\r\n    <\/div>\r\n<\/div>\r\n<div class=\"paralax\">\r\n    <div class=\"trBg\">\r\n        <div class=\"shaddowBaner ratioSave\">\r\n            <div class=\"croper\" style=\"background-image: url('\/media\/images\/trBg.png');\">\r\n             <img decoding=\"async\" src=\"\/media\/images\/trBg.png\" \/>\r\n            <\/div>\r\n        <\/div>\r\n    <\/div>\r\n<\/div>\r\n<div class=\"dgaggableHolder\">\r\n    <div class=\"richTextEditor\" style=\"background-color: #f2f2f2;\">\r\n        <div class=\"container personalSizeForPageCookies \" style=\"background-color: white;\">\r\n            <div class=\"titleWrapperIn\">\r\n            <h2 class=\"mb-10\">\r\n                 <span class=\"mb-10\">SALGSPARTNERE<\/span>\r\n            <\/h2>\r\n            <\/div>\r\n            <div class=\"contentInTwoCol\">\r\n            <p>Vi s\u00f8ger nye salgspartnere med fokus p\u00e5 salg og\/eller integration af Innovative Security Manager\u2122 til f\u00f8lgende kunder:<\/p>\r\n            <ul>\r\n                <li>Lufthavne<\/li>\r\n                <li>Kontrolcentraler\/Alarmcentraler<\/li>\r\n                <li>Komunale\u00a0overv\u00e5gningsvirksomheder<\/li>\r\n                <li>Offentlige organisationer<\/li>\r\n                <li>Industrielle kontrolcentre<\/li>\r\n                <li>Universiteter<\/li>\r\n                <li>Hospitaler<\/li>\r\n            <\/ul>\r\n            <p>&nbsp;<\/p>\r\n            <p>&nbsp;<\/p>\r\n            <p>&nbsp;<\/p>\r\n            <p>&nbsp;<\/p>\r\n            <p><strong>Kontakt os<\/strong><\/p>\r\n            <p>For at h\u00f8re mere om mulighederne for at blive salgspartner s\u00e5 kontakt venligst:<\/p>\r\n            <p>Administrerende Direkt\u00f8r<br \/>\r\n                 Peter Jansson<br \/><a href=\"mailto:peter.jansson@gemini-sense.com\">peter.jansson@gemini-sense.com<\/a>\r\n            <\/p>\r\n            <p><img decoding=\"async\" alt=\"undefined\" src=\"\/media\/1528\/partnership-604x640.jpg\" style=\"height: 261px; width: 246px;\" \/><\/p>\r\n            <\/div>\r\n        <\/div>\r\n    <\/div>\r\n    <div style=\"background-color: #f2f2f2;\" class=\"linkItemsBlock\">\r\n        <div class=\"container\">\r\n            <div class=\"personalSizeForTitle\">\r\n            <h2 class=\"mb-10\">\r\n                 <span>TEKNOLOGIPARTNERE<\/span>\r\n            <\/h2>\r\n            <p>Vi arbejder sammen med f\u00f8rende teknologileverand\u00f8rer, s\u00e5 vores kunder er sikret de nyeste og mest innovative it-l\u00f8sninger.<\/p>\r\n            <\/div>\r\n            <div id=\"clientsHolder7685\">\r\n            <div class=\"col-xs-6 col-sm-3\">\r\n                <div class=\"itemBrand\">\r\n                     <img decoding=\"async\" title=\"\" src=\"\/media\/1376\/3xc.png\" alt=\"\" \/>\r\n                <\/div>\r\n            <\/div>\r\n            <div class=\"col-xs-6 col-sm-3\">\r\n                <div class=\"itemBrand\">\r\n                     <img decoding=\"async\" title=\"\" src=\"\/media\/1377\/beronet.png\" alt=\"\" \/>\r\n                <\/div>\r\n            <\/div>\r\n            <div class=\"col-xs-6 col-sm-3\">\r\n                <div class=\"itemBrand\">\r\n                     <img decoding=\"async\" title=\"\" src=\"\/media\/1378\/garmin.png\" alt=\"\" \/>\r\n                <\/div>\r\n            <\/div>\r\n            <div class=\"col-xs-6 col-sm-3\">\r\n                <div class=\"itemBrand\">\r\n                     <img decoding=\"async\" title=\"\" src=\"\/media\/1379\/google.png\" alt=\"\" \/>\r\n                <\/div>\r\n            <\/div>\r\n            <div class=\"col-xs-6 col-sm-3\">\r\n                <div class=\"itemBrand\">\r\n                     <img decoding=\"async\" title=\"\" src=\"\/media\/1380\/microsoft.png\" alt=\"\" \/>\r\n                <\/div>\r\n            <\/div>\r\n            <div class=\"col-xs-6 col-sm-3\">\r\n                <div class=\"itemBrand\">\r\n                     <img decoding=\"async\" title=\"\" src=\"\/media\/1381\/milestone.png\" alt=\"\" \/>\r\n                <\/div>\r\n            <\/div>\r\n            <div class=\"col-xs-6 col-sm-3\">\r\n                <div class=\"itemBrand\">\r\n                     <img decoding=\"async\" title=\"\" src=\"\/media\/1383\/motorola.png\" alt=\"\" \/>\r\n                <\/div>\r\n            <\/div>\r\n            <div class=\"col-xs-6 col-sm-3\">\r\n                <div class=\"itemBrand\">\r\n                     <img decoding=\"async\" title=\"\" src=\"\/media\/1382\/moerkedal.png\" alt=\"\" \/>\r\n                <\/div>\r\n            <\/div>\r\n            <div class=\"col-xs-6 col-sm-3\">\r\n                <div class=\"itemBrand\">\r\n                     <img decoding=\"async\" title=\"\" src=\"\/media\/1384\/sydbase.png\" alt=\"\" \/>\r\n                <\/div>\r\n            <\/div>\r\n            <div class=\"col-xs-6 col-sm-3\">\r\n                <div class=\"itemBrand\">\r\n                     <img decoding=\"async\" title=\"\" src=\"\/media\/1385\/teletonika.png\" alt=\"\" \/>\r\n                <\/div>\r\n            <\/div>\r\n            <div class=\"col-xs-6 col-sm-3\">\r\n                <div class=\"itemBrand\">\r\n                     <img decoding=\"async\" title=\"\" src=\"\/media\/1680\/roger-gnss-logo.png\" alt=\"\" \/>\r\n                <\/div>\r\n            <\/div>\r\n            <div class=\"col-xs-6 col-sm-3\">\r\n                <div class=\"itemBrand\">\r\n                     <img decoding=\"async\" title=\"\" src=\"\/media\/1838\/twig.png\" alt=\"\" \/>\r\n                <\/div>\r\n            <\/div>\r\n            <\/div>\r\n        <\/div>\r\n    <\/div>\r\n    <div class=\"bigImgWithItemsIn3Col parralaxBottom\" style=\"background-color: #f2f2f2; background-image: url('\/media\/1112\/why_innovative_2600x755px.jpg'); padding-bottom: 0px; height: auto;\">\r\n        <div class=\"transparentBacgroundForWhyIno\"><\/div>\r\n        <div class=\"itemsBigImgWrap \">\r\n            <div class=\"container \">\r\n            <div class=\"row\">\r\n                <h2 class=\"h2Baner mb-10\">\r\n                     <span class=\"mb-10\"><span class=\"orange\">L\u00c6S MERE OM INNOVATIVE\u200b<\/span><\/span>\r\n                <\/h2>\r\n            <\/div>\r\n            <div class=\"row\">\r\n                <div class=\"col-sm-4\">\r\n                     [widget id=&#8221;custom_html-14&#8243;]\r\n                <\/div>\r\n                <div class=\"col-sm-4\">\r\n                     [widget id=&#8221;custom_html-6&#8243;]\r\n                <\/div>\r\n                <div class=\"col-sm-4\">\r\n                     [widget id=&#8221;custom_html-18&#8243;]\r\n                <\/div>\r\n            <\/div>\r\n            <div class=\"row\">\r\n                <div class=\"col-sm-4\">\r\n                     [widget id=&#8221;custom_html-11&#8243;]\r\n                <\/div>\r\n                <div class=\"col-sm-4\">\r\n                     [widget id=&#8221;custom_html-13&#8243;]\r\n                <\/div>\r\n                <div class=\"col-sm-4\">\r\n                     [widget id=&#8221;custom_html-16&#8243;]\r\n                <\/div>\r\n            <\/div>\r\n            <\/div>\r\n        <\/div>\r\n    <\/div>\r\n<\/div>","protected":false},"excerpt":{"rendered":"<p>SAMARBEJDSPARTNERE Vi er altid p\u00e5 udkig efter samarbejdspartnere, n\u00e5r vi skal udvikle nye l\u00f8sninger eller udvide vores forretning. P\u00e5 den m\u00e5de sikrer vi det bedst mulige grundlag for en succes &#8211; b\u00e5de for vores partnere og os selv.\u200b SALGSPARTNERE Vi s\u00f8ger nye salgspartnere med fokus p\u00e5 salg og\/eller integration af Innovative Security Manager\u2122 til f\u00f8lgende [&hellip;]<\/p>\n","protected":false},"author":30,"featured_media":0,"parent":173,"menu_order":0,"comment_status":"closed","ping_status":"closed","template":"","meta":{"footnotes":""},"class_list":["post-201","page","type-page","status-publish","hentry"],"yoast_head":"<!-- This site is optimized with the Yoast SEO plugin v27.4 - https:\/\/yoast.com\/product\/yoast-seo-wordpress\/ -->\n<title>Innovative - Partners &amp; Collaboration<\/title>\n<meta name=\"description\" content=\"Vi er altid p\u00e5 udkig efter samarbejdspartnere, n\u00e5r vi skal udvikle nye l\u00f8sninger eller udvide vores forretning. P\u00e5 den m\u00e5de sikrer vi det bedst mulige grundlag for en succes \u2013 b\u00e5de for vores partnere og os selv.\u200b\" \/>\n<meta name=\"robots\" content=\"index, follow, max-snippet:-1, max-image-preview:large, max-video-preview:-1\" \/>\n<link rel=\"canonical\" href=\"https:\/\/www.innovative.dk\/da\/why-innovative\/partners-collaboration\/\" \/>\n<meta property=\"og:locale\" content=\"da_DK\" \/>\n<meta property=\"og:type\" content=\"article\" \/>\n<meta property=\"og:title\" content=\"Innovative - Partners &amp; Collaboration\" \/>\n<meta property=\"og:description\" content=\"Vi er altid p\u00e5 udkig efter samarbejdspartnere, n\u00e5r vi skal udvikle nye l\u00f8sninger eller udvide vores forretning. P\u00e5 den m\u00e5de sikrer vi det bedst mulige grundlag for en succes \u2013 b\u00e5de for vores partnere og os selv.\u200b\" \/>\n<meta property=\"og:url\" content=\"https:\/\/www.innovative.dk\/da\/why-innovative\/partners-collaboration\/\" \/>\n<meta property=\"og:site_name\" content=\"Innovative\" \/>\n<meta property=\"article:publisher\" content=\"https:\/\/www.facebook.com\/InnovativeBusinessSoftware\/\" \/>\n<meta property=\"article:modified_time\" content=\"2023-05-24T11:00:06+00:00\" \/>\n<meta name=\"twitter:card\" content=\"summary_large_image\" \/>\n<meta name=\"twitter:site\" content=\"@Innovative_ISM\" \/>\n<meta name=\"twitter:label1\" content=\"Estimeret l\u00e6setid\" \/>\n\t<meta name=\"twitter:data1\" content=\"4 minutter\" \/>\n<script type=\"application\/ld+json\" class=\"yoast-schema-graph\">{\"@context\":\"https:\\\/\\\/schema.org\",\"@graph\":[{\"@type\":\"WebPage\",\"@id\":\"https:\\\/\\\/www.innovative.dk\\\/da\\\/why-innovative\\\/partners-collaboration\\\/\",\"url\":\"https:\\\/\\\/www.innovative.dk\\\/da\\\/why-innovative\\\/partners-collaboration\\\/\",\"name\":\"Innovative - Partners & Collaboration\",\"isPartOf\":{\"@id\":\"https:\\\/\\\/www.innovative.dk\\\/da\\\/#website\"},\"datePublished\":\"2020-09-03T13:33:56+00:00\",\"dateModified\":\"2023-05-24T11:00:06+00:00\",\"description\":\"Vi er altid p\u00e5 udkig efter samarbejdspartnere, n\u00e5r vi skal udvikle nye l\u00f8sninger eller udvide vores forretning. P\u00e5 den m\u00e5de sikrer vi det bedst mulige grundlag for en succes \u2013 b\u00e5de for vores partnere og os selv.\u200b\",\"breadcrumb\":{\"@id\":\"https:\\\/\\\/www.innovative.dk\\\/da\\\/why-innovative\\\/partners-collaboration\\\/#breadcrumb\"},\"inLanguage\":\"da-DK\",\"potentialAction\":[{\"@type\":\"ReadAction\",\"target\":[\"https:\\\/\\\/www.innovative.dk\\\/da\\\/why-innovative\\\/partners-collaboration\\\/\"]}]},{\"@type\":\"BreadcrumbList\",\"@id\":\"https:\\\/\\\/www.innovative.dk\\\/da\\\/why-innovative\\\/partners-collaboration\\\/#breadcrumb\",\"itemListElement\":[{\"@type\":\"ListItem\",\"position\":1,\"name\":\"Home\",\"item\":\"https:\\\/\\\/www.innovative.dk\\\/da\\\/home\\\/\"},{\"@type\":\"ListItem\",\"position\":2,\"name\":\"Why Innovative\",\"item\":\"https:\\\/\\\/www.innovative.dk\\\/da\\\/why-innovative\\\/\"},{\"@type\":\"ListItem\",\"position\":3,\"name\":\"Partners &#038; Collaboration\"}]},{\"@type\":\"WebSite\",\"@id\":\"https:\\\/\\\/www.innovative.dk\\\/da\\\/#website\",\"url\":\"https:\\\/\\\/www.innovative.dk\\\/da\\\/\",\"name\":\"Innovative\",\"description\":\"Integrated Task &amp; Incident Management Software\",\"publisher\":{\"@id\":\"https:\\\/\\\/www.innovative.dk\\\/da\\\/#organization\"},\"potentialAction\":[{\"@type\":\"SearchAction\",\"target\":{\"@type\":\"EntryPoint\",\"urlTemplate\":\"https:\\\/\\\/www.innovative.dk\\\/da\\\/?s={search_term_string}\"},\"query-input\":{\"@type\":\"PropertyValueSpecification\",\"valueRequired\":true,\"valueName\":\"search_term_string\"}}],\"inLanguage\":\"da-DK\"},{\"@type\":\"Organization\",\"@id\":\"https:\\\/\\\/www.innovative.dk\\\/da\\\/#organization\",\"name\":\"Innovative\",\"url\":\"https:\\\/\\\/www.innovative.dk\\\/da\\\/\",\"logo\":{\"@type\":\"ImageObject\",\"inLanguage\":\"da-DK\",\"@id\":\"https:\\\/\\\/www.innovative.dk\\\/da\\\/#\\\/schema\\\/logo\\\/image\\\/\",\"url\":\"https:\\\/\\\/www.innovative.dk\\\/wp-content\\\/uploads\\\/2020\\\/09\\\/Innovative-logo.png\",\"contentUrl\":\"https:\\\/\\\/www.innovative.dk\\\/wp-content\\\/uploads\\\/2020\\\/09\\\/Innovative-logo.png\",\"width\":650,\"height\":100,\"caption\":\"Innovative\"},\"image\":{\"@id\":\"https:\\\/\\\/www.innovative.dk\\\/da\\\/#\\\/schema\\\/logo\\\/image\\\/\"},\"sameAs\":[\"https:\\\/\\\/www.facebook.com\\\/InnovativeBusinessSoftware\\\/\",\"https:\\\/\\\/x.com\\\/Innovative_ISM\",\"https:\\\/\\\/www.linkedin.com\\\/company\\\/innovative-business-software-a-s\\\/\",\"https:\\\/\\\/www.youtube.com\\\/user\\\/InnovativeBS\"]}]}<\/script>\n<!-- \/ Yoast SEO plugin. -->","yoast_head_json":{"title":"Innovative - Partners & Collaboration","description":"Vi er altid p\u00e5 udkig efter samarbejdspartnere, n\u00e5r vi skal udvikle nye l\u00f8sninger eller udvide vores forretning. P\u00e5 den m\u00e5de sikrer vi det bedst mulige grundlag for en succes \u2013 b\u00e5de for vores partnere og os selv.\u200b","robots":{"index":"index","follow":"follow","max-snippet":"max-snippet:-1","max-image-preview":"max-image-preview:large","max-video-preview":"max-video-preview:-1"},"canonical":"https:\/\/www.innovative.dk\/da\/why-innovative\/partners-collaboration\/","og_locale":"da_DK","og_type":"article","og_title":"Innovative - Partners & Collaboration","og_description":"Vi er altid p\u00e5 udkig efter samarbejdspartnere, n\u00e5r vi skal udvikle nye l\u00f8sninger eller udvide vores forretning. P\u00e5 den m\u00e5de sikrer vi det bedst mulige grundlag for en succes \u2013 b\u00e5de for vores partnere og os selv.\u200b","og_url":"https:\/\/www.innovative.dk\/da\/why-innovative\/partners-collaboration\/","og_site_name":"Innovative","article_publisher":"https:\/\/www.facebook.com\/InnovativeBusinessSoftware\/","article_modified_time":"2023-05-24T11:00:06+00:00","twitter_card":"summary_large_image","twitter_site":"@Innovative_ISM","twitter_misc":{"Estimeret l\u00e6setid":"4 minutter"},"schema":{"@context":"https:\/\/schema.org","@graph":[{"@type":"WebPage","@id":"https:\/\/www.innovative.dk\/da\/why-innovative\/partners-collaboration\/","url":"https:\/\/www.innovative.dk\/da\/why-innovative\/partners-collaboration\/","name":"Innovative - Partners & Collaboration","isPartOf":{"@id":"https:\/\/www.innovative.dk\/da\/#website"},"datePublished":"2020-09-03T13:33:56+00:00","dateModified":"2023-05-24T11:00:06+00:00","description":"Vi er altid p\u00e5 udkig efter samarbejdspartnere, n\u00e5r vi skal udvikle nye l\u00f8sninger eller udvide vores forretning. P\u00e5 den m\u00e5de sikrer vi det bedst mulige grundlag for en succes \u2013 b\u00e5de for vores partnere og os selv.\u200b","breadcrumb":{"@id":"https:\/\/www.innovative.dk\/da\/why-innovative\/partners-collaboration\/#breadcrumb"},"inLanguage":"da-DK","potentialAction":[{"@type":"ReadAction","target":["https:\/\/www.innovative.dk\/da\/why-innovative\/partners-collaboration\/"]}]},{"@type":"BreadcrumbList","@id":"https:\/\/www.innovative.dk\/da\/why-innovative\/partners-collaboration\/#breadcrumb","itemListElement":[{"@type":"ListItem","position":1,"name":"Home","item":"https:\/\/www.innovative.dk\/da\/home\/"},{"@type":"ListItem","position":2,"name":"Why Innovative","item":"https:\/\/www.innovative.dk\/da\/why-innovative\/"},{"@type":"ListItem","position":3,"name":"Partners &#038; Collaboration"}]},{"@type":"WebSite","@id":"https:\/\/www.innovative.dk\/da\/#website","url":"https:\/\/www.innovative.dk\/da\/","name":"Innovative","description":"Integrated Task &amp; Incident Management Software","publisher":{"@id":"https:\/\/www.innovative.dk\/da\/#organization"},"potentialAction":[{"@type":"SearchAction","target":{"@type":"EntryPoint","urlTemplate":"https:\/\/www.innovative.dk\/da\/?s={search_term_string}"},"query-input":{"@type":"PropertyValueSpecification","valueRequired":true,"valueName":"search_term_string"}}],"inLanguage":"da-DK"},{"@type":"Organization","@id":"https:\/\/www.innovative.dk\/da\/#organization","name":"Innovative","url":"https:\/\/www.innovative.dk\/da\/","logo":{"@type":"ImageObject","inLanguage":"da-DK","@id":"https:\/\/www.innovative.dk\/da\/#\/schema\/logo\/image\/","url":"https:\/\/www.innovative.dk\/wp-content\/uploads\/2020\/09\/Innovative-logo.png","contentUrl":"https:\/\/www.innovative.dk\/wp-content\/uploads\/2020\/09\/Innovative-logo.png","width":650,"height":100,"caption":"Innovative"},"image":{"@id":"https:\/\/www.innovative.dk\/da\/#\/schema\/logo\/image\/"},"sameAs":["https:\/\/www.facebook.com\/InnovativeBusinessSoftware\/","https:\/\/x.com\/Innovative_ISM","https:\/\/www.linkedin.com\/company\/innovative-business-software-a-s\/","https:\/\/www.youtube.com\/user\/InnovativeBS"]}]}},"_links":{"self":[{"href":"https:\/\/www.innovative.dk\/da\/wp-json\/wp\/v2\/pages\/201","targetHints":{"allow":["GET"]}}],"collection":[{"href":"https:\/\/www.innovative.dk\/da\/wp-json\/wp\/v2\/pages"}],"about":[{"href":"https:\/\/www.innovative.dk\/da\/wp-json\/wp\/v2\/types\/page"}],"author":[{"embeddable":true,"href":"https:\/\/www.innovative.dk\/da\/wp-json\/wp\/v2\/users\/30"}],"replies":[{"embeddable":true,"href":"https:\/\/www.innovative.dk\/da\/wp-json\/wp\/v2\/comments?post=201"}],"version-history":[{"count":0,"href":"https:\/\/www.innovative.dk\/da\/wp-json\/wp\/v2\/pages\/201\/revisions"}],"up":[{"embeddable":true,"href":"https:\/\/www.innovative.dk\/da\/wp-json\/wp\/v2\/pages\/173"}],"wp:attachment":[{"href":"https:\/\/www.innovative.dk\/da\/wp-json\/wp\/v2\/media?parent=201"}],"curies":[{"name":"wp","href":"https:\/\/api.w.org\/{rel}","templated":true}]}}