{"id":198,"date":"2020-09-03T13:30:30","date_gmt":"2020-09-03T13:30:30","guid":{"rendered":"http:\/\/innovativedk.wpengine.com\/?page_id=198"},"modified":"2021-06-15T15:09:50","modified_gmt":"2021-06-15T15:09:50","slug":"selected-references","status":"publish","type":"page","link":"https:\/\/www.innovative.dk\/da\/cases\/selected-references\/","title":{"rendered":"Selected References"},"content":{"rendered":"<div class=\"parralaxTop\" style=\"background-color: #;\">\r\n<div class=\"bigImg\" id=\"bunnerHolder\">\r\n    <div class=\"backgroundImage ratioSave\">\r\n        <div class=\"croper\" style=\"background-image: url('\/media\/1123\/2-0_banner_clients_2600x537px.jpg');\">\r\n            <img decoding=\"async\" src=\"\/media\/1123\/2-0_banner_clients_2600x537px.jpg\" alt=\"\" \/>\r\n        <\/div>\r\n    <\/div>\r\n    <div class=\"textTop\">\r\n        <div class=\"container personalSizeForPageCookies height100\">\r\n            <div class=\"dispTable\">\r\n            <div class=\"tableCell\">\r\n                <h2 class=\"mb-10\">\r\n                     <span class=\"orange mb-10\">\u200bFORETRUKKET AF KUNDER<\/span>\r\n                     <span class=\"orange mb-10\">INDENFOR PRIVAT OG OFFENTLIG SIKKERHED<\/span>\r\n                     <span class=\"mb-10\">RUNDT OM I VERDENEN<\/span>\r\n                <\/h2>\r\n            <\/div>\r\n            <\/div>\r\n        <\/div>\r\n    <\/div>\r\n<\/div>\r\n<\/div>\r\n<div class=\"paralax\">\r\n<div class=\"trBg\">\r\n    <div class=\"shaddowBaner ratioSave\">\r\n        <div class=\"croper\" style=\"background-image: url('\/media\/images\/trBg.png');\">\r\n            <img decoding=\"async\" src=\"\/media\/images\/trBg.png\" \/>\r\n        <\/div>\r\n    <\/div>\r\n<\/div>\r\n<\/div>\r\n<div class=\"dgaggableHolder\">\r\n<div style=\"background-color: #;\" class=\"linkItemsBlock\">\r\n    <div class=\"container\">\r\n        <div class=\"selector\">\r\n            <select id=\"clients-select\" onchange=\"loadCl(this.value)\" class=\"custom\">\r\n            <option value=\"1\">Udvalgte referencer<\/option>\r\n            <option value=\"2\">PRIVATE KONTROLCENTRALER<\/option>\r\n            <option value=\"3\">OFFENTLIGE MYNDIGHEDER<\/option>\r\n            <option value=\"4\">ANDRE BRANCHER<\/option>\r\n            <\/select>\r\n        <\/div>\r\n        <div id=\"clients-holder\">\r\n            <div id=\"wrap-1\">\r\n            <div class=\"col-xs-6 col-sm-3\">\r\n                <div class=\"itemBrand\"><img decoding=\"async\" src=\"\/media\/1342\/det-kongelige-bibliotek.png\" alt=\"\" \/><\/div>\r\n            <\/div>\r\n            <div class=\"col-xs-6 col-sm-3\">\r\n                <div class=\"itemBrand\"><img decoding=\"async\" src=\"\/media\/1343\/djk.png\" alt=\"\" \/><\/div>\r\n            <\/div>\r\n            <div class=\"col-xs-6 col-sm-3\">\r\n                <div class=\"itemBrand\"><img decoding=\"async\" src=\"\/media\/1357\/redningsringen-logo.png\" alt=\"\" \/><\/div>\r\n            <\/div>\r\n            <div class=\"col-xs-6 col-sm-3\">\r\n                <div class=\"itemBrand\"><img decoding=\"async\" src=\"\/media\/1711\/securitas-logo.png\" alt=\"\" \/><\/div>\r\n            <\/div>\r\n            <div class=\"col-xs-6 col-sm-3\">\r\n                <div class=\"itemBrand\"><img decoding=\"async\" src=\"\/media\/1351\/matu.png\" alt=\"\" \/><\/div>\r\n            <\/div>\r\n            <div class=\"col-xs-6 col-sm-3\">\r\n                <div class=\"itemBrand\"><img decoding=\"async\" src=\"\/media\/1359\/sector-alarm.png\" alt=\"\" \/><\/div>\r\n            <\/div>\r\n            <div class=\"col-xs-6 col-sm-3\">\r\n                <div class=\"itemBrand\"><img decoding=\"async\" src=\"\/media\/1363\/sikkerhetsgruppen.png\" alt=\"\" \/><\/div>\r\n            <\/div>\r\n            <div class=\"col-xs-6 col-sm-3\">\r\n                <div class=\"itemBrand\"><img decoding=\"async\" src=\"\/media\/1352\/nokas.png\" alt=\"\" \/><\/div>\r\n            <\/div>\r\n            <div class=\"col-xs-6 col-sm-3\">\r\n                <div class=\"itemBrand\"><img decoding=\"async\" src=\"\/media\/1360\/securi.png\" alt=\"\" \/><\/div>\r\n            <\/div>\r\n            <div class=\"col-xs-6 col-sm-3\">\r\n                <div class=\"itemBrand\"><img decoding=\"async\" src=\"\/media\/1340\/coor.png\" alt=\"\" \/><\/div>\r\n            <\/div>\r\n            <div class=\"col-xs-6 col-sm-3\">\r\n                <div class=\"itemBrand\"><img decoding=\"async\" src=\"\/media\/1354\/palmia.png\" alt=\"\" \/><\/div>\r\n            <\/div>\r\n            <div class=\"col-xs-6 col-sm-3\">\r\n                <div class=\"itemBrand\"><img decoding=\"async\" src=\"\/media\/1366\/storaenso.png\" alt=\"\" \/><\/div>\r\n            <\/div>\r\n            <div class=\"col-xs-6 col-sm-3\">\r\n                <div class=\"itemBrand\"><img decoding=\"async\" src=\"\/media\/1365\/sonera.png\" alt=\"\" \/><\/div>\r\n            <\/div>\r\n            <div class=\"col-xs-6 col-sm-3\">\r\n                <div class=\"itemBrand\"><img decoding=\"async\" src=\"\/media\/1368\/total.png\" alt=\"\" \/><\/div>\r\n            <\/div>\r\n            <div class=\"col-xs-6 col-sm-3\">\r\n                <div class=\"itemBrand\"><img decoding=\"async\" src=\"\/media\/1356\/pvk.png\" alt=\"\" \/><\/div>\r\n            <\/div>\r\n            <div class=\"col-xs-6 col-sm-3\">\r\n                <div class=\"itemBrand\"><img decoding=\"async\" src=\"\/media\/1355\/politi.png\" alt=\"\" \/><\/div>\r\n            <\/div>\r\n            <div class=\"col-xs-6 col-sm-3\">\r\n                <div class=\"itemBrand\"><img decoding=\"async\" src=\"\/media\/1346\/forsvaret.png\" alt=\"\" \/><\/div>\r\n            <\/div>\r\n            <div class=\"col-xs-6 col-sm-3\">\r\n                <div class=\"itemBrand\"><img decoding=\"async\" src=\"\/media\/1350\/malmo-stad.png\" alt=\"\" \/><\/div>\r\n            <\/div>\r\n            <div class=\"col-xs-6 col-sm-3\">\r\n                <div class=\"itemBrand\"><img decoding=\"async\" src=\"\/media\/1367\/storebaelt.png\" alt=\"\" \/><\/div>\r\n            <\/div>\r\n            <div class=\"col-xs-6 col-sm-3\">\r\n                <div class=\"itemBrand\"><img decoding=\"async\" src=\"\/media\/1337\/aalborg-hospital.png\" alt=\"\" \/><\/div>\r\n            <\/div>\r\n            <div class=\"col-xs-6 col-sm-3\">\r\n                <div class=\"itemBrand\"><img decoding=\"async\" src=\"\/media\/1358\/region-syddanmark.png\" alt=\"\" \/><\/div>\r\n            <\/div>\r\n            <div class=\"col-xs-6 col-sm-3\">\r\n                <div class=\"itemBrand\"><img decoding=\"async\" src=\"\/media\/1362\/shell.png\" alt=\"\" \/><\/div>\r\n            <\/div>\r\n            <div class=\"col-xs-6 col-sm-3\">\r\n                <div class=\"itemBrand\"><img decoding=\"async\" src=\"\/media\/1338\/as-solution.png\" alt=\"\" \/><\/div>\r\n            <\/div>\r\n            <div class=\"col-xs-6 col-sm-3\">\r\n                <div class=\"itemBrand\"><img decoding=\"async\" src=\"\/media\/1341\/cph-airport.png\" alt=\"\" \/><\/div>\r\n            <\/div>\r\n            <div class=\"col-xs-6 col-sm-3\">\r\n                <div class=\"itemBrand\"><img decoding=\"async\" src=\"\/media\/1718\/banedanmark_120x84.png\" alt=\"\" \/><\/div>\r\n            <\/div>\r\n            <div class=\"col-xs-6 col-sm-3\">\r\n                <div class=\"itemBrand\"><img decoding=\"async\" src=\"\/media\/1353\/novo-nordisk.png\" alt=\"\" \/><\/div>\r\n            <\/div>\r\n            <div class=\"col-xs-6 col-sm-3\">\r\n                <div class=\"itemBrand\"><img decoding=\"async\" src=\"\/media\/1364\/sikom-danmark.png\" alt=\"\" \/><\/div>\r\n            <\/div>\r\n            <\/div>\r\n            <div id=\"wrap-2\">\r\n            <div class=\"col-xs-6 col-sm-3\">\r\n                <div class=\"itemBrand\"><img decoding=\"async\" src=\"\/media\/1342\/det-kongelige-bibliotek.png\" alt=\"\" \/><\/div>\r\n            <\/div>\r\n            <div class=\"col-xs-6 col-sm-3\">\r\n                <div class=\"itemBrand\"><img decoding=\"async\" src=\"\/media\/1343\/djk.png\" alt=\"\" \/><\/div>\r\n            <\/div>\r\n            <div class=\"col-xs-6 col-sm-3\">\r\n                <div class=\"itemBrand\"><img decoding=\"async\" src=\"\/media\/1357\/redningsringen-logo.png\" alt=\"\" \/><\/div>\r\n            <\/div>\r\n            <div class=\"col-xs-6 col-sm-3\">\r\n                <div class=\"itemBrand\"><img decoding=\"async\" src=\"\/media\/1711\/securitas-logo.png\" alt=\"\" \/><\/div>\r\n            <\/div>\r\n            <div class=\"col-xs-6 col-sm-3\">\r\n                <div class=\"itemBrand\"><img decoding=\"async\" src=\"\/media\/1351\/matu.png\" alt=\"\" \/><\/div>\r\n            <\/div>\r\n            <div class=\"col-xs-6 col-sm-3\">\r\n                <div class=\"itemBrand\"><img decoding=\"async\" src=\"\/media\/1359\/sector-alarm.png\" alt=\"\" \/><\/div>\r\n            <\/div>\r\n            <div class=\"col-xs-6 col-sm-3\">\r\n                <div class=\"itemBrand\"><img decoding=\"async\" src=\"\/media\/1363\/sikkerhetsgruppen.png\" alt=\"\" \/><\/div>\r\n            <\/div>\r\n            <div class=\"col-xs-6 col-sm-3\">\r\n                <div class=\"itemBrand\"><img decoding=\"async\" src=\"\/media\/1352\/nokas.png\" alt=\"\" \/><\/div>\r\n            <\/div>\r\n            <div class=\"col-xs-6 col-sm-3\">\r\n                <div class=\"itemBrand\"><img decoding=\"async\" src=\"\/media\/1360\/securi.png\" alt=\"\" \/><\/div>\r\n            <\/div>\r\n            <div class=\"col-xs-6 col-sm-3\">\r\n                <div class=\"itemBrand\"><img decoding=\"async\" src=\"\/media\/1340\/coor.png\" alt=\"\" \/><\/div>\r\n            <\/div>\r\n            <div class=\"col-xs-6 col-sm-3\">\r\n                <div class=\"itemBrand\"><img decoding=\"async\" src=\"\/media\/1354\/palmia.png\" alt=\"\" \/><\/div>\r\n            <\/div>\r\n            <div class=\"col-xs-6 col-sm-3\">\r\n                <div class=\"itemBrand\"><img decoding=\"async\" src=\"\/media\/1366\/storaenso.png\" alt=\"\" \/><\/div>\r\n            <\/div>\r\n            <div class=\"col-xs-6 col-sm-3\">\r\n                <div class=\"itemBrand\"><img decoding=\"async\" src=\"\/media\/1365\/sonera.png\" alt=\"\" \/><\/div>\r\n            <\/div>\r\n            <div class=\"col-xs-6 col-sm-3\">\r\n                <div class=\"itemBrand\"><img decoding=\"async\" src=\"\/media\/1368\/total.png\" alt=\"\" \/><\/div>\r\n            <\/div>\r\n            <div class=\"col-xs-6 col-sm-3\">\r\n                <div class=\"itemBrand\"><img decoding=\"async\" src=\"\/media\/1356\/pvk.png\" alt=\"\" \/><\/div>\r\n            <\/div>\r\n            <\/div>\r\n            <div id=\"wrap-3\">\r\n            <div class=\"col-xs-6 col-sm-3\">\r\n                <div class=\"itemBrand\"><img decoding=\"async\" src=\"\/media\/1355\/politi.png\" alt=\"\" \/><\/div>\r\n            <\/div>\r\n            <div class=\"col-xs-6 col-sm-3\">\r\n                <div class=\"itemBrand\"><img decoding=\"async\" src=\"\/media\/1346\/forsvaret.png\" alt=\"\" \/><\/div>\r\n            <\/div>\r\n            <div class=\"col-xs-6 col-sm-3\">\r\n                <div class=\"itemBrand\"><img decoding=\"async\" src=\"\/media\/1350\/malmo-stad.png\" alt=\"\" \/><\/div>\r\n            <\/div>\r\n            <\/div>\r\n            <div id=\"wrap-4\">\r\n            <div class=\"col-xs-6 col-sm-3\">\r\n                <div class=\"itemBrand\"><img decoding=\"async\" src=\"\/media\/1367\/storebaelt.png\" alt=\"\" \/><\/div>\r\n            <\/div>\r\n            <div class=\"col-xs-6 col-sm-3\">\r\n                <div class=\"itemBrand\"><img decoding=\"async\" src=\"\/media\/1337\/aalborg-hospital.png\" alt=\"\" \/><\/div>\r\n            <\/div>\r\n            <div class=\"col-xs-6 col-sm-3\">\r\n                <div class=\"itemBrand\"><img decoding=\"async\" src=\"\/media\/1358\/region-syddanmark.png\" alt=\"\" \/><\/div>\r\n            <\/div>\r\n            <div class=\"col-xs-6 col-sm-3\">\r\n                <div class=\"itemBrand\"><img decoding=\"async\" src=\"\/media\/1362\/shell.png\" alt=\"\" \/><\/div>\r\n            <\/div>\r\n            <div class=\"col-xs-6 col-sm-3\">\r\n                <div class=\"itemBrand\"><img decoding=\"async\" src=\"\/media\/1338\/as-solution.png\" alt=\"\" \/><\/div>\r\n            <\/div>\r\n            <div class=\"col-xs-6 col-sm-3\">\r\n                <div class=\"itemBrand\"><img decoding=\"async\" src=\"\/media\/1341\/cph-airport.png\" alt=\"\" \/><\/div>\r\n            <\/div>\r\n            <div class=\"col-xs-6 col-sm-3\">\r\n                <div class=\"itemBrand\"><img decoding=\"async\" src=\"\/media\/1718\/banedanmark_120x84.png\" alt=\"\" \/><\/div>\r\n            <\/div>\r\n            <div class=\"col-xs-6 col-sm-3\">\r\n                <div class=\"itemBrand\"><img decoding=\"async\" src=\"\/media\/1353\/novo-nordisk.png\" alt=\"\" \/><\/div>\r\n            <\/div>\r\n            <div class=\"col-xs-6 col-sm-3\">\r\n                <div class=\"itemBrand\"><img decoding=\"async\" src=\"\/media\/1364\/sikom-danmark.png\" alt=\"\" \/><\/div>\r\n            <\/div>\r\n            <\/div>\r\n        <\/div>\r\n    <\/div>\r\n<\/div>\r\n<div style=\"background-color: #;\" class=\"itemsInOneColumns\">\r\n    <div class=\"container\">\r\n        <div class=\"textAlignCenter\">\r\n            <h2 class=\"h2Baner mb-10\">\r\n             <span class=\"mb-10\">S\u00c5DAN F\u00c5R VORES KUNDER STYR P\u00c5 SIKKERHEDEN MED<br \/>\r\n             <span class=\"orange\">INNOVATIVE SECURITY MANAGER\u2122<\/span>\r\n             <\/span>\r\n            <\/h2>\r\n        <\/div>\r\n        <div class=\"\">\r\n            <div class=\"onePosition\">\r\n            <div class=\"col-sm-6 noPadd oterHeightParrent1 animateme\" data-when=\"enter\" data-from=\"0.6\" data-to=\"0\" data-opacity=\"0\" data-translatex=\"-400\">\r\n                <div class=\"image ratioSave\">\r\n                    <div class=\"darkLayer\"><\/div>\r\n                    <div class=\"croper\" style=\"background-image: url('\/media\/1228\/case_teaser_700x487px_airport.jpg');\">\r\n                        <img decoding=\"async\" src=\"\/media\/1228\/case_teaser_700x487px_airport.jpg\" alt=\"\" \/>\r\n                    <\/div>\r\n                <\/div>\r\n            <\/div>\r\n            <div class=\"col-sm-6\">\r\n                <div class=\"NewsTextWrapper\">\r\n                    <h3 class=\"title\">K\u00f8benhavns Lufthavn (CPH) administrerer deres sikkerhedsprocedurer med Innovative Security Manager\u2122<\/h3>\r\n                    <div class=\"text\">K\u00f8benhavns Lufthavns kontrolcentral Security Operations Center (SOC), styrer alle lufthavnens sikkerhedsproceduerer med ISM &#8211; en modul\u00e6r og alsidig platform med operationelt overblik i realtid, h\u00e5ndtering af h\u00e6ndelser og ressourcer gennem en automatiseret opgavefunktion.<\/div>\r\n                     <a href=\"\/da\/cases\/airport-case\/\">L\u00e6s mere<\/a>\r\n                <\/div>\r\n            <\/div>\r\n            <\/div>\r\n        <\/div>\r\n        <div class=\"\">\r\n            <div class=\"onePosition\">\r\n            <div class=\"col-sm-6 noPadd oterHeightParrent1 animateme\" data-when=\"enter\" data-from=\"0.6\" data-to=\"0\" data-opacity=\"0\" data-translatex=\"-400\">\r\n                <div class=\"image ratioSave\">\r\n                    <div class=\"darkLayer\"><\/div>\r\n                    <div class=\"croper\" style=\"background-image: url('\/media\/1235\/case_teaser_700x487px_police.jpg');\">\r\n                        <img decoding=\"async\" src=\"\/media\/1235\/case_teaser_700x487px_police.jpg\" alt=\"\" \/>\r\n                    <\/div>\r\n                <\/div>\r\n            <\/div>\r\n            <div class=\"col-sm-6\">\r\n                <div class=\"NewsTextWrapper\">\r\n                    <h3 class=\"title\">Politiet beror p\u00e5 Innovative Security Manager\u2122 inden for modtagelse og behandling af 112-alarmer<\/h3>\r\n                    <div class=\"text\">Politiet modtager og h\u00e5ndterer alle alarmer gennem Innovative Security Manager\u2122 i alle deres kontrolcentre i hele landet.<\/div>\r\n                     <a href=\"\/da\/cases\/police-case\/\">L\u00e6s mere<\/a>\r\n                <\/div>\r\n            <\/div>\r\n            <\/div>\r\n        <\/div>\r\n        <div class=\"\">\r\n            <div class=\"onePosition\">\r\n            <div class=\"col-sm-6 noPadd oterHeightParrent1 animateme\" data-when=\"enter\" data-from=\"0.6\" data-to=\"0\" data-opacity=\"0\" data-translatex=\"-400\">\r\n                <div class=\"image ratioSave\">\r\n                    <div class=\"darkLayer\"><\/div>\r\n                    <div class=\"croper\" style=\"background-image: url('\/media\/1312\/fire-brigades.jpg');\">\r\n                        <img decoding=\"async\" src=\"\/media\/1312\/fire-brigades.jpg\" alt=\"\" \/>\r\n                    <\/div>\r\n                <\/div>\r\n            <\/div>\r\n            <div class=\"col-sm-6\">\r\n                <div class=\"NewsTextWrapper\">\r\n                    <h3 class=\"title\">ALSIDIG SKKERHEDSH\u00c5NDTERINGSSOFTWARE SIKRER HURTIG BRANDBEK\u00c6MPELSE I JYLLAND<\/h3>\r\n                    <div class=\"text\">\u00d8stjyllands Brandv\u00e6sen (oprindeligt Aarhus Brandv\u00e6sen) stod med en aldrende l\u00f8sning, der ikke l\u00e6ngere kunne opdateres.<\/div>\r\n                     <a href=\"\/da\/cases\/fire-department-case\/\">L\u00e6s mere<\/a>\r\n                <\/div>\r\n            <\/div>\r\n            <\/div>\r\n        <\/div>\r\n        <div class=\"textAlignCenter\">\r\n            <div class=\"generalButton\">\r\n             <a href=\"\/da\/cases\/\">Se alle cases<\/a>\r\n            <\/div>\r\n        <\/div>\r\n    <\/div>\r\n<\/div>\r\n<\/div>","protected":false},"excerpt":{"rendered":"<p>\u200bFORETRUKKET AF KUNDER INDENFOR PRIVAT OG OFFENTLIG SIKKERHED RUNDT OM I VERDENEN Udvalgte referencer PRIVATE KONTROLCENTRALER OFFENTLIGE MYNDIGHEDER ANDRE BRANCHER S\u00c5DAN F\u00c5R VORES KUNDER STYR P\u00c5 SIKKERHEDEN MED INNOVATIVE SECURITY MANAGER\u2122 K\u00f8benhavns Lufthavn (CPH) administrerer deres sikkerhedsprocedurer med Innovative Security Manager\u2122 K\u00f8benhavns Lufthavns kontrolcentral Security Operations Center (SOC), styrer alle lufthavnens sikkerhedsproceduerer med ISM &#8211; [&hellip;]<\/p>\n","protected":false},"author":30,"featured_media":0,"parent":188,"menu_order":0,"comment_status":"closed","ping_status":"closed","template":"","meta":{"footnotes":""},"class_list":["post-198","page","type-page","status-publish","hentry"],"yoast_head":"<!-- This site is optimized with the Yoast SEO plugin v27.3 - https:\/\/yoast.com\/product\/yoast-seo-wordpress\/ -->\n<title>Innovative - Selected References<\/title>\n<meta name=\"description\" content=\"S\u00e5dan f\u00e5r vores kunder styr p\u00e5 sikkerheden med, INNOVATIVE SECURITY MANAGER\u2122\" \/>\n<meta name=\"robots\" content=\"index, follow, max-snippet:-1, max-image-preview:large, max-video-preview:-1\" \/>\n<link rel=\"canonical\" href=\"https:\/\/www.innovative.dk\/da\/cases\/selected-references\/\" \/>\n<meta property=\"og:locale\" content=\"da_DK\" \/>\n<meta property=\"og:type\" content=\"article\" \/>\n<meta property=\"og:title\" content=\"Innovative - Selected References\" \/>\n<meta property=\"og:description\" content=\"S\u00e5dan f\u00e5r vores kunder styr p\u00e5 sikkerheden med, INNOVATIVE SECURITY MANAGER\u2122\" \/>\n<meta property=\"og:url\" content=\"https:\/\/www.innovative.dk\/da\/cases\/selected-references\/\" \/>\n<meta property=\"og:site_name\" content=\"Innovative\" \/>\n<meta property=\"article:publisher\" content=\"https:\/\/www.facebook.com\/InnovativeBusinessSoftware\/\" \/>\n<meta property=\"article:modified_time\" content=\"2021-06-15T15:09:50+00:00\" \/>\n<meta property=\"og:image\" content=\"https:\/\/www.innovative.dk\/media\/1123\/2-0_banner_clients_2600x537px.jpg\" \/>\n<meta name=\"twitter:card\" content=\"summary_large_image\" \/>\n<meta name=\"twitter:site\" content=\"@Innovative_ISM\" \/>\n<meta name=\"twitter:label1\" content=\"Estimeret l\u00e6setid\" \/>\n\t<meta name=\"twitter:data1\" content=\"1 minut\" \/>\n<script type=\"application\/ld+json\" class=\"yoast-schema-graph\">{\"@context\":\"https:\\\/\\\/schema.org\",\"@graph\":[{\"@type\":\"WebPage\",\"@id\":\"https:\\\/\\\/www.innovative.dk\\\/da\\\/cases\\\/selected-references\\\/\",\"url\":\"https:\\\/\\\/www.innovative.dk\\\/da\\\/cases\\\/selected-references\\\/\",\"name\":\"Innovative - Selected References\",\"isPartOf\":{\"@id\":\"https:\\\/\\\/www.innovative.dk\\\/da\\\/#website\"},\"datePublished\":\"2020-09-03T13:30:30+00:00\",\"dateModified\":\"2021-06-15T15:09:50+00:00\",\"description\":\"S\u00e5dan f\u00e5r vores kunder styr p\u00e5 sikkerheden med, INNOVATIVE SECURITY MANAGER\u2122\",\"breadcrumb\":{\"@id\":\"https:\\\/\\\/www.innovative.dk\\\/da\\\/cases\\\/selected-references\\\/#breadcrumb\"},\"inLanguage\":\"da-DK\",\"potentialAction\":[{\"@type\":\"ReadAction\",\"target\":[\"https:\\\/\\\/www.innovative.dk\\\/da\\\/cases\\\/selected-references\\\/\"]}]},{\"@type\":\"BreadcrumbList\",\"@id\":\"https:\\\/\\\/www.innovative.dk\\\/da\\\/cases\\\/selected-references\\\/#breadcrumb\",\"itemListElement\":[{\"@type\":\"ListItem\",\"position\":1,\"name\":\"Home\",\"item\":\"https:\\\/\\\/www.innovative.dk\\\/da\\\/home\\\/\"},{\"@type\":\"ListItem\",\"position\":2,\"name\":\"Kunder &#038; cases\",\"item\":\"https:\\\/\\\/www.innovative.dk\\\/da\\\/cases\\\/\"},{\"@type\":\"ListItem\",\"position\":3,\"name\":\"Selected References\"}]},{\"@type\":\"WebSite\",\"@id\":\"https:\\\/\\\/www.innovative.dk\\\/da\\\/#website\",\"url\":\"https:\\\/\\\/www.innovative.dk\\\/da\\\/\",\"name\":\"Innovative\",\"description\":\"Integrated Task &amp; Incident Management Software\",\"publisher\":{\"@id\":\"https:\\\/\\\/www.innovative.dk\\\/da\\\/#organization\"},\"potentialAction\":[{\"@type\":\"SearchAction\",\"target\":{\"@type\":\"EntryPoint\",\"urlTemplate\":\"https:\\\/\\\/www.innovative.dk\\\/da\\\/?s={search_term_string}\"},\"query-input\":{\"@type\":\"PropertyValueSpecification\",\"valueRequired\":true,\"valueName\":\"search_term_string\"}}],\"inLanguage\":\"da-DK\"},{\"@type\":\"Organization\",\"@id\":\"https:\\\/\\\/www.innovative.dk\\\/da\\\/#organization\",\"name\":\"Innovative\",\"url\":\"https:\\\/\\\/www.innovative.dk\\\/da\\\/\",\"logo\":{\"@type\":\"ImageObject\",\"inLanguage\":\"da-DK\",\"@id\":\"https:\\\/\\\/www.innovative.dk\\\/da\\\/#\\\/schema\\\/logo\\\/image\\\/\",\"url\":\"https:\\\/\\\/www.innovative.dk\\\/wp-content\\\/uploads\\\/2020\\\/09\\\/Innovative-logo.png\",\"contentUrl\":\"https:\\\/\\\/www.innovative.dk\\\/wp-content\\\/uploads\\\/2020\\\/09\\\/Innovative-logo.png\",\"width\":650,\"height\":100,\"caption\":\"Innovative\"},\"image\":{\"@id\":\"https:\\\/\\\/www.innovative.dk\\\/da\\\/#\\\/schema\\\/logo\\\/image\\\/\"},\"sameAs\":[\"https:\\\/\\\/www.facebook.com\\\/InnovativeBusinessSoftware\\\/\",\"https:\\\/\\\/x.com\\\/Innovative_ISM\",\"https:\\\/\\\/www.linkedin.com\\\/company\\\/innovative-business-software-a-s\\\/\",\"https:\\\/\\\/www.youtube.com\\\/user\\\/InnovativeBS\"]}]}<\/script>\n<!-- \/ Yoast SEO plugin. -->","yoast_head_json":{"title":"Innovative - Selected References","description":"S\u00e5dan f\u00e5r vores kunder styr p\u00e5 sikkerheden med, INNOVATIVE SECURITY MANAGER\u2122","robots":{"index":"index","follow":"follow","max-snippet":"max-snippet:-1","max-image-preview":"max-image-preview:large","max-video-preview":"max-video-preview:-1"},"canonical":"https:\/\/www.innovative.dk\/da\/cases\/selected-references\/","og_locale":"da_DK","og_type":"article","og_title":"Innovative - Selected References","og_description":"S\u00e5dan f\u00e5r vores kunder styr p\u00e5 sikkerheden med, INNOVATIVE SECURITY MANAGER\u2122","og_url":"https:\/\/www.innovative.dk\/da\/cases\/selected-references\/","og_site_name":"Innovative","article_publisher":"https:\/\/www.facebook.com\/InnovativeBusinessSoftware\/","article_modified_time":"2021-06-15T15:09:50+00:00","og_image":[{"url":"https:\/\/www.innovative.dk\/media\/1123\/2-0_banner_clients_2600x537px.jpg","type":"","width":"","height":""}],"twitter_card":"summary_large_image","twitter_site":"@Innovative_ISM","twitter_misc":{"Estimeret l\u00e6setid":"1 minut"},"schema":{"@context":"https:\/\/schema.org","@graph":[{"@type":"WebPage","@id":"https:\/\/www.innovative.dk\/da\/cases\/selected-references\/","url":"https:\/\/www.innovative.dk\/da\/cases\/selected-references\/","name":"Innovative - Selected References","isPartOf":{"@id":"https:\/\/www.innovative.dk\/da\/#website"},"datePublished":"2020-09-03T13:30:30+00:00","dateModified":"2021-06-15T15:09:50+00:00","description":"S\u00e5dan f\u00e5r vores kunder styr p\u00e5 sikkerheden med, INNOVATIVE SECURITY MANAGER\u2122","breadcrumb":{"@id":"https:\/\/www.innovative.dk\/da\/cases\/selected-references\/#breadcrumb"},"inLanguage":"da-DK","potentialAction":[{"@type":"ReadAction","target":["https:\/\/www.innovative.dk\/da\/cases\/selected-references\/"]}]},{"@type":"BreadcrumbList","@id":"https:\/\/www.innovative.dk\/da\/cases\/selected-references\/#breadcrumb","itemListElement":[{"@type":"ListItem","position":1,"name":"Home","item":"https:\/\/www.innovative.dk\/da\/home\/"},{"@type":"ListItem","position":2,"name":"Kunder &#038; cases","item":"https:\/\/www.innovative.dk\/da\/cases\/"},{"@type":"ListItem","position":3,"name":"Selected References"}]},{"@type":"WebSite","@id":"https:\/\/www.innovative.dk\/da\/#website","url":"https:\/\/www.innovative.dk\/da\/","name":"Innovative","description":"Integrated Task &amp; Incident Management Software","publisher":{"@id":"https:\/\/www.innovative.dk\/da\/#organization"},"potentialAction":[{"@type":"SearchAction","target":{"@type":"EntryPoint","urlTemplate":"https:\/\/www.innovative.dk\/da\/?s={search_term_string}"},"query-input":{"@type":"PropertyValueSpecification","valueRequired":true,"valueName":"search_term_string"}}],"inLanguage":"da-DK"},{"@type":"Organization","@id":"https:\/\/www.innovative.dk\/da\/#organization","name":"Innovative","url":"https:\/\/www.innovative.dk\/da\/","logo":{"@type":"ImageObject","inLanguage":"da-DK","@id":"https:\/\/www.innovative.dk\/da\/#\/schema\/logo\/image\/","url":"https:\/\/www.innovative.dk\/wp-content\/uploads\/2020\/09\/Innovative-logo.png","contentUrl":"https:\/\/www.innovative.dk\/wp-content\/uploads\/2020\/09\/Innovative-logo.png","width":650,"height":100,"caption":"Innovative"},"image":{"@id":"https:\/\/www.innovative.dk\/da\/#\/schema\/logo\/image\/"},"sameAs":["https:\/\/www.facebook.com\/InnovativeBusinessSoftware\/","https:\/\/x.com\/Innovative_ISM","https:\/\/www.linkedin.com\/company\/innovative-business-software-a-s\/","https:\/\/www.youtube.com\/user\/InnovativeBS"]}]}},"_links":{"self":[{"href":"https:\/\/www.innovative.dk\/da\/wp-json\/wp\/v2\/pages\/198","targetHints":{"allow":["GET"]}}],"collection":[{"href":"https:\/\/www.innovative.dk\/da\/wp-json\/wp\/v2\/pages"}],"about":[{"href":"https:\/\/www.innovative.dk\/da\/wp-json\/wp\/v2\/types\/page"}],"author":[{"embeddable":true,"href":"https:\/\/www.innovative.dk\/da\/wp-json\/wp\/v2\/users\/30"}],"replies":[{"embeddable":true,"href":"https:\/\/www.innovative.dk\/da\/wp-json\/wp\/v2\/comments?post=198"}],"version-history":[{"count":0,"href":"https:\/\/www.innovative.dk\/da\/wp-json\/wp\/v2\/pages\/198\/revisions"}],"up":[{"embeddable":true,"href":"https:\/\/www.innovative.dk\/da\/wp-json\/wp\/v2\/pages\/188"}],"wp:attachment":[{"href":"https:\/\/www.innovative.dk\/da\/wp-json\/wp\/v2\/media?parent=198"}],"curies":[{"name":"wp","href":"https:\/\/api.w.org\/{rel}","templated":true}]}}