{"id":197,"date":"2020-09-03T13:28:37","date_gmt":"2020-09-03T13:28:37","guid":{"rendered":"http:\/\/innovativedk.wpengine.com\/?page_id=197"},"modified":"2023-05-16T16:38:25","modified_gmt":"2023-05-16T16:38:25","slug":"police-case","status":"publish","type":"page","link":"https:\/\/www.innovative.dk\/da\/cases\/police-case\/","title":{"rendered":"Police Case"},"content":{"rendered":"<div class=\"dgaggableHolder\">\r\n    <div class=\"TopBigImg\">\r\n        <div class=\"backgroundImage ratioSave\">\r\n            <div class=\"croper\" style=\"background-image: url('\/media\/1130\/2-7_case-header_2600x590px.jpg');\">\r\n             <img decoding=\"async\" src=\"\/media\/1130\/2-7_case-header_2600x590px.jpg\" alt=\"\" \/>\r\n            <\/div>\r\n        <\/div>\r\n    <\/div>\r\n    <div class=\"richTextEditor\" style=\"background-color: #f4f4f4;\">\r\n        <div class=\"container personalSizeForPageCookies containerOnImage\" style=\"background-color: white;\">\r\n            <div class=\"titleWrapperIn\">\r\n            <h2 class=\"mb-10\">\r\n                 <span class=\"mb-10\" style=\"text-align: center;\">RIGSPOLITIET BRUGER<br \/>\r\n                     <span class=\"orange\">INNOVATIVE SECURITY MANAGER\u2122<\/span> \u200b<br \/>\r\n                     TIL CENTRAL ALARMMODTAGELSE\r\n                 <\/span>\r\n            <\/h2>\r\n            <p>Rigspolitiet i Danmark anvender Innovative Security Manager<span style=\"text-align: center;\">\u2122\u00a0<\/span>til central alarmmodtagelse og -behandling p\u00e5 alle landets vagtcentraler. Ligeledes anvender man i samme l\u00f8sning Innovatives Fleet Management l\u00f8sning til at have en oversigt over mobile ressourcer og kunne sende alarmer til disse enheder. Og ikke mindst f\u00e5 lavet den n\u00f8dvendighe dokumentation.<\/p>\r\n            <\/div>\r\n            <div class=\"contentInTwoCol\">\r\n            <p style=\"text-align: justify;\"><strong>Udfordringen<\/strong><br \/>\r\n                 I forbindelse med en omorganisering af Rigspolitet var udfordringerne, som Rigspolitiet l\u00f8ste med anskaffelsen af Innovative Security Manager\u2122, bl.a.\r\n            <\/p>\r\n            <ul>\r\n                <li>at sikre en ensartet og dokumenteret modtagelse og behandling af 112-alarmer, overfaldsalarmer fra arresthuse og alarmer fra egen bygningsmasse<\/li>\r\n                <li>at sikre en korrekt og objektiv automatisk repsonstidsm\u00e5ling<\/li>\r\n                <li>at sikre en korrekt registrering af politiets tilstedev\u00e6relse i forskellige del af landet<\/li>\r\n                <li>at sikre verifikation af tyverialarmer p\u00e5 ikke d\u00f8gnbemandede stationer<\/li>\r\n                <li>at sikre sporingsinformation for mobile enheder<\/li>\r\n            <\/ul>\r\n            <p style=\"text-align: justify;\"><strong>L\u00f8sningen<\/strong><br \/>\r\n                 Innovative har siden den f\u00f8rste installation af interVIEW (nu Innovative Security Manager\u2122) p\u00e5 Rigspolitiets vagtcentraler i 2004 v\u00e6ret en helt central og afg\u00f8rende komponent i politiets h\u00e5ndtering af \u00a0112-alarmer, overfaldsalarmer fra arresthuse og tyverialarmer fra egne ubemandede bygninger.<br \/>\r\n                 <br \/>\r\n                 Efterh\u00e5nden som behovene er opst\u00e5et, har man udbygget l\u00f8sningen med tilk\u00f8b af yderligere moduler.\r\n            <\/p>\r\n            <p><strong>Innovative Security Manager<\/strong><span class=\"st\">\u2122<\/span><strong> funktioner<\/strong><\/p>\r\n            <ul>\r\n                <li>Alarmmodtagelse og -behandling<\/li>\r\n                <li>Disponeringsmodul (&#8220;Dispatch&#8221;)<\/li>\r\n                <li>Fl\u00e5demodul<\/li>\r\n                <li>Videomodul (UVP)<\/li>\r\n                <li>interGATE (V3) i mobile enheder<\/li>\r\n                <li>integration til Motorola ICCS<\/li>\r\n            <\/ul>\r\n            <p style=\"text-align: justify;\"><strong>Resultater<\/strong><br \/>\r\n                 Innovative Security Manager\u2122 sikrede automatisk og objektiv m\u00e5ling af responstid og dermed en m\u00e6rkbar forbedring af responstiden i alle kredse. Endvidere blev det muligt for politiet at f\u00e5 opsamlet data, som bl.a. er blevet brugt til at dokumentere politiets responstidsm\u00e5ling p\u00e5 udvalgte alarmtyper og belastningen i de enkelte politikredses geografisk og over d\u00f8gnets timer.<br \/>\r\n                 <br \/>\r\n                 L\u00f8sningen sikrer ogs\u00e5 data fra sporing af de mobile enheder, som anvendes til efterforskningen, hvis politiets k\u00f8ret\u00f8jer er involveret i trafikuheld for eksempel i forbindelse med efters\u00e6ttelser.\r\n            <\/p>\r\n            <\/div>\r\n        <\/div>\r\n    <\/div>\r\n    <div class=\"personInCircle\" style=\"background-color: #f4f4f4;\">\r\n        <div class=\"container personalSizeForPageCookies bgWhite indPadding \">\r\n            <div class=\"row\">\r\n            <div class=\"col-sm-3\">\r\n                <div class=\"personBlockRoundImage\"><\/div>\r\n            <\/div>\r\n            <div class=\"col-md-6 col-sm-7 \">\r\n                <div class=\"personsBlock\">\r\n                    <div class=\"title\">FOR MERE INFORMATION<\/div>\r\n                    <p class=\"text\">Venligst kontakt Sales Director <span>Pekka Uutela<\/span><\/p>\r\n                    <div class=\"contactsLine\">\r\n                        <!-- <span>Telefon: <\/span><span class=\"orange\">3373 4042<\/span> -->\r\n                        <span>e-mail: <a href=\"mailto:pekka.uutela@gemini-sense.com\" target=\"_blank\" rel=\"noopener\">pekka.uutela@gemini-sense.com<\/a><\/span>\r\n                    <\/div>\r\n                <\/div>\r\n            <\/div>\r\n            <\/div>\r\n        <\/div>\r\n    <\/div>\r\n    <div class=\"parralaxBottom\" style=\"background-color: #; background-image: url('\/media\/1335\/2-1_banner_securityclient_2600x1463px.jpg');\">\r\n        <div class=\"textTop\">\r\n            <div class=\"container personalSizeForPageCookies height100\">\r\n            <div class=\"dispTable\">\r\n                <div class=\"tableCell\">\r\n                    <h2>\r\n                        <span class=\"mb-10\">L\u00c6S MERE OM HVORDAN INNOVATIVE SECURITY MANAGER\u2122\u200b HJ\u00c6LPER POLITIMYNDIGHEDERNE<\/span>\r\n                    <\/h2>\r\n                    <p>Med Innovative Security Manager\u2122 f\u00e5r I en enkel softwareplatform, som automatiserer alle aspekter af jeres arbejdsgange i \u00e9t vindue, og f\u00e5r dermed mest muligt ud af jeres sikkerhedsinvestinger.<\/p>\r\n                    <div class=\"buttonAftTxth2Baner\">\r\n                        <div class=\"generalButton \">\r\n                         <a href=\"\/da\/solutions\/industries\/police\/\" class=\"\">INNOVATIVE SECURITY MANAGER\u2122 TIL POLITI<\/a>\r\n                        <\/div>\r\n                    <\/div>\r\n                <\/div>\r\n            <\/div>\r\n            <\/div>\r\n        <\/div>\r\n    <\/div>\r\n<\/div>","protected":false},"excerpt":{"rendered":"<p>RIGSPOLITIET BRUGER INNOVATIVE SECURITY MANAGER\u2122 \u200b TIL CENTRAL ALARMMODTAGELSE Rigspolitiet i Danmark anvender Innovative Security Manager\u2122\u00a0til central alarmmodtagelse og -behandling p\u00e5 alle landets vagtcentraler. Ligeledes anvender man i samme l\u00f8sning Innovatives Fleet Management l\u00f8sning til at have en oversigt over mobile ressourcer og kunne sende alarmer til disse enheder. Og ikke mindst f\u00e5 lavet den [&hellip;]<\/p>\n","protected":false},"author":30,"featured_media":0,"parent":188,"menu_order":0,"comment_status":"closed","ping_status":"closed","template":"","meta":{"footnotes":""},"class_list":["post-197","page","type-page","status-publish","hentry"],"yoast_head":"<!-- This site is optimized with the Yoast SEO plugin v27.3 - https:\/\/yoast.com\/product\/yoast-seo-wordpress\/ -->\n<title>Innovative - Police Case<\/title>\n<meta name=\"description\" content=\"Rigspolitiet i Danmark anvender Innovative Security Manager\u2122 til central alarmmodtagelse og -behandling p\u00e5 alle landets vagtcentraler.\" \/>\n<meta name=\"robots\" content=\"index, follow, max-snippet:-1, max-image-preview:large, max-video-preview:-1\" \/>\n<link rel=\"canonical\" href=\"https:\/\/www.innovative.dk\/da\/cases\/police-case\/\" \/>\n<meta property=\"og:locale\" content=\"da_DK\" \/>\n<meta property=\"og:type\" content=\"article\" \/>\n<meta property=\"og:title\" content=\"Innovative - Police Case\" \/>\n<meta property=\"og:description\" content=\"Rigspolitiet i Danmark anvender Innovative Security Manager\u2122 til central alarmmodtagelse og -behandling p\u00e5 alle landets vagtcentraler.\" \/>\n<meta property=\"og:url\" content=\"https:\/\/www.innovative.dk\/da\/cases\/police-case\/\" \/>\n<meta property=\"og:site_name\" content=\"Innovative\" \/>\n<meta property=\"article:publisher\" content=\"https:\/\/www.facebook.com\/InnovativeBusinessSoftware\/\" \/>\n<meta property=\"article:modified_time\" content=\"2023-05-16T16:38:25+00:00\" \/>\n<meta name=\"twitter:card\" content=\"summary_large_image\" \/>\n<meta name=\"twitter:site\" content=\"@Innovative_ISM\" \/>\n<meta name=\"twitter:label1\" content=\"Estimeret l\u00e6setid\" \/>\n\t<meta name=\"twitter:data1\" content=\"3 minutter\" \/>\n<script type=\"application\/ld+json\" class=\"yoast-schema-graph\">{\"@context\":\"https:\\\/\\\/schema.org\",\"@graph\":[{\"@type\":\"WebPage\",\"@id\":\"https:\\\/\\\/www.innovative.dk\\\/da\\\/cases\\\/police-case\\\/\",\"url\":\"https:\\\/\\\/www.innovative.dk\\\/da\\\/cases\\\/police-case\\\/\",\"name\":\"Innovative - Police Case\",\"isPartOf\":{\"@id\":\"https:\\\/\\\/www.innovative.dk\\\/da\\\/#website\"},\"datePublished\":\"2020-09-03T13:28:37+00:00\",\"dateModified\":\"2023-05-16T16:38:25+00:00\",\"description\":\"Rigspolitiet i Danmark anvender Innovative Security Manager\u2122 til central alarmmodtagelse og -behandling p\u00e5 alle landets vagtcentraler.\",\"breadcrumb\":{\"@id\":\"https:\\\/\\\/www.innovative.dk\\\/da\\\/cases\\\/police-case\\\/#breadcrumb\"},\"inLanguage\":\"da-DK\",\"potentialAction\":[{\"@type\":\"ReadAction\",\"target\":[\"https:\\\/\\\/www.innovative.dk\\\/da\\\/cases\\\/police-case\\\/\"]}]},{\"@type\":\"BreadcrumbList\",\"@id\":\"https:\\\/\\\/www.innovative.dk\\\/da\\\/cases\\\/police-case\\\/#breadcrumb\",\"itemListElement\":[{\"@type\":\"ListItem\",\"position\":1,\"name\":\"Home\",\"item\":\"https:\\\/\\\/www.innovative.dk\\\/da\\\/home\\\/\"},{\"@type\":\"ListItem\",\"position\":2,\"name\":\"Kunder &#038; cases\",\"item\":\"https:\\\/\\\/www.innovative.dk\\\/da\\\/cases\\\/\"},{\"@type\":\"ListItem\",\"position\":3,\"name\":\"Police Case\"}]},{\"@type\":\"WebSite\",\"@id\":\"https:\\\/\\\/www.innovative.dk\\\/da\\\/#website\",\"url\":\"https:\\\/\\\/www.innovative.dk\\\/da\\\/\",\"name\":\"Innovative\",\"description\":\"Integrated Task &amp; Incident Management Software\",\"publisher\":{\"@id\":\"https:\\\/\\\/www.innovative.dk\\\/da\\\/#organization\"},\"potentialAction\":[{\"@type\":\"SearchAction\",\"target\":{\"@type\":\"EntryPoint\",\"urlTemplate\":\"https:\\\/\\\/www.innovative.dk\\\/da\\\/?s={search_term_string}\"},\"query-input\":{\"@type\":\"PropertyValueSpecification\",\"valueRequired\":true,\"valueName\":\"search_term_string\"}}],\"inLanguage\":\"da-DK\"},{\"@type\":\"Organization\",\"@id\":\"https:\\\/\\\/www.innovative.dk\\\/da\\\/#organization\",\"name\":\"Innovative\",\"url\":\"https:\\\/\\\/www.innovative.dk\\\/da\\\/\",\"logo\":{\"@type\":\"ImageObject\",\"inLanguage\":\"da-DK\",\"@id\":\"https:\\\/\\\/www.innovative.dk\\\/da\\\/#\\\/schema\\\/logo\\\/image\\\/\",\"url\":\"https:\\\/\\\/www.innovative.dk\\\/wp-content\\\/uploads\\\/2020\\\/09\\\/Innovative-logo.png\",\"contentUrl\":\"https:\\\/\\\/www.innovative.dk\\\/wp-content\\\/uploads\\\/2020\\\/09\\\/Innovative-logo.png\",\"width\":650,\"height\":100,\"caption\":\"Innovative\"},\"image\":{\"@id\":\"https:\\\/\\\/www.innovative.dk\\\/da\\\/#\\\/schema\\\/logo\\\/image\\\/\"},\"sameAs\":[\"https:\\\/\\\/www.facebook.com\\\/InnovativeBusinessSoftware\\\/\",\"https:\\\/\\\/x.com\\\/Innovative_ISM\",\"https:\\\/\\\/www.linkedin.com\\\/company\\\/innovative-business-software-a-s\\\/\",\"https:\\\/\\\/www.youtube.com\\\/user\\\/InnovativeBS\"]}]}<\/script>\n<!-- \/ Yoast SEO plugin. -->","yoast_head_json":{"title":"Innovative - Police Case","description":"Rigspolitiet i Danmark anvender Innovative Security Manager\u2122 til central alarmmodtagelse og -behandling p\u00e5 alle landets vagtcentraler.","robots":{"index":"index","follow":"follow","max-snippet":"max-snippet:-1","max-image-preview":"max-image-preview:large","max-video-preview":"max-video-preview:-1"},"canonical":"https:\/\/www.innovative.dk\/da\/cases\/police-case\/","og_locale":"da_DK","og_type":"article","og_title":"Innovative - Police Case","og_description":"Rigspolitiet i Danmark anvender Innovative Security Manager\u2122 til central alarmmodtagelse og -behandling p\u00e5 alle landets vagtcentraler.","og_url":"https:\/\/www.innovative.dk\/da\/cases\/police-case\/","og_site_name":"Innovative","article_publisher":"https:\/\/www.facebook.com\/InnovativeBusinessSoftware\/","article_modified_time":"2023-05-16T16:38:25+00:00","twitter_card":"summary_large_image","twitter_site":"@Innovative_ISM","twitter_misc":{"Estimeret l\u00e6setid":"3 minutter"},"schema":{"@context":"https:\/\/schema.org","@graph":[{"@type":"WebPage","@id":"https:\/\/www.innovative.dk\/da\/cases\/police-case\/","url":"https:\/\/www.innovative.dk\/da\/cases\/police-case\/","name":"Innovative - Police Case","isPartOf":{"@id":"https:\/\/www.innovative.dk\/da\/#website"},"datePublished":"2020-09-03T13:28:37+00:00","dateModified":"2023-05-16T16:38:25+00:00","description":"Rigspolitiet i Danmark anvender Innovative Security Manager\u2122 til central alarmmodtagelse og -behandling p\u00e5 alle landets vagtcentraler.","breadcrumb":{"@id":"https:\/\/www.innovative.dk\/da\/cases\/police-case\/#breadcrumb"},"inLanguage":"da-DK","potentialAction":[{"@type":"ReadAction","target":["https:\/\/www.innovative.dk\/da\/cases\/police-case\/"]}]},{"@type":"BreadcrumbList","@id":"https:\/\/www.innovative.dk\/da\/cases\/police-case\/#breadcrumb","itemListElement":[{"@type":"ListItem","position":1,"name":"Home","item":"https:\/\/www.innovative.dk\/da\/home\/"},{"@type":"ListItem","position":2,"name":"Kunder &#038; cases","item":"https:\/\/www.innovative.dk\/da\/cases\/"},{"@type":"ListItem","position":3,"name":"Police Case"}]},{"@type":"WebSite","@id":"https:\/\/www.innovative.dk\/da\/#website","url":"https:\/\/www.innovative.dk\/da\/","name":"Innovative","description":"Integrated Task &amp; Incident Management Software","publisher":{"@id":"https:\/\/www.innovative.dk\/da\/#organization"},"potentialAction":[{"@type":"SearchAction","target":{"@type":"EntryPoint","urlTemplate":"https:\/\/www.innovative.dk\/da\/?s={search_term_string}"},"query-input":{"@type":"PropertyValueSpecification","valueRequired":true,"valueName":"search_term_string"}}],"inLanguage":"da-DK"},{"@type":"Organization","@id":"https:\/\/www.innovative.dk\/da\/#organization","name":"Innovative","url":"https:\/\/www.innovative.dk\/da\/","logo":{"@type":"ImageObject","inLanguage":"da-DK","@id":"https:\/\/www.innovative.dk\/da\/#\/schema\/logo\/image\/","url":"https:\/\/www.innovative.dk\/wp-content\/uploads\/2020\/09\/Innovative-logo.png","contentUrl":"https:\/\/www.innovative.dk\/wp-content\/uploads\/2020\/09\/Innovative-logo.png","width":650,"height":100,"caption":"Innovative"},"image":{"@id":"https:\/\/www.innovative.dk\/da\/#\/schema\/logo\/image\/"},"sameAs":["https:\/\/www.facebook.com\/InnovativeBusinessSoftware\/","https:\/\/x.com\/Innovative_ISM","https:\/\/www.linkedin.com\/company\/innovative-business-software-a-s\/","https:\/\/www.youtube.com\/user\/InnovativeBS"]}]}},"_links":{"self":[{"href":"https:\/\/www.innovative.dk\/da\/wp-json\/wp\/v2\/pages\/197","targetHints":{"allow":["GET"]}}],"collection":[{"href":"https:\/\/www.innovative.dk\/da\/wp-json\/wp\/v2\/pages"}],"about":[{"href":"https:\/\/www.innovative.dk\/da\/wp-json\/wp\/v2\/types\/page"}],"author":[{"embeddable":true,"href":"https:\/\/www.innovative.dk\/da\/wp-json\/wp\/v2\/users\/30"}],"replies":[{"embeddable":true,"href":"https:\/\/www.innovative.dk\/da\/wp-json\/wp\/v2\/comments?post=197"}],"version-history":[{"count":0,"href":"https:\/\/www.innovative.dk\/da\/wp-json\/wp\/v2\/pages\/197\/revisions"}],"up":[{"embeddable":true,"href":"https:\/\/www.innovative.dk\/da\/wp-json\/wp\/v2\/pages\/188"}],"wp:attachment":[{"href":"https:\/\/www.innovative.dk\/da\/wp-json\/wp\/v2\/media?parent=197"}],"curies":[{"name":"wp","href":"https:\/\/api.w.org\/{rel}","templated":true}]}}