{"id":195,"date":"2020-09-03T13:25:28","date_gmt":"2020-09-03T13:25:28","guid":{"rendered":"http:\/\/innovativedk.wpengine.com\/?page_id=195"},"modified":"2023-10-26T09:17:21","modified_gmt":"2023-10-26T09:17:21","slug":"malmoe-municipality-arc-case","status":"publish","type":"page","link":"https:\/\/www.innovative.dk\/da\/cases\/malmoe-municipality-arc-case\/","title":{"rendered":"Malmo Case"},"content":{"rendered":"<div class=\"dgaggableHolder\">\r\n    <div class=\"TopBigImg\">\r\n        <div class=\"backgroundImage ratioSave\">\r\n            <div class=\"croper\" style=\"background-image: url('\/media\/1322\/malmo-municipality-arc-2600x590pxjpg.jpeg');\">\r\n             <img decoding=\"async\" src=\"\/media\/1322\/malmo-municipality-arc-2600x590pxjpg.jpeg\" alt=\"\" \/>\r\n            <\/div>\r\n        <\/div>\r\n    <\/div>\r\n    <div class=\"richTextEditor\" style=\"background-color: #f4f4f4;\">\r\n        <div class=\"container personalSizeForPageCookies containerOnImage\" style=\"background-color: white;\">\r\n            <div class=\"titleWrapperIn\">\r\n            <h2 class=\"mb-10\">\r\n                 <span class=\"mb-10\" style=\"text-align: center;\">MALM\u00d6 STAD LARMCENTRAL<br \/>\r\n                     <span class=\"orange\">(SVERIGE)<\/span>\r\n                 <\/span>\r\n            <\/h2>\r\n            <p>Malm\u00f6 Stad optimerer arbejdsgange og udvider kapaciteten med implementeringen af Innovative Security Manager<span class=\"st\">\u2122<\/span>.<\/p>\r\n            <\/div>\r\n            <div class=\"contentInTwoCol\">\r\n            <p style=\"text-align: justify;\"><strong>Udfordringen<\/strong><br \/>\r\n                 Malm\u00f6 Stad Larmcentral varetager alarmmonitoreringen af alle n\u00f8dkald, personalarmer, kameralarmer og sygehusalarmer I Malm\u00f6 kommune.\r\n            <\/p>\r\n            <p style=\"text-align: justify;\">Igennem de senere \u00e5r er antallet af alarmer og tilh\u00f8rende monitoreringssystemer vokset, og Malm\u00f6 Stads udfordring var s\u00e5ledes at reducere antallet af systemet som operat\u00f8rerne skal betjene og samtidig bevare den store monitoreringskapacitet.<\/p>\r\n            <p style=\"text-align: justify;\">Malm\u00f6 Stad \u00f8nskede derfor en samlet platform til at varetage alarmmodtagelse af alle typer af alarmer i alarmcentralen.\u00a0<br \/>\r\n                 <br \/>\r\n                 <strong>L\u00f8sning<\/strong><br \/>\r\n                 Malm\u00f6 Stad har valgt Innovative Security Manager<span style=\"font-size: 10px;\"><sup>TM<\/sup><\/span>\u00a0p\u00e5 grund af den store fleksibilitet, som i kombination med en attraktiv priss\u00e6tning og gode skaleringsmuligheder betyder at Malm\u00f6 Stad kan underst\u00f8tte ikke blot deres nuv\u00e6rende forretning p\u00e5 i alle aspekter, men ogs\u00e5 den i fremtiden voksende forretning med monitorering af alarmer for andre kommuner.<br \/>\r\n                 <br \/>\r\n                 \u00a0\r\n            <\/p>\r\n            <p style=\"text-align: justify;\"><strong>Innovative Security Manager<span class=\"st\">\u2122<\/span> funktioner:<\/strong><\/p>\r\n            <ul>\r\n                <li>Alarmmodtagelsen af alle typer af alarmer<\/li>\r\n                <li>VoIP til modtagelse af alle n\u00f8dkald<\/li>\r\n                <li>Positionering af alarmer og ressourcer<\/li>\r\n                <li>Styring af automatiserede instrukser<\/li>\r\n            <\/ul>\r\n            <p style=\"text-align: justify;\"><strong>Resultat<\/strong><br \/>\r\n                 Med implementering af Innovative Security Manager<span style=\"font-size: 10px;\"><sup>TM<\/sup>\u00a0<\/span>har Malm\u00f8 Stad v\u00e6ret i stand til med samme medarbejderstab dels at udvide sit forretningsomr\u00e5de og markedsandel, grundet den effektive alarmh\u00e5ndtering som systemet bibringer.\r\n            <\/p>\r\n            <p style=\"text-align: justify;\"><span class=\"quots\">Vi vil spare en masse tid til at indsamle forskellige typer af alarmer i Innovative Security Manager, og derfor kan \u00f8ge vifte af tjenester, samtidig med at ressourcerne. Valget blev ISM, n\u00e5r det bedst opfylder vores krav til alsidighed, ekspertise og lethed.<\/span><br \/>\r\n                 <span class=\"title\">Ander Kjellberg<br \/>\r\n                 Sektionschef, Teknik och s\u00e4kerhet, Malm\u00f6\u00a0Stad Larmcentral<\/span>\r\n            <\/p>\r\n            <\/div>\r\n        <\/div>\r\n    <\/div>\r\n<!-- <div class=\"personInCircle\" style=\"background-color:#f4f4f4;\">\r\n         <div class=\"container personalSizeForPageCookies bgWhite indPadding \">\r\n            <div class=\"row\">\r\n               <div class=\"col-sm-3\">\r\n                  <div class=\"personBlockRoundImage\"><img decoding=\"async\" src=\"\/media\/1328\/dennis_bang_andersen-150x150px.png\" alt=\"\"><\/div>\r\n               <\/div>\r\n               <div class=\"col-md-6 col-sm-7 \">\r\n                  <div class=\"personsBlock\">\r\n                     <div class=\"title\">FOR MERE INFORMATION<\/div>\r\n                     <p class=\"text\">Venligst kontakt Sales Director Dennis Bang Andersen<\/p>\r\n                     <div class=\"contactsLine\">\r\n                        <span>Telefon: <\/span><span class=\"orange\">3373 4042<\/span>\r\n                        <span>eller e-mail: <\/span><a href=\"mailto:da@innovative.dk\">da@innovative.dk<\/a>\r\n                     <\/div>\r\n                  <\/div>\r\n               <\/div>\r\n            <\/div>\r\n         <\/div>\r\n      <\/div> -->\r\n    <div class=\"personInCircle\" style=\"background-color: #f4f4f4;\">\r\n        <div class=\"container personalSizeForPageCookies bgWhite indPadding \">\r\n            <div class=\"row\">\r\n            <div class=\"col-sm-3\">\r\n                 <!-- <div class=\"personBlockRoundImage\"><img decoding=\"async\" src=\"\/media\/1328\/dennis_bang_andersen-150x150px.png\" alt=\"\"><\/div> -->\r\n            <\/div>\r\n            <div class=\"col-md-6 col-sm-7 \">\r\n                <div class=\"personsBlock\">\r\n                    <div class=\"title\">FOR MERE INFORMATION<\/div>\r\n                    <p class=\"text\">Venligst kontakt Sales Director Pekka Uutela<\/p>\r\n                    <div class=\"contactsLine\">\r\n                        <!-- <span>Telefon: <\/span><span class=\"orange\">3373 4042<\/span> -->\r\n                        <span>e-mail: <\/span><a href=\"mailto:peter.jansson@gemini-sense.com\">pekka.uutela@gemini-sense.com<\/a>\r\n                    <\/div>\r\n                <\/div>\r\n            <\/div>\r\n            <\/div>\r\n        <\/div>\r\n    <\/div>\r\n    <div class=\"parralaxBottom\" style=\"background-color: #; background-image: url('\/media\/1335\/2-1_banner_securityclient_2600x1463px.jpg');\">\r\n        <div class=\"textTop\">\r\n            <div class=\"container personalSizeForPageCookies height100\">\r\n            <div class=\"dispTable\">\r\n                <div class=\"tableCell\">\r\n                    <h2 class=\"mb-10\">\r\n                        <span class=\"mb-10\"><span class=\"orange\">INNOVATIVE SECURITY MANAGER\u2122<\/span><br \/>\r\n                         KAN HJ\u00c6LPE I EN HVILKEN SOM HELST BRANCHE\r\n                        <\/span>\r\n                    <\/h2>\r\n                    <p>Innovative Security Manager<span class=\"st\">\u2122 Software kan implementeres\u00a0i en lang r\u00e6kke brancher. L\u00e6s mere om funktioner og fordele, som g\u00f8r\u00a0<\/span>Innovative Security Manager<span class=\"st\">\u2122 til det foretrukne valg for jeres virksomhed.<\/span><\/p>\r\n                    <div class=\"buttonAftTxth2Baner\">\r\n                        <div class=\"generalButton \">\r\n                         <a href=\"\/da\/solutions\/industries\/other\/\" class=\"\">INNOVATIVE SECURITY MANAGER\u2122 TIL ANDRE BRANCHER<\/a>\r\n                        <\/div>\r\n                    <\/div>\r\n                <\/div>\r\n            <\/div>\r\n            <\/div>\r\n        <\/div>\r\n    <\/div>\r\n<\/div>","protected":false},"excerpt":{"rendered":"<p>MALM\u00d6 STAD LARMCENTRAL (SVERIGE) Malm\u00f6 Stad optimerer arbejdsgange og udvider kapaciteten med implementeringen af Innovative Security Manager\u2122. Udfordringen Malm\u00f6 Stad Larmcentral varetager alarmmonitoreringen af alle n\u00f8dkald, personalarmer, kameralarmer og sygehusalarmer I Malm\u00f6 kommune. Igennem de senere \u00e5r er antallet af alarmer og tilh\u00f8rende monitoreringssystemer vokset, og Malm\u00f6 Stads udfordring var s\u00e5ledes at reducere antallet af [&hellip;]<\/p>\n","protected":false},"author":30,"featured_media":0,"parent":188,"menu_order":0,"comment_status":"closed","ping_status":"closed","template":"","meta":{"footnotes":""},"class_list":["post-195","page","type-page","status-publish","hentry"],"yoast_head":"<!-- This site is optimized with the Yoast SEO plugin v27.3 - https:\/\/yoast.com\/product\/yoast-seo-wordpress\/ -->\n<title>Innovative - Malmo Case<\/title>\n<meta name=\"description\" content=\"Malm\u00f6 Stad optimerer arbejdsgange og udvider kapaciteten med implementeringen af Innovative Security Manager\u2122.\" \/>\n<meta name=\"robots\" content=\"index, follow, max-snippet:-1, max-image-preview:large, max-video-preview:-1\" \/>\n<link rel=\"canonical\" href=\"https:\/\/www.innovative.dk\/da\/cases\/malmoe-municipality-arc-case\/\" \/>\n<meta property=\"og:locale\" content=\"da_DK\" \/>\n<meta property=\"og:type\" content=\"article\" \/>\n<meta property=\"og:title\" content=\"Innovative - Malmo Case\" \/>\n<meta property=\"og:description\" content=\"Malm\u00f6 Stad optimerer arbejdsgange og udvider kapaciteten med implementeringen af Innovative Security Manager\u2122.\" \/>\n<meta property=\"og:url\" content=\"https:\/\/www.innovative.dk\/da\/cases\/malmoe-municipality-arc-case\/\" \/>\n<meta property=\"og:site_name\" content=\"Innovative\" \/>\n<meta property=\"article:publisher\" content=\"https:\/\/www.facebook.com\/InnovativeBusinessSoftware\/\" \/>\n<meta property=\"article:modified_time\" content=\"2023-10-26T09:17:21+00:00\" \/>\n<meta name=\"twitter:card\" content=\"summary_large_image\" \/>\n<meta name=\"twitter:site\" content=\"@Innovative_ISM\" \/>\n<meta name=\"twitter:label1\" content=\"Estimeret l\u00e6setid\" \/>\n\t<meta name=\"twitter:data1\" content=\"2 minutter\" \/>\n<script type=\"application\/ld+json\" class=\"yoast-schema-graph\">{\"@context\":\"https:\\\/\\\/schema.org\",\"@graph\":[{\"@type\":\"WebPage\",\"@id\":\"https:\\\/\\\/www.innovative.dk\\\/da\\\/cases\\\/malmoe-municipality-arc-case\\\/\",\"url\":\"https:\\\/\\\/www.innovative.dk\\\/da\\\/cases\\\/malmoe-municipality-arc-case\\\/\",\"name\":\"Innovative - Malmo Case\",\"isPartOf\":{\"@id\":\"https:\\\/\\\/www.innovative.dk\\\/da\\\/#website\"},\"datePublished\":\"2020-09-03T13:25:28+00:00\",\"dateModified\":\"2023-10-26T09:17:21+00:00\",\"description\":\"Malm\u00f6 Stad optimerer arbejdsgange og udvider kapaciteten med implementeringen af Innovative Security Manager\u2122.\",\"breadcrumb\":{\"@id\":\"https:\\\/\\\/www.innovative.dk\\\/da\\\/cases\\\/malmoe-municipality-arc-case\\\/#breadcrumb\"},\"inLanguage\":\"da-DK\",\"potentialAction\":[{\"@type\":\"ReadAction\",\"target\":[\"https:\\\/\\\/www.innovative.dk\\\/da\\\/cases\\\/malmoe-municipality-arc-case\\\/\"]}]},{\"@type\":\"BreadcrumbList\",\"@id\":\"https:\\\/\\\/www.innovative.dk\\\/da\\\/cases\\\/malmoe-municipality-arc-case\\\/#breadcrumb\",\"itemListElement\":[{\"@type\":\"ListItem\",\"position\":1,\"name\":\"Home\",\"item\":\"https:\\\/\\\/www.innovative.dk\\\/da\\\/home\\\/\"},{\"@type\":\"ListItem\",\"position\":2,\"name\":\"Kunder &#038; cases\",\"item\":\"https:\\\/\\\/www.innovative.dk\\\/da\\\/cases\\\/\"},{\"@type\":\"ListItem\",\"position\":3,\"name\":\"Malmo Case\"}]},{\"@type\":\"WebSite\",\"@id\":\"https:\\\/\\\/www.innovative.dk\\\/da\\\/#website\",\"url\":\"https:\\\/\\\/www.innovative.dk\\\/da\\\/\",\"name\":\"Innovative\",\"description\":\"Integrated Task &amp; Incident Management Software\",\"publisher\":{\"@id\":\"https:\\\/\\\/www.innovative.dk\\\/da\\\/#organization\"},\"potentialAction\":[{\"@type\":\"SearchAction\",\"target\":{\"@type\":\"EntryPoint\",\"urlTemplate\":\"https:\\\/\\\/www.innovative.dk\\\/da\\\/?s={search_term_string}\"},\"query-input\":{\"@type\":\"PropertyValueSpecification\",\"valueRequired\":true,\"valueName\":\"search_term_string\"}}],\"inLanguage\":\"da-DK\"},{\"@type\":\"Organization\",\"@id\":\"https:\\\/\\\/www.innovative.dk\\\/da\\\/#organization\",\"name\":\"Innovative\",\"url\":\"https:\\\/\\\/www.innovative.dk\\\/da\\\/\",\"logo\":{\"@type\":\"ImageObject\",\"inLanguage\":\"da-DK\",\"@id\":\"https:\\\/\\\/www.innovative.dk\\\/da\\\/#\\\/schema\\\/logo\\\/image\\\/\",\"url\":\"https:\\\/\\\/www.innovative.dk\\\/wp-content\\\/uploads\\\/2020\\\/09\\\/Innovative-logo.png\",\"contentUrl\":\"https:\\\/\\\/www.innovative.dk\\\/wp-content\\\/uploads\\\/2020\\\/09\\\/Innovative-logo.png\",\"width\":650,\"height\":100,\"caption\":\"Innovative\"},\"image\":{\"@id\":\"https:\\\/\\\/www.innovative.dk\\\/da\\\/#\\\/schema\\\/logo\\\/image\\\/\"},\"sameAs\":[\"https:\\\/\\\/www.facebook.com\\\/InnovativeBusinessSoftware\\\/\",\"https:\\\/\\\/x.com\\\/Innovative_ISM\",\"https:\\\/\\\/www.linkedin.com\\\/company\\\/innovative-business-software-a-s\\\/\",\"https:\\\/\\\/www.youtube.com\\\/user\\\/InnovativeBS\"]}]}<\/script>\n<!-- \/ Yoast SEO plugin. -->","yoast_head_json":{"title":"Innovative - Malmo Case","description":"Malm\u00f6 Stad optimerer arbejdsgange og udvider kapaciteten med implementeringen af Innovative Security Manager\u2122.","robots":{"index":"index","follow":"follow","max-snippet":"max-snippet:-1","max-image-preview":"max-image-preview:large","max-video-preview":"max-video-preview:-1"},"canonical":"https:\/\/www.innovative.dk\/da\/cases\/malmoe-municipality-arc-case\/","og_locale":"da_DK","og_type":"article","og_title":"Innovative - Malmo Case","og_description":"Malm\u00f6 Stad optimerer arbejdsgange og udvider kapaciteten med implementeringen af Innovative Security Manager\u2122.","og_url":"https:\/\/www.innovative.dk\/da\/cases\/malmoe-municipality-arc-case\/","og_site_name":"Innovative","article_publisher":"https:\/\/www.facebook.com\/InnovativeBusinessSoftware\/","article_modified_time":"2023-10-26T09:17:21+00:00","twitter_card":"summary_large_image","twitter_site":"@Innovative_ISM","twitter_misc":{"Estimeret l\u00e6setid":"2 minutter"},"schema":{"@context":"https:\/\/schema.org","@graph":[{"@type":"WebPage","@id":"https:\/\/www.innovative.dk\/da\/cases\/malmoe-municipality-arc-case\/","url":"https:\/\/www.innovative.dk\/da\/cases\/malmoe-municipality-arc-case\/","name":"Innovative - Malmo Case","isPartOf":{"@id":"https:\/\/www.innovative.dk\/da\/#website"},"datePublished":"2020-09-03T13:25:28+00:00","dateModified":"2023-10-26T09:17:21+00:00","description":"Malm\u00f6 Stad optimerer arbejdsgange og udvider kapaciteten med implementeringen af Innovative Security Manager\u2122.","breadcrumb":{"@id":"https:\/\/www.innovative.dk\/da\/cases\/malmoe-municipality-arc-case\/#breadcrumb"},"inLanguage":"da-DK","potentialAction":[{"@type":"ReadAction","target":["https:\/\/www.innovative.dk\/da\/cases\/malmoe-municipality-arc-case\/"]}]},{"@type":"BreadcrumbList","@id":"https:\/\/www.innovative.dk\/da\/cases\/malmoe-municipality-arc-case\/#breadcrumb","itemListElement":[{"@type":"ListItem","position":1,"name":"Home","item":"https:\/\/www.innovative.dk\/da\/home\/"},{"@type":"ListItem","position":2,"name":"Kunder &#038; cases","item":"https:\/\/www.innovative.dk\/da\/cases\/"},{"@type":"ListItem","position":3,"name":"Malmo Case"}]},{"@type":"WebSite","@id":"https:\/\/www.innovative.dk\/da\/#website","url":"https:\/\/www.innovative.dk\/da\/","name":"Innovative","description":"Integrated Task &amp; Incident Management Software","publisher":{"@id":"https:\/\/www.innovative.dk\/da\/#organization"},"potentialAction":[{"@type":"SearchAction","target":{"@type":"EntryPoint","urlTemplate":"https:\/\/www.innovative.dk\/da\/?s={search_term_string}"},"query-input":{"@type":"PropertyValueSpecification","valueRequired":true,"valueName":"search_term_string"}}],"inLanguage":"da-DK"},{"@type":"Organization","@id":"https:\/\/www.innovative.dk\/da\/#organization","name":"Innovative","url":"https:\/\/www.innovative.dk\/da\/","logo":{"@type":"ImageObject","inLanguage":"da-DK","@id":"https:\/\/www.innovative.dk\/da\/#\/schema\/logo\/image\/","url":"https:\/\/www.innovative.dk\/wp-content\/uploads\/2020\/09\/Innovative-logo.png","contentUrl":"https:\/\/www.innovative.dk\/wp-content\/uploads\/2020\/09\/Innovative-logo.png","width":650,"height":100,"caption":"Innovative"},"image":{"@id":"https:\/\/www.innovative.dk\/da\/#\/schema\/logo\/image\/"},"sameAs":["https:\/\/www.facebook.com\/InnovativeBusinessSoftware\/","https:\/\/x.com\/Innovative_ISM","https:\/\/www.linkedin.com\/company\/innovative-business-software-a-s\/","https:\/\/www.youtube.com\/user\/InnovativeBS"]}]}},"_links":{"self":[{"href":"https:\/\/www.innovative.dk\/da\/wp-json\/wp\/v2\/pages\/195","targetHints":{"allow":["GET"]}}],"collection":[{"href":"https:\/\/www.innovative.dk\/da\/wp-json\/wp\/v2\/pages"}],"about":[{"href":"https:\/\/www.innovative.dk\/da\/wp-json\/wp\/v2\/types\/page"}],"author":[{"embeddable":true,"href":"https:\/\/www.innovative.dk\/da\/wp-json\/wp\/v2\/users\/30"}],"replies":[{"embeddable":true,"href":"https:\/\/www.innovative.dk\/da\/wp-json\/wp\/v2\/comments?post=195"}],"version-history":[{"count":0,"href":"https:\/\/www.innovative.dk\/da\/wp-json\/wp\/v2\/pages\/195\/revisions"}],"up":[{"embeddable":true,"href":"https:\/\/www.innovative.dk\/da\/wp-json\/wp\/v2\/pages\/188"}],"wp:attachment":[{"href":"https:\/\/www.innovative.dk\/da\/wp-json\/wp\/v2\/media?parent=195"}],"curies":[{"name":"wp","href":"https:\/\/api.w.org\/{rel}","templated":true}]}}