{"id":194,"date":"2020-09-03T13:23:35","date_gmt":"2020-09-03T13:23:35","guid":{"rendered":"http:\/\/innovativedk.wpengine.com\/?page_id=194"},"modified":"2023-10-26T09:15:28","modified_gmt":"2023-10-26T09:15:28","slug":"fire-department-case","status":"publish","type":"page","link":"https:\/\/www.innovative.dk\/da\/cases\/fire-department-case\/","title":{"rendered":"Fire Department Case"},"content":{"rendered":"<div class=\"dgaggableHolder\">\r\n    <div class=\"TopBigImg\">\r\n        <div class=\"backgroundImage ratioSave\">\r\n            <div class=\"croper\" style=\"background-image: url('\/media\/1312\/fire-brigades.jpg');\">\r\n             <img decoding=\"async\" src=\"\/media\/1312\/fire-brigades.jpg\" alt=\"\" \/>\r\n            <\/div>\r\n        <\/div>\r\n    <\/div>\r\n    <div class=\"richTextEditor\" style=\"background-color: #f4f4f4;\">\r\n        <div class=\"container personalSizeForPageCookies containerOnImage\" style=\"background-color: white;\">\r\n            <div class=\"titleWrapperIn\">\r\n            <h2 class=\"mb-10\">\r\n                 <span class=\"mb-10\" style=\"text-align: center;\"><span class=\"orange\">Innovative Security Manager\u2122 \u00a0<\/span><br \/>\r\n                     hos \u00d8stjyllands Brandv\u00e6sen\r\n                 <\/span>\r\n            <\/h2>\r\n            <p>\u00d8stjyllands Brandv\u00e6sen (tidligere Aarhus Brandv\u00e6sen) stod med en aldrende l\u00f8sning, der ikke l\u00e6ngere kunne opdateres. Derfor var der behov for at finde og idrifts\u00e6tte en ny, fremtidsrettet vagtcentrall\u00f8sning, der kunne l\u00f8fte vagtcentralen og give mulighed for nye tiltag og effektivisere arbejdsgangen, der var pr\u00e6get af mange manuelle processer.<\/p>\r\n            <\/div>\r\n            <div class=\"contentInTwoCol\">\r\n            <p style=\"text-align: justify;\">Valget faldt p\u00e5 Innovative Security Manager\u2122 (ISM) fra Innovative Business Software A\/S, der opfyldt alle aktuelle behov og samtidig opfyldte \u00f8nsket om muligheden for at kunne frems\u00e6tte og f\u00e5 l\u00f8st yderligere udviklings\u00f8nsker, \u00e6ndringsforslag og tilretninger.<\/p>\r\n            <p style=\"text-align: justify;\">De nye udvidelser med alarmmodtagelse via Chiron Iris og andre AIA-centraler har ikke alene udvidet kundeportef\u00f8ljen, men ogs\u00e5 givet et st\u00f8rre forretningsomr\u00e5de og gjort vagtcentralen til en mere robust og selvfinansierende forretning, der nu bidrager positivt til brandv\u00e6senets samlede drift.<\/p>\r\n            <p style=\"text-align: justify;\">S\u00e6rligt udvidelsen med en dispatch mod Securitas er en k\u00e6mpe lettelse i det daglige arbejde hos \u00d8stjyllands Brandv\u00e6sen.<\/p>\r\n            <p style=\"text-align: justify;\">Seneste udvidelse er en Terma T.react radiodispatch, der giver yderligere effektivsering i forbindelse med st\u00f8rre indsatser.<\/p>\r\n            <p>&nbsp;<\/p>\r\n            <p>&nbsp;<\/p>\r\n            <p>&nbsp;<\/p>\r\n            <p><strong>Innovative\u00a0<\/strong><strong>Security Manager<span style=\"font-size: 10px;\"><sup>TM<\/sup><\/span> funktioner:<\/strong><\/p>\r\n            <ul>\r\n                <li>Vagtcentral, herunder diverse alarmmodtagelser<\/li>\r\n                <li>Fl\u00e5destyring m\/positionsserver mv.<\/li>\r\n                <li>Kort<\/li>\r\n                <li>N\u00f8dkald<\/li>\r\n                <li>Terma T.react radio-dispatch<\/li>\r\n            <\/ul>\r\n            <p><strong>Fordele:<\/strong><\/p>\r\n            <p style=\"text-align: justify;\">Udvidet forretningomr\u00e5de med AIA-alarmmodtagelse. St\u00f8rre indtjeningsgrundlag med en rentabel og profital forretning, der bidrager positivt til driften af brandv\u00e6senet.<\/p>\r\n            <p style=\"text-align: justify;\"><span class=\"quots\">Innovative Security Manager\u2122 har med sine mange fleksible anvendelsesmuligheder givet en udvidelse af vores daglige opgaver i forhold til det tidligere system, og sikret en effektivitet og automatisering af mange opgaver.<\/span><br \/>\r\n                 <span class=\"title\">Kristian Weinreich<br \/>\r\n                 Teamleder vagtcentralen \u00d8stjyllands Brandv\u00e6sen\u200b<\/span>\r\n            <\/p>\r\n            <\/div>\r\n        <\/div>\r\n    <\/div>\r\n    <div class=\"personInCircle\" style=\"background-color: #f4f4f4;\">\r\n        <div class=\"container personalSizeForPageCookies bgWhite indPadding \">\r\n            <div class=\"row\">\r\n            <div class=\"col-sm-3\">\r\n                 <!-- <div class=\"personBlockRoundImage\"><img decoding=\"async\" src=\"\/media\/1328\/dennis_bang_andersen-150x150px.png\" alt=\"\"><\/div> -->\r\n            <\/div>\r\n            <div class=\"col-md-6 col-sm-7 \">\r\n                <div class=\"personsBlock\">\r\n                    <div class=\"title\">FOR MERE INFORMATION<\/div>\r\n                    <p class=\"text\">Venligst kontakt Sales Director Pekka Uutela<\/p>\r\n                    <div class=\"contactsLine\">\r\n                        <!-- <span>Telefon: <\/span><span class=\"orange\">3373 4042<\/span> -->\r\n                        <span>e-mail: <\/span><a href=\"mailto:pekka.uutela@gemini-sense.com\">pekka.uutela@gemini-sense.com<\/a>\r\n                    <\/div>\r\n                <\/div>\r\n            <\/div>\r\n            <\/div>\r\n        <\/div>\r\n    <\/div>\r\n    <div class=\"parralaxBottom\" style=\"background-color: #; background-image: url('\/media\/1335\/2-1_banner_securityclient_2600x1463px.jpg');\">\r\n        <div class=\"textTop\">\r\n            <div class=\"container personalSizeForPageCookies height100\">\r\n            <div class=\"dispTable\">\r\n                <div class=\"tableCell\">\r\n                    <h2 class=\"mb-10\">\r\n                        <span><span>L\u00c6S MERE OM HVORDAN\u00a0<\/span><span class=\"orange\">INNOVATIVE SECURITY MANAGER\u2122<\/span>\u200b KAN HJ\u00c6LPE BEREDSKABER<\/span>\r\n                    <\/h2>\r\n                    <p>Med Innovative Security Manager\u2122 f\u00e5r I en enkel softwareplatform, som automatiserer alle aspekter af jeres arbejdsgange i \u00e9t vindue, og f\u00e5r dermed mest muligt ud af jeres sikkerhedsinvestinger.<\/p>\r\n                    <div class=\"buttonAftTxth2Baner\">\r\n                        <div class=\"generalButton \">\r\n                         <a href=\"\/da\/solutions\/industries\/fire-departments\/\" class=\"\">INNOVATIVE SECURITY MANAGER\u2122 I BRANDV\u00c6SNER<\/a>\r\n                        <\/div>\r\n                    <\/div>\r\n                <\/div>\r\n            <\/div>\r\n            <\/div>\r\n        <\/div>\r\n    <\/div>\r\n<\/div>","protected":false},"excerpt":{"rendered":"<p>Innovative Security Manager\u2122 \u00a0 hos \u00d8stjyllands Brandv\u00e6sen \u00d8stjyllands Brandv\u00e6sen (tidligere Aarhus Brandv\u00e6sen) stod med en aldrende l\u00f8sning, der ikke l\u00e6ngere kunne opdateres. Derfor var der behov for at finde og idrifts\u00e6tte en ny, fremtidsrettet vagtcentrall\u00f8sning, der kunne l\u00f8fte vagtcentralen og give mulighed for nye tiltag og effektivisere arbejdsgangen, der var pr\u00e6get af mange manuelle processer. [&hellip;]<\/p>\n","protected":false},"author":30,"featured_media":0,"parent":188,"menu_order":0,"comment_status":"closed","ping_status":"closed","template":"","meta":{"footnotes":""},"class_list":["post-194","page","type-page","status-publish","hentry"],"yoast_head":"<!-- This site is optimized with the Yoast SEO plugin v27.4 - https:\/\/yoast.com\/product\/yoast-seo-wordpress\/ -->\n<title>Innovative - Fire Department Case<\/title>\n<meta name=\"description\" content=\"\u00d8stjyllands Brandv\u00e6sen (tidligere Aarhus Brandv\u00e6sen) stod med en aldrende l\u00f8sning, der ikke l\u00e6ngere kunne opdateres.\" \/>\n<meta name=\"robots\" content=\"index, follow, max-snippet:-1, max-image-preview:large, max-video-preview:-1\" \/>\n<link rel=\"canonical\" href=\"https:\/\/www.innovative.dk\/da\/cases\/fire-department-case\/\" \/>\n<meta property=\"og:locale\" content=\"da_DK\" \/>\n<meta property=\"og:type\" content=\"article\" \/>\n<meta property=\"og:title\" content=\"Innovative - Fire Department Case\" \/>\n<meta property=\"og:description\" content=\"\u00d8stjyllands Brandv\u00e6sen (tidligere Aarhus Brandv\u00e6sen) stod med en aldrende l\u00f8sning, der ikke l\u00e6ngere kunne opdateres.\" \/>\n<meta property=\"og:url\" content=\"https:\/\/www.innovative.dk\/da\/cases\/fire-department-case\/\" \/>\n<meta property=\"og:site_name\" content=\"Innovative\" \/>\n<meta property=\"article:publisher\" content=\"https:\/\/www.facebook.com\/InnovativeBusinessSoftware\/\" \/>\n<meta property=\"article:modified_time\" content=\"2023-10-26T09:15:28+00:00\" \/>\n<meta name=\"twitter:card\" content=\"summary_large_image\" \/>\n<meta name=\"twitter:site\" content=\"@Innovative_ISM\" \/>\n<meta name=\"twitter:label1\" content=\"Estimeret l\u00e6setid\" \/>\n\t<meta name=\"twitter:data1\" content=\"2 minutter\" \/>\n<script type=\"application\/ld+json\" class=\"yoast-schema-graph\">{\"@context\":\"https:\\\/\\\/schema.org\",\"@graph\":[{\"@type\":\"WebPage\",\"@id\":\"https:\\\/\\\/www.innovative.dk\\\/da\\\/cases\\\/fire-department-case\\\/\",\"url\":\"https:\\\/\\\/www.innovative.dk\\\/da\\\/cases\\\/fire-department-case\\\/\",\"name\":\"Innovative - Fire Department Case\",\"isPartOf\":{\"@id\":\"https:\\\/\\\/www.innovative.dk\\\/da\\\/#website\"},\"datePublished\":\"2020-09-03T13:23:35+00:00\",\"dateModified\":\"2023-10-26T09:15:28+00:00\",\"description\":\"\u00d8stjyllands Brandv\u00e6sen (tidligere Aarhus Brandv\u00e6sen) stod med en aldrende l\u00f8sning, der ikke l\u00e6ngere kunne opdateres.\",\"breadcrumb\":{\"@id\":\"https:\\\/\\\/www.innovative.dk\\\/da\\\/cases\\\/fire-department-case\\\/#breadcrumb\"},\"inLanguage\":\"da-DK\",\"potentialAction\":[{\"@type\":\"ReadAction\",\"target\":[\"https:\\\/\\\/www.innovative.dk\\\/da\\\/cases\\\/fire-department-case\\\/\"]}]},{\"@type\":\"BreadcrumbList\",\"@id\":\"https:\\\/\\\/www.innovative.dk\\\/da\\\/cases\\\/fire-department-case\\\/#breadcrumb\",\"itemListElement\":[{\"@type\":\"ListItem\",\"position\":1,\"name\":\"Home\",\"item\":\"https:\\\/\\\/www.innovative.dk\\\/da\\\/home\\\/\"},{\"@type\":\"ListItem\",\"position\":2,\"name\":\"Kunder &#038; cases\",\"item\":\"https:\\\/\\\/www.innovative.dk\\\/da\\\/cases\\\/\"},{\"@type\":\"ListItem\",\"position\":3,\"name\":\"Fire Department Case\"}]},{\"@type\":\"WebSite\",\"@id\":\"https:\\\/\\\/www.innovative.dk\\\/da\\\/#website\",\"url\":\"https:\\\/\\\/www.innovative.dk\\\/da\\\/\",\"name\":\"Innovative\",\"description\":\"Integrated Task &amp; Incident Management Software\",\"publisher\":{\"@id\":\"https:\\\/\\\/www.innovative.dk\\\/da\\\/#organization\"},\"potentialAction\":[{\"@type\":\"SearchAction\",\"target\":{\"@type\":\"EntryPoint\",\"urlTemplate\":\"https:\\\/\\\/www.innovative.dk\\\/da\\\/?s={search_term_string}\"},\"query-input\":{\"@type\":\"PropertyValueSpecification\",\"valueRequired\":true,\"valueName\":\"search_term_string\"}}],\"inLanguage\":\"da-DK\"},{\"@type\":\"Organization\",\"@id\":\"https:\\\/\\\/www.innovative.dk\\\/da\\\/#organization\",\"name\":\"Innovative\",\"url\":\"https:\\\/\\\/www.innovative.dk\\\/da\\\/\",\"logo\":{\"@type\":\"ImageObject\",\"inLanguage\":\"da-DK\",\"@id\":\"https:\\\/\\\/www.innovative.dk\\\/da\\\/#\\\/schema\\\/logo\\\/image\\\/\",\"url\":\"https:\\\/\\\/www.innovative.dk\\\/wp-content\\\/uploads\\\/2020\\\/09\\\/Innovative-logo.png\",\"contentUrl\":\"https:\\\/\\\/www.innovative.dk\\\/wp-content\\\/uploads\\\/2020\\\/09\\\/Innovative-logo.png\",\"width\":650,\"height\":100,\"caption\":\"Innovative\"},\"image\":{\"@id\":\"https:\\\/\\\/www.innovative.dk\\\/da\\\/#\\\/schema\\\/logo\\\/image\\\/\"},\"sameAs\":[\"https:\\\/\\\/www.facebook.com\\\/InnovativeBusinessSoftware\\\/\",\"https:\\\/\\\/x.com\\\/Innovative_ISM\",\"https:\\\/\\\/www.linkedin.com\\\/company\\\/innovative-business-software-a-s\\\/\",\"https:\\\/\\\/www.youtube.com\\\/user\\\/InnovativeBS\"]}]}<\/script>\n<!-- \/ Yoast SEO plugin. -->","yoast_head_json":{"title":"Innovative - Fire Department Case","description":"\u00d8stjyllands Brandv\u00e6sen (tidligere Aarhus Brandv\u00e6sen) stod med en aldrende l\u00f8sning, der ikke l\u00e6ngere kunne opdateres.","robots":{"index":"index","follow":"follow","max-snippet":"max-snippet:-1","max-image-preview":"max-image-preview:large","max-video-preview":"max-video-preview:-1"},"canonical":"https:\/\/www.innovative.dk\/da\/cases\/fire-department-case\/","og_locale":"da_DK","og_type":"article","og_title":"Innovative - Fire Department Case","og_description":"\u00d8stjyllands Brandv\u00e6sen (tidligere Aarhus Brandv\u00e6sen) stod med en aldrende l\u00f8sning, der ikke l\u00e6ngere kunne opdateres.","og_url":"https:\/\/www.innovative.dk\/da\/cases\/fire-department-case\/","og_site_name":"Innovative","article_publisher":"https:\/\/www.facebook.com\/InnovativeBusinessSoftware\/","article_modified_time":"2023-10-26T09:15:28+00:00","twitter_card":"summary_large_image","twitter_site":"@Innovative_ISM","twitter_misc":{"Estimeret l\u00e6setid":"2 minutter"},"schema":{"@context":"https:\/\/schema.org","@graph":[{"@type":"WebPage","@id":"https:\/\/www.innovative.dk\/da\/cases\/fire-department-case\/","url":"https:\/\/www.innovative.dk\/da\/cases\/fire-department-case\/","name":"Innovative - Fire Department Case","isPartOf":{"@id":"https:\/\/www.innovative.dk\/da\/#website"},"datePublished":"2020-09-03T13:23:35+00:00","dateModified":"2023-10-26T09:15:28+00:00","description":"\u00d8stjyllands Brandv\u00e6sen (tidligere Aarhus Brandv\u00e6sen) stod med en aldrende l\u00f8sning, der ikke l\u00e6ngere kunne opdateres.","breadcrumb":{"@id":"https:\/\/www.innovative.dk\/da\/cases\/fire-department-case\/#breadcrumb"},"inLanguage":"da-DK","potentialAction":[{"@type":"ReadAction","target":["https:\/\/www.innovative.dk\/da\/cases\/fire-department-case\/"]}]},{"@type":"BreadcrumbList","@id":"https:\/\/www.innovative.dk\/da\/cases\/fire-department-case\/#breadcrumb","itemListElement":[{"@type":"ListItem","position":1,"name":"Home","item":"https:\/\/www.innovative.dk\/da\/home\/"},{"@type":"ListItem","position":2,"name":"Kunder &#038; cases","item":"https:\/\/www.innovative.dk\/da\/cases\/"},{"@type":"ListItem","position":3,"name":"Fire Department Case"}]},{"@type":"WebSite","@id":"https:\/\/www.innovative.dk\/da\/#website","url":"https:\/\/www.innovative.dk\/da\/","name":"Innovative","description":"Integrated Task &amp; Incident Management Software","publisher":{"@id":"https:\/\/www.innovative.dk\/da\/#organization"},"potentialAction":[{"@type":"SearchAction","target":{"@type":"EntryPoint","urlTemplate":"https:\/\/www.innovative.dk\/da\/?s={search_term_string}"},"query-input":{"@type":"PropertyValueSpecification","valueRequired":true,"valueName":"search_term_string"}}],"inLanguage":"da-DK"},{"@type":"Organization","@id":"https:\/\/www.innovative.dk\/da\/#organization","name":"Innovative","url":"https:\/\/www.innovative.dk\/da\/","logo":{"@type":"ImageObject","inLanguage":"da-DK","@id":"https:\/\/www.innovative.dk\/da\/#\/schema\/logo\/image\/","url":"https:\/\/www.innovative.dk\/wp-content\/uploads\/2020\/09\/Innovative-logo.png","contentUrl":"https:\/\/www.innovative.dk\/wp-content\/uploads\/2020\/09\/Innovative-logo.png","width":650,"height":100,"caption":"Innovative"},"image":{"@id":"https:\/\/www.innovative.dk\/da\/#\/schema\/logo\/image\/"},"sameAs":["https:\/\/www.facebook.com\/InnovativeBusinessSoftware\/","https:\/\/x.com\/Innovative_ISM","https:\/\/www.linkedin.com\/company\/innovative-business-software-a-s\/","https:\/\/www.youtube.com\/user\/InnovativeBS"]}]}},"_links":{"self":[{"href":"https:\/\/www.innovative.dk\/da\/wp-json\/wp\/v2\/pages\/194","targetHints":{"allow":["GET"]}}],"collection":[{"href":"https:\/\/www.innovative.dk\/da\/wp-json\/wp\/v2\/pages"}],"about":[{"href":"https:\/\/www.innovative.dk\/da\/wp-json\/wp\/v2\/types\/page"}],"author":[{"embeddable":true,"href":"https:\/\/www.innovative.dk\/da\/wp-json\/wp\/v2\/users\/30"}],"replies":[{"embeddable":true,"href":"https:\/\/www.innovative.dk\/da\/wp-json\/wp\/v2\/comments?post=194"}],"version-history":[{"count":0,"href":"https:\/\/www.innovative.dk\/da\/wp-json\/wp\/v2\/pages\/194\/revisions"}],"up":[{"embeddable":true,"href":"https:\/\/www.innovative.dk\/da\/wp-json\/wp\/v2\/pages\/188"}],"wp:attachment":[{"href":"https:\/\/www.innovative.dk\/da\/wp-json\/wp\/v2\/media?parent=194"}],"curies":[{"name":"wp","href":"https:\/\/api.w.org\/{rel}","templated":true}]}}