{"id":191,"date":"2020-09-03T13:19:19","date_gmt":"2020-09-03T13:19:19","guid":{"rendered":"http:\/\/innovativedk.wpengine.com\/?page_id=191"},"modified":"2023-10-26T09:19:15","modified_gmt":"2023-10-26T09:19:15","slug":"avarn-security-case","status":"publish","type":"page","link":"https:\/\/www.innovative.dk\/da\/cases\/avarn-security-case\/","title":{"rendered":"AVARN Security i Finland v\u00e6lger ISM"},"content":{"rendered":"<div class=\"dgaggableHolder\">\r\n    <div class=\"TopBigImg\">\r\n        <div class=\"backgroundImage ratioSave\">\r\n            <div class=\"croper\" style=\"background-image: url('\/media\/1858\/avarn.png');\">\r\n             <img decoding=\"async\" src=\"\/media\/1858\/avarn.png\" alt=\"\" \/>\r\n            <\/div>\r\n        <\/div>\r\n    <\/div>\r\n    <div class=\"richTextEditor\" style=\"background-color: #f4f4f4;\">\r\n        <div class=\"container personalSizeForPageCookies containerOnImage\" style=\"background-color: white;\">\r\n            <div class=\"titleWrapperIn\">\r\n            <h2 class=\"mb-10\">\r\n                 <span class=\"mb-10\" style=\"text-align: center;\"><span style=\"color: #ff0000;\"><span style=\"background-color: #ffffff;\">AVARN SECURITY I FINLAND V\u00c6LGER INNOVATIVE SECURITY MANAGER\u2122<\/span><\/span><\/span>\r\n            <\/h2>\r\n             <span class=\"mb-10\">Efter fusionen af de to finske sikkerhedsvirksomheder AVARN Security Oy og Prevent 360 Turvallisuuspalvelut Oy i oktober 2018, var det n\u00f8dvendigt at kombinere de to virksomheders alarmbehandlingsplatforme.<\/span>\r\n            <\/div>\r\n            <div class=\"contentInTwoCol\">\r\n            <p><strong>Udfordringen<\/strong><\/p>\r\n            <p style=\"text-align: justify;\">For at forst\u00e5 AVARN Security Oys udfordring er vi n\u00f8dt til at g\u00e5 tilbage til Prevent 360s historie. Den g\u00e5r tilbage til Engel Security og ISS Services. I juni 2014 k\u00f8bte ISS Engel Security for at kunne levere flere tjenester til en st\u00f8rre kundebase. I 2016 besluttede ISS sig imidlertid for at koncentrere sig om deres kerne kerneforretning: ejendoms- og reng\u00f8ringsservice og frasolgte sikkerhedsafdelingen til Intera Partners. Prevent 360 var dermed fra starten f\u00f8dt som en solid akt\u00f8r i den finske sikkerhedsbranche.<\/p>\r\n            <p style=\"text-align: justify;\">AVARN Security Oy var fast besluttet p\u00e5 at etablere aktiviteter p\u00e5 det finske sikkerhedsmarked og k\u00f8bte derfor Prevent 360 i oktober 2018. Efter overtagelsen var det n\u00f8dvendigt at kombinere de to virksomheders alarmbehandlingsplatforme og AVARN Security valgte Innovative Security Manager\u2122 (ISM) som deres prim\u00e6re alarmbehandlingsplatform.<\/p>\r\n            <p><strong>L\u00f8sning<\/strong><\/p>\r\n            <p style=\"text-align: justify;\">AVARN valgte Innovative Security Manager\u2122, som deres prim\u00e6re incident management platform. F\u00f8r fusionen anvendte AVARN Safecon som deres prim\u00e6re platform. En smart softwarel\u00f8sning overf\u00f8rte imidlertid automatisk alle relevante data til ISM. ISMs automatiske overf\u00f8rsel var derfor den vigtigste fordel for AVARN.<\/p>\r\n            <p><strong>Innovative\u00a0<\/strong><strong>Security Manager<span style=\"font-size: 10px;\"><sup>TM<\/sup><\/span> funktioner<\/strong><\/p>\r\n            <ul>\r\n                <li>GuardTools dispatch<\/li>\r\n                <li>Auto-instrukser: SMS-module<\/li>\r\n            <\/ul>\r\n            <p><strong>Resultater<\/strong><\/p>\r\n            <p style=\"text-align: justify;\">Den automatiske overf\u00f8rsel <strong>sparede personalet for meget tid \u2013 tid som personalet ellers skulle have brugt p\u00e5 manuelt at oprette installationer, paneler, zoner<\/strong> osv.<\/p>\r\n            <p style=\"text-align: justify;\">Som AVARN Securitys eneste alarmbehandlingsplatform behandler ISM derfor nu tusindvis af alarmer og opgaver fordelt p\u00e5 tusindvis af installationer, disponering af personale og k\u00f8ret\u00f8jer og meget mere &#8211; alt sammen fra en enkelt kontrolcentral.<\/p>\r\n            <p style=\"text-align: justify;\"><\/p>\r\n            <p style=\"text-align: justify;\"><\/p>\r\n            <\/div>\r\n        <\/div>\r\n    <\/div>\r\n     <!-- <div class=\"personInCircle\" style=\"background-color:#f4f4f4;\">\r\n         <div class=\"container personalSizeForPageCookies bgWhite indPadding \">\r\n            <div class=\"row\">\r\n               <div class=\"col-sm-3\">\r\n                  <div class=\"personBlockRoundImage\"><img decoding=\"async\" src=\"\/media\/1328\/dennis_bang_andersen-150x150px.png\" alt=\"\"><\/div>\r\n               <\/div>\r\n               <div class=\"col-md-6 col-sm-7 \">\r\n                  <div class=\"personsBlock\">\r\n                     <div class=\"title\">FOR MERE INFORMATION<\/div>\r\n                     <p class=\"text\">Venligst kontakt Sales Director Dennis Bang Andersen<\/p>\r\n                     <div class=\"contactsLine\">\r\n                        <span>Telefon: <\/span><span class=\"orange\">3373 4042<\/span>\r\n                        <span>eller e-mail: <\/span><a href=\"mailto:da@innovative.dk\">da@innovative.dk<\/a>\r\n                     <\/div>\r\n                  <\/div>\r\n               <\/div>\r\n            <\/div>\r\n         <\/div>\r\n      <\/div> -->\r\n<div class=\"personInCircle\" style=\"background-color: #f4f4f4;\">\r\n        <div class=\"container personalSizeForPageCookies bgWhite indPadding \">\r\n            <div class=\"row\">\r\n            <div class=\"col-sm-3\">\r\n                 <!-- <div class=\"personBlockRoundImage\"><img decoding=\"async\" src=\"\/media\/1328\/dennis_bang_andersen-150x150px.png\" alt=\"\"><\/div> -->\r\n            <\/div>\r\n            <div class=\"col-md-6 col-sm-7 \">\r\n                <div class=\"personsBlock\">\r\n                    <div class=\"title\">FOR MERE INFORMATION<\/div>\r\n                    <p class=\"text\">Venligst kontakt Sales Director Pekka Uutela<\/p>\r\n                    <div class=\"contactsLine\">\r\n                        <!-- <span>Telefon: <\/span><span class=\"orange\">3373 4042<\/span> -->\r\n                        <span>e-mail: <\/span><a href=\"mailto:peter.jansson@gemini-sense.com\">pekka.uutela@gemini-sense.com<\/a>\r\n                    <\/div>\r\n                <\/div>\r\n            <\/div>\r\n            <\/div>\r\n        <\/div>\r\n    <\/div>\r\n    <div class=\"parralaxBottom\" style=\"background-color: #; background-image: url('\/media\/1335\/2-1_banner_securityclient_2600x1463px.jpg');\">\r\n        <div class=\"textTop\">\r\n            <div class=\"container personalSizeForPageCookies height100\">\r\n            <div class=\"dispTable\">\r\n                <div class=\"tableCell\">\r\n                    <h2 class=\"mb-10\">\r\n                        <span class=\"mb-10\">L\u00c6S MERE OM HVORDAN INNOVATIVE SECURITY MANAGER\u2122\u200b HJ\u00c6LPER KONTROLCENTRALER<\/span>\r\n                    <\/h2>\r\n                    <p>Med Innovative Security Manager\u2122 f\u00e5r I en enkel softwareplatform, som automatiserer alle aspekter af jeres arbejdsgange i \u00e9t vindue, og f\u00e5r dermed mest muligt ud af jeres sikkerhedsinvestinger.<\/p>\r\n                    <div class=\"buttonAftTxth2Baner\">\r\n                        <div class=\"generalButton \">\r\n                         <a href=\"\/da\/solutions\/industries\/arc\/\" class=\"\">INNOVATIVE SECURITY MANAGER\u2122 TIL KONTROLCENTRALER<\/a>\r\n                        <\/div>\r\n                    <\/div>\r\n                <\/div>\r\n            <\/div>\r\n            <\/div>\r\n        <\/div>\r\n    <\/div>\r\n<\/div>","protected":false},"excerpt":{"rendered":"<p>AVARN SECURITY I FINLAND V\u00c6LGER INNOVATIVE SECURITY MANAGER\u2122 Efter fusionen af de to finske sikkerhedsvirksomheder AVARN Security Oy og Prevent 360 Turvallisuuspalvelut Oy i oktober 2018, var det n\u00f8dvendigt at kombinere de to virksomheders alarmbehandlingsplatforme. Udfordringen For at forst\u00e5 AVARN Security Oys udfordring er vi n\u00f8dt til at g\u00e5 tilbage til Prevent 360s historie. Den [&hellip;]<\/p>\n","protected":false},"author":30,"featured_media":0,"parent":188,"menu_order":0,"comment_status":"closed","ping_status":"closed","template":"","meta":{"footnotes":""},"class_list":["post-191","page","type-page","status-publish","hentry"],"yoast_head":"<!-- This site is optimized with the Yoast SEO plugin v27.4 - https:\/\/yoast.com\/product\/yoast-seo-wordpress\/ -->\n<title>Innovative - AVARN Security i Finland v\u00e6lger ISM<\/title>\n<meta name=\"description\" content=\"Efter fusionen af de to finske sikkerhedsvirksomheder AVARN Security Oy og Prevent 360 Turvallisuuspalvelut Oy i oktober 2018, var det n\u00f8dvendigt at kombinere de to virksomheders alarmbehandlingsplatforme\" \/>\n<meta name=\"robots\" content=\"index, follow, max-snippet:-1, max-image-preview:large, max-video-preview:-1\" \/>\n<link rel=\"canonical\" href=\"https:\/\/www.innovative.dk\/da\/cases\/avarn-security-case\/\" \/>\n<meta property=\"og:locale\" content=\"da_DK\" \/>\n<meta property=\"og:type\" content=\"article\" \/>\n<meta property=\"og:title\" content=\"Innovative - AVARN Security i Finland v\u00e6lger ISM\" \/>\n<meta property=\"og:description\" content=\"Efter fusionen af de to finske sikkerhedsvirksomheder AVARN Security Oy og Prevent 360 Turvallisuuspalvelut Oy i oktober 2018, var det n\u00f8dvendigt at kombinere de to virksomheders alarmbehandlingsplatforme\" \/>\n<meta property=\"og:url\" content=\"https:\/\/www.innovative.dk\/da\/cases\/avarn-security-case\/\" \/>\n<meta property=\"og:site_name\" content=\"Innovative\" \/>\n<meta property=\"article:publisher\" content=\"https:\/\/www.facebook.com\/InnovativeBusinessSoftware\/\" \/>\n<meta property=\"article:modified_time\" content=\"2023-10-26T09:19:15+00:00\" \/>\n<meta name=\"twitter:card\" content=\"summary_large_image\" \/>\n<meta name=\"twitter:site\" content=\"@Innovative_ISM\" \/>\n<meta name=\"twitter:label1\" content=\"Estimeret l\u00e6setid\" \/>\n\t<meta name=\"twitter:data1\" content=\"2 minutter\" \/>\n<script type=\"application\/ld+json\" class=\"yoast-schema-graph\">{\"@context\":\"https:\\\/\\\/schema.org\",\"@graph\":[{\"@type\":\"WebPage\",\"@id\":\"https:\\\/\\\/www.innovative.dk\\\/da\\\/cases\\\/avarn-security-case\\\/\",\"url\":\"https:\\\/\\\/www.innovative.dk\\\/da\\\/cases\\\/avarn-security-case\\\/\",\"name\":\"Innovative - AVARN Security i Finland v\u00e6lger ISM\",\"isPartOf\":{\"@id\":\"https:\\\/\\\/www.innovative.dk\\\/da\\\/#website\"},\"datePublished\":\"2020-09-03T13:19:19+00:00\",\"dateModified\":\"2023-10-26T09:19:15+00:00\",\"description\":\"Efter fusionen af de to finske sikkerhedsvirksomheder AVARN Security Oy og Prevent 360 Turvallisuuspalvelut Oy i oktober 2018, var det n\u00f8dvendigt at kombinere de to virksomheders alarmbehandlingsplatforme\",\"breadcrumb\":{\"@id\":\"https:\\\/\\\/www.innovative.dk\\\/da\\\/cases\\\/avarn-security-case\\\/#breadcrumb\"},\"inLanguage\":\"da-DK\",\"potentialAction\":[{\"@type\":\"ReadAction\",\"target\":[\"https:\\\/\\\/www.innovative.dk\\\/da\\\/cases\\\/avarn-security-case\\\/\"]}]},{\"@type\":\"BreadcrumbList\",\"@id\":\"https:\\\/\\\/www.innovative.dk\\\/da\\\/cases\\\/avarn-security-case\\\/#breadcrumb\",\"itemListElement\":[{\"@type\":\"ListItem\",\"position\":1,\"name\":\"Home\",\"item\":\"https:\\\/\\\/www.innovative.dk\\\/da\\\/home\\\/\"},{\"@type\":\"ListItem\",\"position\":2,\"name\":\"Kunder &#038; cases\",\"item\":\"https:\\\/\\\/www.innovative.dk\\\/da\\\/cases\\\/\"},{\"@type\":\"ListItem\",\"position\":3,\"name\":\"AVARN Security i Finland v\u00e6lger ISM\"}]},{\"@type\":\"WebSite\",\"@id\":\"https:\\\/\\\/www.innovative.dk\\\/da\\\/#website\",\"url\":\"https:\\\/\\\/www.innovative.dk\\\/da\\\/\",\"name\":\"Innovative\",\"description\":\"Integrated Task &amp; Incident Management Software\",\"publisher\":{\"@id\":\"https:\\\/\\\/www.innovative.dk\\\/da\\\/#organization\"},\"potentialAction\":[{\"@type\":\"SearchAction\",\"target\":{\"@type\":\"EntryPoint\",\"urlTemplate\":\"https:\\\/\\\/www.innovative.dk\\\/da\\\/?s={search_term_string}\"},\"query-input\":{\"@type\":\"PropertyValueSpecification\",\"valueRequired\":true,\"valueName\":\"search_term_string\"}}],\"inLanguage\":\"da-DK\"},{\"@type\":\"Organization\",\"@id\":\"https:\\\/\\\/www.innovative.dk\\\/da\\\/#organization\",\"name\":\"Innovative\",\"url\":\"https:\\\/\\\/www.innovative.dk\\\/da\\\/\",\"logo\":{\"@type\":\"ImageObject\",\"inLanguage\":\"da-DK\",\"@id\":\"https:\\\/\\\/www.innovative.dk\\\/da\\\/#\\\/schema\\\/logo\\\/image\\\/\",\"url\":\"https:\\\/\\\/www.innovative.dk\\\/wp-content\\\/uploads\\\/2020\\\/09\\\/Innovative-logo.png\",\"contentUrl\":\"https:\\\/\\\/www.innovative.dk\\\/wp-content\\\/uploads\\\/2020\\\/09\\\/Innovative-logo.png\",\"width\":650,\"height\":100,\"caption\":\"Innovative\"},\"image\":{\"@id\":\"https:\\\/\\\/www.innovative.dk\\\/da\\\/#\\\/schema\\\/logo\\\/image\\\/\"},\"sameAs\":[\"https:\\\/\\\/www.facebook.com\\\/InnovativeBusinessSoftware\\\/\",\"https:\\\/\\\/x.com\\\/Innovative_ISM\",\"https:\\\/\\\/www.linkedin.com\\\/company\\\/innovative-business-software-a-s\\\/\",\"https:\\\/\\\/www.youtube.com\\\/user\\\/InnovativeBS\"]}]}<\/script>\n<!-- \/ Yoast SEO plugin. -->","yoast_head_json":{"title":"Innovative - AVARN Security i Finland v\u00e6lger ISM","description":"Efter fusionen af de to finske sikkerhedsvirksomheder AVARN Security Oy og Prevent 360 Turvallisuuspalvelut Oy i oktober 2018, var det n\u00f8dvendigt at kombinere de to virksomheders alarmbehandlingsplatforme","robots":{"index":"index","follow":"follow","max-snippet":"max-snippet:-1","max-image-preview":"max-image-preview:large","max-video-preview":"max-video-preview:-1"},"canonical":"https:\/\/www.innovative.dk\/da\/cases\/avarn-security-case\/","og_locale":"da_DK","og_type":"article","og_title":"Innovative - AVARN Security i Finland v\u00e6lger ISM","og_description":"Efter fusionen af de to finske sikkerhedsvirksomheder AVARN Security Oy og Prevent 360 Turvallisuuspalvelut Oy i oktober 2018, var det n\u00f8dvendigt at kombinere de to virksomheders alarmbehandlingsplatforme","og_url":"https:\/\/www.innovative.dk\/da\/cases\/avarn-security-case\/","og_site_name":"Innovative","article_publisher":"https:\/\/www.facebook.com\/InnovativeBusinessSoftware\/","article_modified_time":"2023-10-26T09:19:15+00:00","twitter_card":"summary_large_image","twitter_site":"@Innovative_ISM","twitter_misc":{"Estimeret l\u00e6setid":"2 minutter"},"schema":{"@context":"https:\/\/schema.org","@graph":[{"@type":"WebPage","@id":"https:\/\/www.innovative.dk\/da\/cases\/avarn-security-case\/","url":"https:\/\/www.innovative.dk\/da\/cases\/avarn-security-case\/","name":"Innovative - AVARN Security i Finland v\u00e6lger ISM","isPartOf":{"@id":"https:\/\/www.innovative.dk\/da\/#website"},"datePublished":"2020-09-03T13:19:19+00:00","dateModified":"2023-10-26T09:19:15+00:00","description":"Efter fusionen af de to finske sikkerhedsvirksomheder AVARN Security Oy og Prevent 360 Turvallisuuspalvelut Oy i oktober 2018, var det n\u00f8dvendigt at kombinere de to virksomheders alarmbehandlingsplatforme","breadcrumb":{"@id":"https:\/\/www.innovative.dk\/da\/cases\/avarn-security-case\/#breadcrumb"},"inLanguage":"da-DK","potentialAction":[{"@type":"ReadAction","target":["https:\/\/www.innovative.dk\/da\/cases\/avarn-security-case\/"]}]},{"@type":"BreadcrumbList","@id":"https:\/\/www.innovative.dk\/da\/cases\/avarn-security-case\/#breadcrumb","itemListElement":[{"@type":"ListItem","position":1,"name":"Home","item":"https:\/\/www.innovative.dk\/da\/home\/"},{"@type":"ListItem","position":2,"name":"Kunder &#038; cases","item":"https:\/\/www.innovative.dk\/da\/cases\/"},{"@type":"ListItem","position":3,"name":"AVARN Security i Finland v\u00e6lger ISM"}]},{"@type":"WebSite","@id":"https:\/\/www.innovative.dk\/da\/#website","url":"https:\/\/www.innovative.dk\/da\/","name":"Innovative","description":"Integrated Task &amp; Incident Management Software","publisher":{"@id":"https:\/\/www.innovative.dk\/da\/#organization"},"potentialAction":[{"@type":"SearchAction","target":{"@type":"EntryPoint","urlTemplate":"https:\/\/www.innovative.dk\/da\/?s={search_term_string}"},"query-input":{"@type":"PropertyValueSpecification","valueRequired":true,"valueName":"search_term_string"}}],"inLanguage":"da-DK"},{"@type":"Organization","@id":"https:\/\/www.innovative.dk\/da\/#organization","name":"Innovative","url":"https:\/\/www.innovative.dk\/da\/","logo":{"@type":"ImageObject","inLanguage":"da-DK","@id":"https:\/\/www.innovative.dk\/da\/#\/schema\/logo\/image\/","url":"https:\/\/www.innovative.dk\/wp-content\/uploads\/2020\/09\/Innovative-logo.png","contentUrl":"https:\/\/www.innovative.dk\/wp-content\/uploads\/2020\/09\/Innovative-logo.png","width":650,"height":100,"caption":"Innovative"},"image":{"@id":"https:\/\/www.innovative.dk\/da\/#\/schema\/logo\/image\/"},"sameAs":["https:\/\/www.facebook.com\/InnovativeBusinessSoftware\/","https:\/\/x.com\/Innovative_ISM","https:\/\/www.linkedin.com\/company\/innovative-business-software-a-s\/","https:\/\/www.youtube.com\/user\/InnovativeBS"]}]}},"_links":{"self":[{"href":"https:\/\/www.innovative.dk\/da\/wp-json\/wp\/v2\/pages\/191","targetHints":{"allow":["GET"]}}],"collection":[{"href":"https:\/\/www.innovative.dk\/da\/wp-json\/wp\/v2\/pages"}],"about":[{"href":"https:\/\/www.innovative.dk\/da\/wp-json\/wp\/v2\/types\/page"}],"author":[{"embeddable":true,"href":"https:\/\/www.innovative.dk\/da\/wp-json\/wp\/v2\/users\/30"}],"replies":[{"embeddable":true,"href":"https:\/\/www.innovative.dk\/da\/wp-json\/wp\/v2\/comments?post=191"}],"version-history":[{"count":0,"href":"https:\/\/www.innovative.dk\/da\/wp-json\/wp\/v2\/pages\/191\/revisions"}],"up":[{"embeddable":true,"href":"https:\/\/www.innovative.dk\/da\/wp-json\/wp\/v2\/pages\/188"}],"wp:attachment":[{"href":"https:\/\/www.innovative.dk\/da\/wp-json\/wp\/v2\/media?parent=191"}],"curies":[{"name":"wp","href":"https:\/\/api.w.org\/{rel}","templated":true}]}}