{"id":189,"date":"2020-09-03T13:16:46","date_gmt":"2020-09-03T13:16:46","guid":{"rendered":"http:\/\/innovativedk.wpengine.com\/?page_id=189"},"modified":"2023-10-26T09:16:32","modified_gmt":"2023-10-26T09:16:32","slug":"airport-case","status":"publish","type":"page","link":"https:\/\/www.innovative.dk\/da\/cases\/airport-case\/","title":{"rendered":"Airport Case"},"content":{"rendered":"<div class=\"dgaggableHolder\">\r\n    <div class=\"TopBigImg\">\r\n        <div class=\"backgroundImage ratioSave\">\r\n            <div class=\"croper\" style=\"background-image: url('\/media\/1125\/2-1_case-header_2600x590px.jpg');\">\r\n             <img decoding=\"async\" src=\"\/media\/1125\/2-1_case-header_2600x590px.jpg\" alt=\"\" \/>\r\n            <\/div>\r\n        <\/div>\r\n    <\/div>\r\n    <div class=\"richTextEditor\" style=\"background-color: #f4f4f4;\">\r\n        <div class=\"container personalSizeForPageCookies containerOnImage\" style=\"background-color: white;\">\r\n            <div class=\"titleWrapperIn\">\r\n            <h2 class=\"mb-10\">\r\n                 <span class=\"mb-10\" style=\"text-align: center;\">K\u00d8BENHAVNS LUFTHAVN (CPH) BRUGER<br \/>\r\n                     <span class=\"orange\">INNOVATIVE SECURITY MANAGER\u2122<\/span><br \/>\r\n                     TIL AT STYRE SIKKERHEDSOPGAVER\r\n                 <\/span>\r\n            <\/h2>\r\n             <span class=\"mb-10\">K\u00f8benhavns Lufthavns kontrolcentral (CPH Security Operations Center) styrer lufthavnens sikkerhedsopgaver med Innovative Security Manager<span class=\"st\">\u2122.<\/span><\/span>\r\n            <\/div>\r\n            <div class=\"contentInTwoCol\">\r\n            <p style=\"text-align: justify;\"><strong>Udfordringen<\/strong><br \/>\r\n                 Igennem de senere \u00e5r har K\u00f8benhavns Lufthavn (CPH) oplevet en kraftig v\u00e6kst i passagerantallet. Sammen med indf\u00f8rslen af nye lovkrav blev det derfor vigtigt for CPH at implementere en ny sikkerhedsplatform, der kunne effektivisere og forbedre sikkerhedsopgaver- og rutiner i lufthavnen &#8211; s\u00e5vel landside som airside.\r\n            <\/p>\r\n            <p style=\"text-align: justify;\">CPH ledte efter en l\u00f8sning, der kunne give deres kontrolcentral det fulde operationelle overblik over bl.a. placering af havnebetjente, modtagelse af alarmer samt automatisk oprettelse af sikkerhedsopgaver og disponering af disse. Alt sammen i realtid.<\/p>\r\n            <p style=\"text-align: justify;\">Desuden \u00f8nskede CPH en mere effektiv indsamling og dokumentation af data.<br \/>\r\n                 <br \/>\r\n                 <strong>L\u00f8sning<\/strong><br \/>\r\n                 Efter implementering af Innovative Security Manager\u2122 kan CPH nu oprette og planl\u00e6gge opgaver og efterf\u00f8lgende manuelt eller automatiskt disponere disse til en eller flere havnebetjente (via en mobil enhed).\r\n            <\/p>\r\n            <p style=\"text-align: justify;\">Dette sikrer CPH det fulde operationelle overblik over samtlige sikkerhedsrelaterede aktiviteter i lufthavnen 24\/7\/365.<\/p>\r\n            <p style=\"text-align: justify;\">Derudover optimerer ISM opgave- og ressourcestyringen ved at indberegne forskellige parametre under disponering som for eksempel opgaveprioritet, tilg\u00e6ngelige havnebetjente, n\u00e6rmest havnebetjent osv.<\/p>\r\n            <p>&nbsp;<\/p>\r\n            <p><strong>Innovative Security Manager<\/strong>\u2122\u00a0<strong>funktioner:<\/strong><\/p>\r\n            <ul>\r\n                <li>Opgave- og ressourcestyring<\/li>\r\n                <li>Rapporteringssystem<\/li>\r\n                <li>Interaktivt kort<\/li>\r\n                <li>Robuste, mobile enheder med ISM app til Android\u2122<\/li>\r\n                <li>Indend\u00f8rspositionering via indend\u00f8rs wi-fi<\/li>\r\n                <li>Integration til eksisterende VHF-radiosystem<\/li>\r\n            <\/ul>\r\n            <p style=\"text-align: justify;\"><strong>Resultater<\/strong><br \/>\r\n                 Innovative Security Manger<span class=\"st\">\u2122<\/span>\u00a0har givet K\u00f8benhavns Lufthavn et levende overblik over alle alarmer, h\u00e6ndelser, opgaver og havnebetjente &#8211; b\u00e5de landside og airside. Derudover har K\u00f8benhavns Lufthavn reduceret responstiderne ved hurtigt at kunne allokere de n\u00e6rmeste havnebetjente til en given opgave eller alarm &#8211; b\u00e5de indend\u00f8rs (wi-fi) og udend\u00f8rs (GPS).\r\n            <\/p>\r\n            <p style=\"text-align: justify;\"><span class=\"quots\">Vi har i mange \u00e5r oplevet en kraftig v\u00e6kst b\u00e5de i antal passagerer og nye lovkrav. Vi valgte\u00a0Innovative Security Manager\u2122, fordi vi gerne ville \u00f8ge kapaciteten i vores kontrolcenter (Security Operations Center) bl.a. ved at kunne automatisere planl\u00e6gningen og disponeringen af opgaver og ved automatisk at kunne bestemme den n\u00e6rmeste havnebetjent til en given opgave &#8211; b\u00e5de indend\u00f8r og udend\u00f8rs.<\/span><\/p>\r\n            <p><span class=\"name\">Johnnie M\u00fcller<br \/>\r\n                 Sikkerhedschef i K\u00f8benhavns Lufthavn<\/span>\r\n            <\/p>\r\n            <\/div>\r\n        <\/div>\r\n    <\/div>\r\n     <!-- <div class=\"personInCircle\" style=\"background-color:#f4f4f4;\">\r\n         <div class=\"container personalSizeForPageCookies bgWhite indPadding \">\r\n            <div class=\"row\">\r\n               <div class=\"col-sm-3\">\r\n                  <div class=\"personBlockRoundImage\"><img decoding=\"async\" src=\"\/media\/1328\/dennis_bang_andersen-150x150px.png\" alt=\"\"><\/div>\r\n               <\/div>\r\n               <div class=\"col-md-6 col-sm-7 \">\r\n                  <div class=\"personsBlock\">\r\n                     <div class=\"title\">FOR MERE INFORMATION<\/div>\r\n                     <p class=\"text\">Venligst kontakt Sales Director Dennis Bang Andersen<\/p>\r\n                     <div class=\"contactsLine\">\r\n                        <span>Telefon: <\/span><span class=\"orange\">3373 4042<\/span>\r\n                        <span>eller e-mail: <\/span><a href=\"mailto:da@innovative.dk\">da@innovative.dk<\/a>\r\n                     <\/div>\r\n                  <\/div>\r\n               <\/div>\r\n            <\/div>\r\n         <\/div>\r\n      <\/div> -->\r\n    <div class=\"personInCircle\" style=\"background-color: #f4f4f4;\">\r\n        <div class=\"container personalSizeForPageCookies bgWhite indPadding \">\r\n            <div class=\"row\">\r\n            <div class=\"col-sm-3\">\r\n                 <!-- <div class=\"personBlockRoundImage\"><img decoding=\"async\" src=\"\/media\/1328\/dennis_bang_andersen-150x150px.png\" alt=\"\"><\/div> -->\r\n            <\/div>\r\n            <div class=\"col-md-6 col-sm-7 \">\r\n                <div class=\"personsBlock\">\r\n                    <div class=\"title\">FOR MERE INFORMATION<\/div>\r\n                    <p class=\"text\">Venligst kontakt Sales Director Pekka Uutela<\/p>\r\n                    <div class=\"contactsLine\">\r\n                        <!-- <span>Telefon: <\/span><span class=\"orange\">3373 4042<\/span> -->\r\n                        <span>e-mail: <\/span><a href=\"mailto:pekka.uutelagemini-sense.com\">pekka.uutela@gemini-sense.com<\/a>\r\n                    <\/div>\r\n                <\/div>\r\n            <\/div>\r\n            <\/div>\r\n        <\/div>\r\n    <\/div>\r\n    <div class=\"parralaxBottom\" style=\"background-color: #; background-image: url('\/media\/1335\/2-1_banner_securityclient_2600x1463px.jpg');\">\r\n        <div class=\"textTop\">\r\n            <div class=\"container personalSizeForPageCookies height100\">\r\n            <div class=\"dispTable\">\r\n                <div class=\"tableCell\">\r\n                    <h2 class=\"mb-10\">\r\n                        <span class=\"mb-10\">INNOVATIVE SECURITY MANAGER\u2122 ER DEN SIKRE PLATFORM TIL AT H\u00c5NDTERE KRITISKE SIKKERHEDSOPGAVER<\/span>\r\n                    <\/h2>\r\n                    <p>Innovative Security Manager<span class=\"st\">\u2122<\/span>\u00a0kan med fordel implementeres i lufthavne. L\u00e6s mere om de funktioner og fordele, der g\u00f8r Innovative Security Manager<span class=\"st\">\u2122<\/span>\u00a0til den foretrukne l\u00f8sning for lufthavne.<\/p>\r\n                    <div class=\"buttonAftTxth2Baner\">\r\n                        <div class=\"generalButton \">\r\n                         <a href=\"\/da\/solutions\/industries\/airports\/\" class=\"\">INNOVATIVE SECURITY MANAGER\u2122 TIL LUFTHAVN<\/a>\r\n                        <\/div>\r\n                    <\/div>\r\n                <\/div>\r\n            <\/div>\r\n            <\/div>\r\n        <\/div>\r\n    <\/div>\r\n<\/div>\r\n","protected":false},"excerpt":{"rendered":"<p>K\u00d8BENHAVNS LUFTHAVN (CPH) BRUGER INNOVATIVE SECURITY MANAGER\u2122 TIL AT STYRE SIKKERHEDSOPGAVER K\u00f8benhavns Lufthavns kontrolcentral (CPH Security Operations Center) styrer lufthavnens sikkerhedsopgaver med Innovative Security Manager\u2122. Udfordringen Igennem de senere \u00e5r har K\u00f8benhavns Lufthavn (CPH) oplevet en kraftig v\u00e6kst i passagerantallet. Sammen med indf\u00f8rslen af nye lovkrav blev det derfor vigtigt for CPH at implementere en [&hellip;]<\/p>\n","protected":false},"author":30,"featured_media":0,"parent":188,"menu_order":0,"comment_status":"closed","ping_status":"closed","template":"","meta":{"footnotes":""},"class_list":["post-189","page","type-page","status-publish","hentry"],"yoast_head":"<!-- This site is optimized with the Yoast SEO plugin v27.3 - https:\/\/yoast.com\/product\/yoast-seo-wordpress\/ -->\n<title>Innovative - Airport Case<\/title>\n<meta name=\"description\" content=\"K\u00f8benhavns Lufthavns kontrolcentral (CPH Security Operations Center) styrer lufthavnens sikkerhedsopgaver med Innovative Security Manager\u2122\" \/>\n<meta name=\"robots\" content=\"index, follow, max-snippet:-1, max-image-preview:large, max-video-preview:-1\" \/>\n<link rel=\"canonical\" href=\"https:\/\/www.innovative.dk\/da\/cases\/airport-case\/\" \/>\n<meta property=\"og:locale\" content=\"da_DK\" \/>\n<meta property=\"og:type\" content=\"article\" \/>\n<meta property=\"og:title\" content=\"Innovative - Airport Case\" \/>\n<meta property=\"og:description\" content=\"K\u00f8benhavns Lufthavns kontrolcentral (CPH Security Operations Center) styrer lufthavnens sikkerhedsopgaver med Innovative Security Manager\u2122\" \/>\n<meta property=\"og:url\" content=\"https:\/\/www.innovative.dk\/da\/cases\/airport-case\/\" \/>\n<meta property=\"og:site_name\" content=\"Innovative\" \/>\n<meta property=\"article:publisher\" content=\"https:\/\/www.facebook.com\/InnovativeBusinessSoftware\/\" \/>\n<meta property=\"article:modified_time\" content=\"2023-10-26T09:16:32+00:00\" \/>\n<meta name=\"twitter:card\" content=\"summary_large_image\" \/>\n<meta name=\"twitter:site\" content=\"@Innovative_ISM\" \/>\n<meta name=\"twitter:label1\" content=\"Estimeret l\u00e6setid\" \/>\n\t<meta name=\"twitter:data1\" content=\"2 minutter\" \/>\n<script type=\"application\/ld+json\" class=\"yoast-schema-graph\">{\"@context\":\"https:\\\/\\\/schema.org\",\"@graph\":[{\"@type\":\"WebPage\",\"@id\":\"https:\\\/\\\/www.innovative.dk\\\/da\\\/cases\\\/airport-case\\\/\",\"url\":\"https:\\\/\\\/www.innovative.dk\\\/da\\\/cases\\\/airport-case\\\/\",\"name\":\"Innovative - Airport Case\",\"isPartOf\":{\"@id\":\"https:\\\/\\\/www.innovative.dk\\\/da\\\/#website\"},\"datePublished\":\"2020-09-03T13:16:46+00:00\",\"dateModified\":\"2023-10-26T09:16:32+00:00\",\"description\":\"K\u00f8benhavns Lufthavns kontrolcentral (CPH Security Operations Center) styrer lufthavnens sikkerhedsopgaver med Innovative Security Manager\u2122\",\"breadcrumb\":{\"@id\":\"https:\\\/\\\/www.innovative.dk\\\/da\\\/cases\\\/airport-case\\\/#breadcrumb\"},\"inLanguage\":\"da-DK\",\"potentialAction\":[{\"@type\":\"ReadAction\",\"target\":[\"https:\\\/\\\/www.innovative.dk\\\/da\\\/cases\\\/airport-case\\\/\"]}]},{\"@type\":\"BreadcrumbList\",\"@id\":\"https:\\\/\\\/www.innovative.dk\\\/da\\\/cases\\\/airport-case\\\/#breadcrumb\",\"itemListElement\":[{\"@type\":\"ListItem\",\"position\":1,\"name\":\"Home\",\"item\":\"https:\\\/\\\/www.innovative.dk\\\/da\\\/home\\\/\"},{\"@type\":\"ListItem\",\"position\":2,\"name\":\"Kunder &#038; cases\",\"item\":\"https:\\\/\\\/www.innovative.dk\\\/da\\\/cases\\\/\"},{\"@type\":\"ListItem\",\"position\":3,\"name\":\"Airport Case\"}]},{\"@type\":\"WebSite\",\"@id\":\"https:\\\/\\\/www.innovative.dk\\\/da\\\/#website\",\"url\":\"https:\\\/\\\/www.innovative.dk\\\/da\\\/\",\"name\":\"Innovative\",\"description\":\"Integrated Task &amp; Incident Management Software\",\"publisher\":{\"@id\":\"https:\\\/\\\/www.innovative.dk\\\/da\\\/#organization\"},\"potentialAction\":[{\"@type\":\"SearchAction\",\"target\":{\"@type\":\"EntryPoint\",\"urlTemplate\":\"https:\\\/\\\/www.innovative.dk\\\/da\\\/?s={search_term_string}\"},\"query-input\":{\"@type\":\"PropertyValueSpecification\",\"valueRequired\":true,\"valueName\":\"search_term_string\"}}],\"inLanguage\":\"da-DK\"},{\"@type\":\"Organization\",\"@id\":\"https:\\\/\\\/www.innovative.dk\\\/da\\\/#organization\",\"name\":\"Innovative\",\"url\":\"https:\\\/\\\/www.innovative.dk\\\/da\\\/\",\"logo\":{\"@type\":\"ImageObject\",\"inLanguage\":\"da-DK\",\"@id\":\"https:\\\/\\\/www.innovative.dk\\\/da\\\/#\\\/schema\\\/logo\\\/image\\\/\",\"url\":\"https:\\\/\\\/www.innovative.dk\\\/wp-content\\\/uploads\\\/2020\\\/09\\\/Innovative-logo.png\",\"contentUrl\":\"https:\\\/\\\/www.innovative.dk\\\/wp-content\\\/uploads\\\/2020\\\/09\\\/Innovative-logo.png\",\"width\":650,\"height\":100,\"caption\":\"Innovative\"},\"image\":{\"@id\":\"https:\\\/\\\/www.innovative.dk\\\/da\\\/#\\\/schema\\\/logo\\\/image\\\/\"},\"sameAs\":[\"https:\\\/\\\/www.facebook.com\\\/InnovativeBusinessSoftware\\\/\",\"https:\\\/\\\/x.com\\\/Innovative_ISM\",\"https:\\\/\\\/www.linkedin.com\\\/company\\\/innovative-business-software-a-s\\\/\",\"https:\\\/\\\/www.youtube.com\\\/user\\\/InnovativeBS\"]}]}<\/script>\n<!-- \/ Yoast SEO plugin. -->","yoast_head_json":{"title":"Innovative - Airport Case","description":"K\u00f8benhavns Lufthavns kontrolcentral (CPH Security Operations Center) styrer lufthavnens sikkerhedsopgaver med Innovative Security Manager\u2122","robots":{"index":"index","follow":"follow","max-snippet":"max-snippet:-1","max-image-preview":"max-image-preview:large","max-video-preview":"max-video-preview:-1"},"canonical":"https:\/\/www.innovative.dk\/da\/cases\/airport-case\/","og_locale":"da_DK","og_type":"article","og_title":"Innovative - Airport Case","og_description":"K\u00f8benhavns Lufthavns kontrolcentral (CPH Security Operations Center) styrer lufthavnens sikkerhedsopgaver med Innovative Security Manager\u2122","og_url":"https:\/\/www.innovative.dk\/da\/cases\/airport-case\/","og_site_name":"Innovative","article_publisher":"https:\/\/www.facebook.com\/InnovativeBusinessSoftware\/","article_modified_time":"2023-10-26T09:16:32+00:00","twitter_card":"summary_large_image","twitter_site":"@Innovative_ISM","twitter_misc":{"Estimeret l\u00e6setid":"2 minutter"},"schema":{"@context":"https:\/\/schema.org","@graph":[{"@type":"WebPage","@id":"https:\/\/www.innovative.dk\/da\/cases\/airport-case\/","url":"https:\/\/www.innovative.dk\/da\/cases\/airport-case\/","name":"Innovative - Airport Case","isPartOf":{"@id":"https:\/\/www.innovative.dk\/da\/#website"},"datePublished":"2020-09-03T13:16:46+00:00","dateModified":"2023-10-26T09:16:32+00:00","description":"K\u00f8benhavns Lufthavns kontrolcentral (CPH Security Operations Center) styrer lufthavnens sikkerhedsopgaver med Innovative Security Manager\u2122","breadcrumb":{"@id":"https:\/\/www.innovative.dk\/da\/cases\/airport-case\/#breadcrumb"},"inLanguage":"da-DK","potentialAction":[{"@type":"ReadAction","target":["https:\/\/www.innovative.dk\/da\/cases\/airport-case\/"]}]},{"@type":"BreadcrumbList","@id":"https:\/\/www.innovative.dk\/da\/cases\/airport-case\/#breadcrumb","itemListElement":[{"@type":"ListItem","position":1,"name":"Home","item":"https:\/\/www.innovative.dk\/da\/home\/"},{"@type":"ListItem","position":2,"name":"Kunder &#038; cases","item":"https:\/\/www.innovative.dk\/da\/cases\/"},{"@type":"ListItem","position":3,"name":"Airport Case"}]},{"@type":"WebSite","@id":"https:\/\/www.innovative.dk\/da\/#website","url":"https:\/\/www.innovative.dk\/da\/","name":"Innovative","description":"Integrated Task &amp; Incident Management Software","publisher":{"@id":"https:\/\/www.innovative.dk\/da\/#organization"},"potentialAction":[{"@type":"SearchAction","target":{"@type":"EntryPoint","urlTemplate":"https:\/\/www.innovative.dk\/da\/?s={search_term_string}"},"query-input":{"@type":"PropertyValueSpecification","valueRequired":true,"valueName":"search_term_string"}}],"inLanguage":"da-DK"},{"@type":"Organization","@id":"https:\/\/www.innovative.dk\/da\/#organization","name":"Innovative","url":"https:\/\/www.innovative.dk\/da\/","logo":{"@type":"ImageObject","inLanguage":"da-DK","@id":"https:\/\/www.innovative.dk\/da\/#\/schema\/logo\/image\/","url":"https:\/\/www.innovative.dk\/wp-content\/uploads\/2020\/09\/Innovative-logo.png","contentUrl":"https:\/\/www.innovative.dk\/wp-content\/uploads\/2020\/09\/Innovative-logo.png","width":650,"height":100,"caption":"Innovative"},"image":{"@id":"https:\/\/www.innovative.dk\/da\/#\/schema\/logo\/image\/"},"sameAs":["https:\/\/www.facebook.com\/InnovativeBusinessSoftware\/","https:\/\/x.com\/Innovative_ISM","https:\/\/www.linkedin.com\/company\/innovative-business-software-a-s\/","https:\/\/www.youtube.com\/user\/InnovativeBS"]}]}},"_links":{"self":[{"href":"https:\/\/www.innovative.dk\/da\/wp-json\/wp\/v2\/pages\/189","targetHints":{"allow":["GET"]}}],"collection":[{"href":"https:\/\/www.innovative.dk\/da\/wp-json\/wp\/v2\/pages"}],"about":[{"href":"https:\/\/www.innovative.dk\/da\/wp-json\/wp\/v2\/types\/page"}],"author":[{"embeddable":true,"href":"https:\/\/www.innovative.dk\/da\/wp-json\/wp\/v2\/users\/30"}],"replies":[{"embeddable":true,"href":"https:\/\/www.innovative.dk\/da\/wp-json\/wp\/v2\/comments?post=189"}],"version-history":[{"count":0,"href":"https:\/\/www.innovative.dk\/da\/wp-json\/wp\/v2\/pages\/189\/revisions"}],"up":[{"embeddable":true,"href":"https:\/\/www.innovative.dk\/da\/wp-json\/wp\/v2\/pages\/188"}],"wp:attachment":[{"href":"https:\/\/www.innovative.dk\/da\/wp-json\/wp\/v2\/media?parent=189"}],"curies":[{"name":"wp","href":"https:\/\/api.w.org\/{rel}","templated":true}]}}