{"id":188,"date":"2020-09-03T13:04:37","date_gmt":"2020-09-03T13:04:37","guid":{"rendered":"http:\/\/innovativedk.wpengine.com\/?page_id=188"},"modified":"2020-10-05T11:01:01","modified_gmt":"2020-10-05T11:01:01","slug":"cases","status":"publish","type":"page","link":"https:\/\/www.innovative.dk\/da\/cases\/","title":{"rendered":"Kunder &#038; cases"},"content":{"rendered":"<div class=\"parralaxTop\" style=\"background-color: #;\">\r\n    <div class=\"bigImg\" id=\"bunnerHolder\">\r\n        <div class=\"backgroundImage ratioSave\">\r\n            <div class=\"croper\" style=\"background-image: url('\/media\/1125\/2-1_case-header_2600x590px.jpg');\">\r\n             <img decoding=\"async\" src=\"\/media\/1125\/2-1_case-header_2600x590px.jpg\" alt=\"\" \/>\r\n            <\/div>\r\n        <\/div>\r\n        <div class=\"textTop\">\r\n            <div class=\"container personalSizeForPageCookies height100\">\r\n            <div class=\"dispTable\">\r\n                <div class=\"tableCell\">\r\n                    <h2 class=\"mb-10\">\r\n                        <span class=\"mb-10\"><span class=\"black\">K\u00f8bnhavns Lufthavn (CPH) optimerer sikkerheden med\u00a0<\/span><span class=\"orange\">Innovative Security Manager\u2122<\/span><\/span>\r\n                    <\/h2>\r\n                    <div class=\"buttonAftTxtbigH2\">\r\n                        <div class=\"buttonAftTxtWrapp generalButton\">\r\n                         <a href=\"\/da\/cases\/airport-case\/\" class=\"\">L\u00c6S CASEN HER<\/a>\r\n                        <\/div>\r\n                    <\/div>\r\n                <\/div>\r\n            <\/div>\r\n            <\/div>\r\n        <\/div>\r\n    <\/div>\r\n<\/div>\r\n<div class=\"paralax\">\r\n    <div class=\"trBg\">\r\n        <div class=\"shaddowBaner ratioSave\">\r\n            <div class=\"croper\" style=\"background-image: url('\/media\/images\/trBg.png');\">\r\n             <img decoding=\"async\" src=\"\/media\/images\/trBg.png\" \/>\r\n            <\/div>\r\n        <\/div>\r\n    <\/div>\r\n<\/div>\r\n<div class=\"dgaggableHolder\">\r\n    <div style=\"background-color: #;\" class=\"ClientsCases\">\r\n        <div class=\"container\">\r\n            <h2 class=\"title\">Se hvordan nogle af vores kunder anvender INNOVATIVE SECURITY MANAGER\u2122<\/h2>\r\n            <div class=\"row  \">\r\n            <div class=\"col-sm-4 col-xs-6 flexContainerItemsForMobile\">\r\n                <div class=\"oneLinkWithTopImg \">\r\n                     <a href=\"\/da\/cases\/police-case\/\">\r\n                        <div class=\"backgroundImage ratioSave\">\r\n                        <div class=\"darkLayer\"><\/div>\r\n                        <div class=\"croper\" style=\"background-image: url('\/media\/1235\/case_teaser_700x487px_police.jpg');\">\r\n                             <img decoding=\"async\" src=\"\/media\/1235\/case_teaser_700x487px_police.jpg\" alt=\"\" \/>\r\n                        <\/div>\r\n                        <\/div>\r\n                        <div class=\"textBox\">\r\n                        <div class=\"text\">Politiet beror p\u00e5 Innovative Security Manager\u2122 inden for modtagelse og behandling af 112-alarmer<\/div>\r\n                        <\/div>\r\n                     <\/a>\r\n                <\/div>\r\n                <div class=\"oneLinkWithTopImg \">\r\n                     <a href=\"\/da\/cases\/fire-department-case\/\">\r\n                        <div class=\"backgroundImage ratioSave\">\r\n                        <div class=\"darkLayer\"><\/div>\r\n                        <div class=\"croper\" style=\"background-image: url('\/media\/1312\/fire-brigades.jpg');\">\r\n                             <img decoding=\"async\" src=\"\/media\/1312\/fire-brigades.jpg\" alt=\"\" \/>\r\n                        <\/div>\r\n                        <\/div>\r\n                        <div class=\"textBox\">\r\n                        <div class=\"text\">ALSIDIG SKKERHEDSH\u00c5NDTERINGSSOFTWARE SIKRER HURTIG BRANDBEK\u00c6MPELSE I JYLLAND<\/div>\r\n                        <\/div>\r\n                     <\/a>\r\n                <\/div>\r\n            <\/div>\r\n            <div class=\"col-sm-4 col-xs-6 flexContainerItemsForMobile\">\r\n                <div class=\"oneLinkWithTopImg \">\r\n                     <a href=\"\/da\/cases\/airport-case\/\">\r\n                        <div class=\"backgroundImage ratioSave\">\r\n                        <div class=\"darkLayer\"><\/div>\r\n                        <div class=\"croper\" style=\"background-image: url('\/media\/1228\/case_teaser_700x487px_airport.jpg');\">\r\n                             <img decoding=\"async\" src=\"\/media\/1228\/case_teaser_700x487px_airport.jpg\" alt=\"\" \/>\r\n                        <\/div>\r\n                        <\/div>\r\n                        <div class=\"textBox\">\r\n                        <div class=\"text\">K\u00f8benhavns Lufthavn (CPH) administrerer deres sikkerhedsprocedurer med Innovative Security Manager\u2122<\/div>\r\n                        <\/div>\r\n                     <\/a>\r\n                <\/div>\r\n                <div class=\"oneLinkWithTopImg \">\r\n                     <a href=\"\/da\/cases\/emergency-calls-case\/\">\r\n                        <div class=\"backgroundImage ratioSave\">\r\n                        <div class=\"darkLayer\"><\/div>\r\n                        <div class=\"croper\" style=\"background-image: url('\/media\/1638\/vestsjaelland-3.jpg');\">\r\n                             <img decoding=\"async\" src=\"\/media\/1638\/vestsjaelland-3.jpg\" alt=\"\" \/>\r\n                        <\/div>\r\n                        <\/div>\r\n                        <div class=\"textBox\">\r\n                        <div class=\"text\">\u00d8get automatisering af ISM hos Vestsj\u00e6llands Brandv\u00e6sen betyder mindre bemanding af vagtcentralen<\/div>\r\n                        <\/div>\r\n                     <\/a>\r\n                <\/div>\r\n            <\/div>\r\n            <div class=\"col-sm-4 col-xs-6 flexContainerItemsForMobile\">\r\n                <div class=\"oneLinkWithTopImg \">\r\n                     <a href=\"\/da\/cases\/malmoe-municipality-arc-case\/\">\r\n                        <div class=\"backgroundImage ratioSave\">\r\n                        <div class=\"darkLayer\"><\/div>\r\n                        <div class=\"croper\" style=\"background-image: url('\/media\/1322\/malmo-municipality-arc-2600x590pxjpg.jpeg');\">\r\n                             <img decoding=\"async\" src=\"\/media\/1322\/malmo-municipality-arc-2600x590pxjpg.jpeg\" alt=\"\" \/>\r\n                        <\/div>\r\n                        <\/div>\r\n                        <div class=\"textBox\">\r\n                        <div class=\"text\">Malm\u00f6 Stad optimerer arbejdsgange og udvider kapaciteten med implementeringen af ISM<\/div>\r\n                        <\/div>\r\n                     <\/a>\r\n                <\/div>\r\n                <div class=\"oneLinkWithTopImg \">\r\n                     <a href=\"\/da\/cases\/avarn-security-case\/\">\r\n                        <div class=\"backgroundImage ratioSave\">\r\n                        <div class=\"darkLayer\"><\/div>\r\n                        <div class=\"croper\" style=\"background-image: url('\/media\/1859\/avarn-security-ism.png');\">\r\n                             <img decoding=\"async\" src=\"\/media\/1859\/avarn-security-ism.png\" alt=\"\" \/>\r\n                        <\/div>\r\n                        <\/div>\r\n                        <div class=\"textBox\">\r\n                        <div class=\"text\">AVARN SECURITY OY I FINLAND V\u00c6LGER INNOVATIVE SECURITY MANAGER\u2122 som deres prim\u00e6re alarmbehandlingsplatform<\/div>\r\n                        <\/div>\r\n                     <\/a>\r\n                <\/div>\r\n            <\/div>\r\n            <\/div>\r\n        <\/div>\r\n    <\/div>\r\n    <div class=\"parralaxBottom\" style=\"background-color: #; background-image: url('\/media\/1321\/innovative-jordklode-2600x1463px.jpeg');\">\r\n        <div class=\"textTop\">\r\n            <div class=\"container personalSizeForPageCookies height100\">\r\n            <div class=\"dispTable\">\r\n                <div class=\"tableCell\">\r\n                    <h2 class=\"mb-10\">\r\n                        <span class=\"mb-10\">FORETRUKKET AF KUNDER I MANGE BRANCHER<br \/>\r\n                         RUNDT OM I VERDENEN\r\n                        <\/span>\r\n                    <\/h2>\r\n                    <div class=\"buttonAftTxth2Baner\">\r\n                        <div class=\"generalButton \">\r\n                         <a href=\"\/da\/cases\/selected-references\/\" class=\"\">Se vores kunder her<\/a>\r\n                        <\/div>\r\n                    <\/div>\r\n                <\/div>\r\n            <\/div>\r\n            <\/div>\r\n        <\/div>\r\n    <\/div>\r\n<\/div>","protected":false},"excerpt":{"rendered":"<p>K\u00f8bnhavns Lufthavn (CPH) optimerer sikkerheden med\u00a0Innovative Security Manager\u2122 L\u00c6S CASEN HER Se hvordan nogle af vores kunder anvender INNOVATIVE SECURITY MANAGER\u2122 Politiet beror p\u00e5 Innovative Security Manager\u2122 inden for modtagelse og behandling af 112-alarmer ALSIDIG SKKERHEDSH\u00c5NDTERINGSSOFTWARE SIKRER HURTIG BRANDBEK\u00c6MPELSE I JYLLAND K\u00f8benhavns Lufthavn (CPH) administrerer deres sikkerhedsprocedurer med Innovative Security Manager\u2122 \u00d8get automatisering af ISM [&hellip;]<\/p>\n","protected":false},"author":30,"featured_media":0,"parent":0,"menu_order":0,"comment_status":"closed","ping_status":"closed","template":"","meta":{"footnotes":""},"class_list":["post-188","page","type-page","status-publish","hentry"],"yoast_head":"<!-- This site is optimized with the Yoast SEO plugin v27.4 - https:\/\/yoast.com\/product\/yoast-seo-wordpress\/ -->\n<title>Innovative - Kunder &amp; cases<\/title>\n<meta name=\"description\" content=\"Se hvordan nogle af vores kunder anvender INNOVATIVE SECURITY MANAGER\u2122\" \/>\n<meta name=\"robots\" content=\"index, follow, max-snippet:-1, max-image-preview:large, max-video-preview:-1\" \/>\n<link rel=\"canonical\" href=\"https:\/\/www.innovative.dk\/da\/cases\/\" \/>\n<meta property=\"og:locale\" content=\"da_DK\" \/>\n<meta property=\"og:type\" content=\"article\" \/>\n<meta property=\"og:title\" content=\"Innovative - Kunder &amp; cases\" \/>\n<meta property=\"og:description\" content=\"Se hvordan nogle af vores kunder anvender INNOVATIVE SECURITY MANAGER\u2122\" \/>\n<meta property=\"og:url\" content=\"https:\/\/www.innovative.dk\/da\/cases\/\" \/>\n<meta property=\"og:site_name\" content=\"Innovative\" \/>\n<meta property=\"article:publisher\" content=\"https:\/\/www.facebook.com\/InnovativeBusinessSoftware\/\" \/>\n<meta property=\"article:modified_time\" content=\"2020-10-05T11:01:01+00:00\" \/>\n<meta property=\"og:image\" content=\"https:\/\/www.innovative.dk\/media\/1125\/2-1_case-header_2600x590px.jpg\" \/>\n<meta name=\"twitter:card\" content=\"summary_large_image\" \/>\n<meta name=\"twitter:site\" content=\"@Innovative_ISM\" \/>\n<meta name=\"twitter:label1\" content=\"Estimeret l\u00e6setid\" \/>\n\t<meta name=\"twitter:data1\" content=\"1 minut\" \/>\n<script type=\"application\/ld+json\" class=\"yoast-schema-graph\">{\"@context\":\"https:\\\/\\\/schema.org\",\"@graph\":[{\"@type\":\"WebPage\",\"@id\":\"https:\\\/\\\/www.innovative.dk\\\/da\\\/cases\\\/\",\"url\":\"https:\\\/\\\/www.innovative.dk\\\/da\\\/cases\\\/\",\"name\":\"Innovative - Kunder & cases\",\"isPartOf\":{\"@id\":\"https:\\\/\\\/www.innovative.dk\\\/da\\\/#website\"},\"datePublished\":\"2020-09-03T13:04:37+00:00\",\"dateModified\":\"2020-10-05T11:01:01+00:00\",\"description\":\"Se hvordan nogle af vores kunder anvender INNOVATIVE SECURITY MANAGER\u2122\",\"breadcrumb\":{\"@id\":\"https:\\\/\\\/www.innovative.dk\\\/da\\\/cases\\\/#breadcrumb\"},\"inLanguage\":\"da-DK\",\"potentialAction\":[{\"@type\":\"ReadAction\",\"target\":[\"https:\\\/\\\/www.innovative.dk\\\/da\\\/cases\\\/\"]}]},{\"@type\":\"BreadcrumbList\",\"@id\":\"https:\\\/\\\/www.innovative.dk\\\/da\\\/cases\\\/#breadcrumb\",\"itemListElement\":[{\"@type\":\"ListItem\",\"position\":1,\"name\":\"Home\",\"item\":\"https:\\\/\\\/www.innovative.dk\\\/da\\\/home\\\/\"},{\"@type\":\"ListItem\",\"position\":2,\"name\":\"Kunder &#038; cases\"}]},{\"@type\":\"WebSite\",\"@id\":\"https:\\\/\\\/www.innovative.dk\\\/da\\\/#website\",\"url\":\"https:\\\/\\\/www.innovative.dk\\\/da\\\/\",\"name\":\"Innovative\",\"description\":\"Integrated Task &amp; Incident Management Software\",\"publisher\":{\"@id\":\"https:\\\/\\\/www.innovative.dk\\\/da\\\/#organization\"},\"potentialAction\":[{\"@type\":\"SearchAction\",\"target\":{\"@type\":\"EntryPoint\",\"urlTemplate\":\"https:\\\/\\\/www.innovative.dk\\\/da\\\/?s={search_term_string}\"},\"query-input\":{\"@type\":\"PropertyValueSpecification\",\"valueRequired\":true,\"valueName\":\"search_term_string\"}}],\"inLanguage\":\"da-DK\"},{\"@type\":\"Organization\",\"@id\":\"https:\\\/\\\/www.innovative.dk\\\/da\\\/#organization\",\"name\":\"Innovative\",\"url\":\"https:\\\/\\\/www.innovative.dk\\\/da\\\/\",\"logo\":{\"@type\":\"ImageObject\",\"inLanguage\":\"da-DK\",\"@id\":\"https:\\\/\\\/www.innovative.dk\\\/da\\\/#\\\/schema\\\/logo\\\/image\\\/\",\"url\":\"https:\\\/\\\/www.innovative.dk\\\/wp-content\\\/uploads\\\/2020\\\/09\\\/Innovative-logo.png\",\"contentUrl\":\"https:\\\/\\\/www.innovative.dk\\\/wp-content\\\/uploads\\\/2020\\\/09\\\/Innovative-logo.png\",\"width\":650,\"height\":100,\"caption\":\"Innovative\"},\"image\":{\"@id\":\"https:\\\/\\\/www.innovative.dk\\\/da\\\/#\\\/schema\\\/logo\\\/image\\\/\"},\"sameAs\":[\"https:\\\/\\\/www.facebook.com\\\/InnovativeBusinessSoftware\\\/\",\"https:\\\/\\\/x.com\\\/Innovative_ISM\",\"https:\\\/\\\/www.linkedin.com\\\/company\\\/innovative-business-software-a-s\\\/\",\"https:\\\/\\\/www.youtube.com\\\/user\\\/InnovativeBS\"]}]}<\/script>\n<!-- \/ Yoast SEO plugin. -->","yoast_head_json":{"title":"Innovative - Kunder & cases","description":"Se hvordan nogle af vores kunder anvender INNOVATIVE SECURITY MANAGER\u2122","robots":{"index":"index","follow":"follow","max-snippet":"max-snippet:-1","max-image-preview":"max-image-preview:large","max-video-preview":"max-video-preview:-1"},"canonical":"https:\/\/www.innovative.dk\/da\/cases\/","og_locale":"da_DK","og_type":"article","og_title":"Innovative - Kunder & cases","og_description":"Se hvordan nogle af vores kunder anvender INNOVATIVE SECURITY MANAGER\u2122","og_url":"https:\/\/www.innovative.dk\/da\/cases\/","og_site_name":"Innovative","article_publisher":"https:\/\/www.facebook.com\/InnovativeBusinessSoftware\/","article_modified_time":"2020-10-05T11:01:01+00:00","og_image":[{"url":"https:\/\/www.innovative.dk\/media\/1125\/2-1_case-header_2600x590px.jpg","type":"","width":"","height":""}],"twitter_card":"summary_large_image","twitter_site":"@Innovative_ISM","twitter_misc":{"Estimeret l\u00e6setid":"1 minut"},"schema":{"@context":"https:\/\/schema.org","@graph":[{"@type":"WebPage","@id":"https:\/\/www.innovative.dk\/da\/cases\/","url":"https:\/\/www.innovative.dk\/da\/cases\/","name":"Innovative - Kunder & cases","isPartOf":{"@id":"https:\/\/www.innovative.dk\/da\/#website"},"datePublished":"2020-09-03T13:04:37+00:00","dateModified":"2020-10-05T11:01:01+00:00","description":"Se hvordan nogle af vores kunder anvender INNOVATIVE SECURITY MANAGER\u2122","breadcrumb":{"@id":"https:\/\/www.innovative.dk\/da\/cases\/#breadcrumb"},"inLanguage":"da-DK","potentialAction":[{"@type":"ReadAction","target":["https:\/\/www.innovative.dk\/da\/cases\/"]}]},{"@type":"BreadcrumbList","@id":"https:\/\/www.innovative.dk\/da\/cases\/#breadcrumb","itemListElement":[{"@type":"ListItem","position":1,"name":"Home","item":"https:\/\/www.innovative.dk\/da\/home\/"},{"@type":"ListItem","position":2,"name":"Kunder &#038; cases"}]},{"@type":"WebSite","@id":"https:\/\/www.innovative.dk\/da\/#website","url":"https:\/\/www.innovative.dk\/da\/","name":"Innovative","description":"Integrated Task &amp; Incident Management Software","publisher":{"@id":"https:\/\/www.innovative.dk\/da\/#organization"},"potentialAction":[{"@type":"SearchAction","target":{"@type":"EntryPoint","urlTemplate":"https:\/\/www.innovative.dk\/da\/?s={search_term_string}"},"query-input":{"@type":"PropertyValueSpecification","valueRequired":true,"valueName":"search_term_string"}}],"inLanguage":"da-DK"},{"@type":"Organization","@id":"https:\/\/www.innovative.dk\/da\/#organization","name":"Innovative","url":"https:\/\/www.innovative.dk\/da\/","logo":{"@type":"ImageObject","inLanguage":"da-DK","@id":"https:\/\/www.innovative.dk\/da\/#\/schema\/logo\/image\/","url":"https:\/\/www.innovative.dk\/wp-content\/uploads\/2020\/09\/Innovative-logo.png","contentUrl":"https:\/\/www.innovative.dk\/wp-content\/uploads\/2020\/09\/Innovative-logo.png","width":650,"height":100,"caption":"Innovative"},"image":{"@id":"https:\/\/www.innovative.dk\/da\/#\/schema\/logo\/image\/"},"sameAs":["https:\/\/www.facebook.com\/InnovativeBusinessSoftware\/","https:\/\/x.com\/Innovative_ISM","https:\/\/www.linkedin.com\/company\/innovative-business-software-a-s\/","https:\/\/www.youtube.com\/user\/InnovativeBS"]}]}},"_links":{"self":[{"href":"https:\/\/www.innovative.dk\/da\/wp-json\/wp\/v2\/pages\/188","targetHints":{"allow":["GET"]}}],"collection":[{"href":"https:\/\/www.innovative.dk\/da\/wp-json\/wp\/v2\/pages"}],"about":[{"href":"https:\/\/www.innovative.dk\/da\/wp-json\/wp\/v2\/types\/page"}],"author":[{"embeddable":true,"href":"https:\/\/www.innovative.dk\/da\/wp-json\/wp\/v2\/users\/30"}],"replies":[{"embeddable":true,"href":"https:\/\/www.innovative.dk\/da\/wp-json\/wp\/v2\/comments?post=188"}],"version-history":[{"count":0,"href":"https:\/\/www.innovative.dk\/da\/wp-json\/wp\/v2\/pages\/188\/revisions"}],"wp:attachment":[{"href":"https:\/\/www.innovative.dk\/da\/wp-json\/wp\/v2\/media?parent=188"}],"curies":[{"name":"wp","href":"https:\/\/api.w.org\/{rel}","templated":true}]}}