{"id":182,"date":"2020-09-03T12:27:21","date_gmt":"2020-09-03T12:27:21","guid":{"rendered":"http:\/\/innovativedk.wpengine.com\/?page_id=182"},"modified":"2020-11-03T15:10:53","modified_gmt":"2020-11-03T15:10:53","slug":"fact-sheets","status":"publish","type":"page","link":"https:\/\/www.innovative.dk\/da\/why-innovative\/fact-sheets\/","title":{"rendered":"Fact Sheets"},"content":{"rendered":"<div class=\"parralaxTop\" style=\"background-color: #;\">\r\n    <div class=\"bigImg\" id=\"bunnerHolder\">\r\n        <div class=\"backgroundImage ratioSave\">\r\n            <div class=\"croper\" style=\"background-image: url('\/media\/1221\/5-7-2_header_2600x590px.jpg');\">\r\n             <img decoding=\"async\" src=\"\/media\/1221\/5-7-2_header_2600x590px.jpg\" alt=\"\" \/>\r\n            <\/div>\r\n        <\/div>\r\n        <div class=\"textTop\">\r\n            <div class=\"container personalSizeForPageCookies height100\">\r\n            <div class=\"dispTable\">\r\n                <div class=\"tableCell\">\r\n                    <h2>\r\n                        <span class=\"title title1 db\"><span class=\"orange\">DATABLADE, CASES &amp; WHITE PAPERS<\/span><\/span>\r\n                        <span class=\"title title2\"><span>LIGE TIL AT DOWNLOADE HER<\/span><\/span>\r\n                    <\/h2>\r\n                    <ul>\r\n                        <li><span>White papers                \u00a0<\/span><\/li>\r\n                        <li><span>Datablade                    <\/span><\/li>\r\n                        <li><span>Testimonials og cases<\/span><\/li>\r\n                    <\/ul>\r\n                <\/div>\r\n            <\/div>\r\n            <\/div>\r\n        <\/div>\r\n    <\/div>\r\n<\/div>\r\n<div class=\"paralax\">\r\n    <div class=\"trBg\">\r\n        <div class=\"shaddowBaner ratioSave\">\r\n            <div class=\"croper\" style=\"background-image: url('\/media\/images\/trBg.png');\">\r\n             <img decoding=\"async\" src=\"\/media\/images\/trBg.png\" \/>\r\n            <\/div>\r\n        <\/div>\r\n    <\/div>\r\n<\/div>\r\n<div class=\"dgaggableHolder\">\r\n    <div style=\"background-color: #f2f2f2;\" class=\"PrivacyCookies\">\r\n        <div class=\"container personalSizeForPageCookies bgWhite padT48r91b0l91\">\r\n            <div class=\"TitleWrapper\">\r\n            <div class=\"row\">\r\n                <h2 class=\"mb-10\">\r\n                     <span class=\"mb-10\">Datablade &amp; Downloads<\/span>\r\n                <\/h2>\r\n                <p>Vi uploader l\u00f8bende nye datablade, cases, white papers osv., s\u00e5 husk at tjekke for nye dokumenter.<\/p>\r\n            <\/div>\r\n            <\/div>\r\n            <div class=\"row\">\r\n            <div class=\"oneRule\">\r\n                <p class=\"title\">Innovative Security Manager\u2122 &#8211; generel<\/p>\r\n                <p>L\u00e6s mere om vores sikkerhedsplatform.<\/p>\r\n                 <a target=\"_blank\" onclick=\"trackEvent('Factsheets', 'Innovative Security Manager\u2122 - generel');\" href=\"\/media\/1515\/ism-generel-da-dk.pdf\" rel=\"noopener noreferrer\">Download PDF<\/a>\r\n            <\/div>\r\n            <\/div>\r\n            <div class=\"row\">\r\n            <div class=\"oneRule\">\r\n                <p class=\"title\">Innovative Security Manager\u2122 &#8211; Offentlige beredskaber<\/p>\r\n                <p>L\u00e6s mere om vores kontrolrumsl\u00f8sning til offentlige beredskaber.<\/p>\r\n                 <a target=\"_blank\" onclick=\"trackEvent('Factsheets', 'Innovative Security Manager\u2122 - Offentlige beredskaber');\" href=\"\/media\/1519\/ism-loesning-vagtcentraler-da-dk.pdf\" rel=\"noopener noreferrer\">Download PDF<\/a>\r\n            <\/div>\r\n            <\/div>\r\n            <div class=\"row\">\r\n            <div class=\"oneRule\">\r\n                <p class=\"title\">Opgave- &amp; Ressourcestyring<\/p>\r\n                <p>Opret og planl\u00e6g alle former for opgaver. Disponer vagter manuelt eller automatisk p\u00e5 opgaver p\u00e5 baggrund af forskellige parametre, som for eksempel aktuelle vagtskema, tid siden sidste opgave, fysisk afstand til opgaven og resterende tid p\u00e5 vagt.<\/p>\r\n                 <a target=\"_blank\" onclick=\"trackEvent('Factsheets', 'Opgave- &#038; Ressourcestyring');\" href=\"\/media\/1521\/ism-modul-opgave-og-ressourcestyring-da-dk.pdf\" rel=\"noopener noreferrer\">Download PDF<\/a>\r\n            <\/div>\r\n            <\/div>\r\n            <div class=\"row\">\r\n            <div class=\"oneRule\">\r\n                <p class=\"title\">Automatisk Kontrolcentral Modul<\/p>\r\n                <p>Automatisk Kontrolcentral er et modul, der i tilf\u00e6lde af alarm automatisk ringer op til kontaktpersoner &#8211; en efter en. Det reducerer antallet af opkald til operat\u00f8rerne p\u00e5 kontrolcentralen &#8211; uden at g\u00e5 p\u00e5 kompromis med hverken sikkerhed eller service. Det g\u00f8r det muligt at \u00f8ge antallet af kunder med det samme antal medarbejdere og g\u00f8r det samtidig muligt for operat\u00f8rerne at fokusere p\u00e5 alarmer med h\u00f8jere prioritet.<\/p>\r\n                 <a target=\"_blank\" onclick=\"trackEvent('Factsheets', 'Automatisk Kontrolcentral Modul');\" href=\"\/media\/1630\/ism-modul-automatisk-kontrolcentral-da-dk.pdf\" rel=\"noopener noreferrer\">Download PDF<\/a>\r\n            <\/div>\r\n            <\/div>\r\n            <div class=\"row\">\r\n            <div class=\"oneRule\">\r\n                <p class=\"title\">ISM Pagere modul<\/p>\r\n                <p>L\u00e6s mere om vores pagere modul og mobile enheder.<\/p>\r\n                 <a target=\"_blank\" onclick=\"trackEvent('Factsheets', 'ISM Pagere modul');\" href=\"\/media\/1512\/ism-modul-pagere-da-dk.pdf\" rel=\"noopener noreferrer\">Download PDF<\/a>\r\n            <\/div>\r\n            <\/div>\r\n            <div class=\"row\">\r\n            <div class=\"oneRule\">\r\n                <p class=\"title\">Datablad &#8211; Video<\/p>\r\n                <p>Innovative Security Manager\u2122 kan modtage og integrere videosignaler fra forskellige Video Management System\/Network Video Recorders &#8211; uafh\u00e6ngigt af fabrikat.<\/p>\r\n                 <a target=\"_blank\" onclick=\"trackEvent('Factsheets', 'Datablad - Video');\" href=\"\/media\/1513\/ism-modul-videomodul-da-dk.pdf\" rel=\"noopener noreferrer\">Download PDF<\/a>\r\n            <\/div>\r\n            <\/div>\r\n            <div class=\"row\">\r\n            <div class=\"oneRule\">\r\n                <p class=\"title\">Datablad &#8211; interGATE<\/p>\r\n                <p>interGATE er en app til Apple iOS, som g\u00f8r\u00a0det muligt for\u00a0Innovative Security Manager\u2122 at f\u00f8lge k\u00f8ret\u00f8jer p\u00e5 et interaktivt kort, sende\/modtage tekstbeskeder, tildele ruter og meget mere.<\/p>\r\n                 <a target=\"_blank\" onclick=\"trackEvent('Factsheets', 'Datablad - interGATE');\" href=\"\/media\/1517\/ism-intergate4-da-dk.pdf\" rel=\"noopener noreferrer\">Download PDF<\/a>\r\n            <\/div>\r\n            <\/div>\r\n            <div class=\"row\">\r\n            <div class=\"oneRule\">\r\n                <p class=\"title\">ISM Kort og adresser modul<\/p>\r\n                <p>Innovative kan levere kort og adresser baseret p\u00e5 geodata fra det frivillige &#8220;open-source&#8221; projekt, OpenStreetMap.<\/p>\r\n                 <a target=\"_blank\" onclick=\"trackEvent('Factsheets', 'ISM Kort og adresser modul');\" href=\"\/media\/1509\/ism-modul-kort-og-adresseopslag-da-dk.pdf\" rel=\"noopener noreferrer\">Download PDF<\/a>\r\n            <\/div>\r\n            <\/div>\r\n            <div class=\"row\">\r\n            <div class=\"oneRule\">\r\n                <p class=\"title\">ISM L\u00f8sning Universiteter<\/p>\r\n                <p>Modtag og h\u00e5ndter n\u00f8dopkald fra studerende, fakultets medlemmer og andet personale. Modtag brandalarmer, tyverialarmer og tekniske alarmer i den samme gr\u00e6nseflade. Send automatisk styresignaler til aktivering af rel\u00e6er (fx \u00e5bne\/lukke, t\u00e6nde\/slukke kameraer) i forbindelse med \u201dlockdown\u201d procedurer. Evakuer bygninger ved hj\u00e6lp af forskellige massemeddelelser.<\/p>\r\n                 <a target=\"_blank\" onclick=\"trackEvent('Factsheets', 'ISM L\u00f8sning Universiteter');\" href=\"\/media\/1869\/ism-loesning-universiteter-da-dk.pdf\" rel=\"noopener noreferrer\">Download PDF<\/a>\r\n            <\/div>\r\n            <\/div>\r\n            <div class=\"row\">\r\n            <div class=\"oneRule\">\r\n                <p class=\"title\">Data Management interface (DMI)<\/p>\r\n                <p>Data Management Interface (DMI) er et API, der g\u00f8r det muligt at overf\u00f8re kundedata mellem Innovative Security Manager\u2122 og tredjeparts CRM-systemer.<\/p>\r\n                 <a target=\"_blank\" onclick=\"trackEvent('Factsheets', 'Data Management interface (DMI)');\" href=\"\/media\/1516\/ism-interfaces-dmi-da-dk.pdf\" rel=\"noopener noreferrer\">Download PDF<\/a>\r\n            <\/div>\r\n            <\/div>\r\n            <div class=\"row\">\r\n            <div class=\"oneRule\">\r\n                <p class=\"title\">Case &#8211; K\u00f8benhavns Lufthavn (CPH)<\/p>\r\n                <p>K\u00f8benhavns Lufthavn styrer deres sikkerhedsopgaver via Innovative Security Manager\u2122. Det har givet K\u00f8benhavns Lufthavn et komplet og levende operationelt overblik over alle aktuelle h\u00e6ndelser, planlagte og igangv\u00e6rende opgaver og placering af alle havnebetjente.<\/p>\r\n                 <a target=\"_blank\" onclick=\"trackEvent('Factsheets', 'Case - K\u00f8benhavns Lufthavn (CPH)');\" href=\"\/media\/1866\/ism-case-koebenhavns-lufthavn-da-dk.pdf\" rel=\"noopener noreferrer\">Download PDF<\/a>\r\n            <\/div>\r\n            <\/div>\r\n            <div class=\"row\">\r\n            <div class=\"oneRule\">\r\n                <p class=\"title\">Case &#8211; Politiet<\/p>\r\n                <p>Politiet modtager og administrerer deres alarmer og h\u00e6ndelser i\u00a0Innovative Security Manager\u2122 p\u00e5 samtlige centraler i Danmark. Politiets l\u00f8sning indeholder ogs\u00e5 fl\u00e5destyring, som f\u00f8lger og kommunikerer med mobile enheder og k\u00f8ret\u00f8jer i realtid.<\/p>\r\n                 <a target=\"_blank\" onclick=\"trackEvent('Factsheets', 'Case - Politiet');\" href=\"\/media\/1863\/ism-case-rigspolitiet-da-dk.pdf\" rel=\"noopener noreferrer\">Download PDF<\/a>\r\n            <\/div>\r\n            <\/div>\r\n            <div class=\"row\">\r\n            <div class=\"oneRule\">\r\n                <p class=\"title\">Case &#8211; Malm\u00f6 Larmcentral (Sverige)<\/p>\r\n                <p>Med implementeringen af Innovative Security Manager\u2122 har Malm\u00f6 Larmcentral optimereret deres arbejdsgange og kapacitet.<\/p>\r\n                 <a target=\"_blank\" onclick=\"trackEvent('Factsheets', 'Case - Malm\u00f6 Larmcentral (Sverige)');\" href=\"\/media\/1861\/ism-case-malmo-stad-larmcentral-da-dk.pdf\" rel=\"noopener noreferrer\">Download PDF<\/a>\r\n            <\/div>\r\n            <\/div>\r\n            <div class=\"row\">\r\n            <div class=\"oneRule\">\r\n                <p class=\"title\">Case &#8211; \u00d8stjyllands Brandv\u00e6sen<\/p>\r\n                <p>\u00d8stjyllands Brandv\u00e6sen (tidligere Aarhus Brandv\u00e6sen) var p\u00e5 udkig efter et ny platform, der blandt andet skulle effektivisere og automatisere deres arbejdsgange og v\u00e6re fremtidssikret. Valget faldt naturligvis p\u00e5\u00a0Innovative Security Manager\u2122.<\/p>\r\n                 <a target=\"_blank\" onclick=\"trackEvent('Factsheets', 'Case - \u00d8stjyllands Brandv\u00e6sen');\" href=\"\/media\/1862\/ism-case-\u00f8stjyllands-brandvaesen-da-dk.pdf\" rel=\"noopener noreferrer\">Download PDF<\/a>\r\n            <\/div>\r\n            <\/div>\r\n            <div class=\"row\">\r\n            <div class=\"oneRule\">\r\n                <p class=\"title\">Case &#8211; Vestsj\u00e6llands Brandv\u00e6sen<\/p>\r\n                <p>Vestsj\u00e6llands Brandv\u00e6sen udnytter\u00a0det fulde potentiale i\u00a0Innovative Security\u00a0Manager\u2122\u00a0med et minimum af bemanding, og varetager 2.600 n\u00f8dkald med\u00a0en enkelt\u00a0operat\u00f8r.<\/p>\r\n                 <a target=\"_blank\" onclick=\"trackEvent('Factsheets', 'Case - Vestsj\u00e6llands Brandv\u00e6sen');\" href=\"\/media\/1864\/ism-case-vestsjaellands-brandvaesen-da-dk.pdf\" rel=\"noopener noreferrer\">Download PDF<\/a>\r\n            <\/div>\r\n            <\/div>\r\n            <div class=\"row\">\r\n            <div class=\"oneRule\">\r\n                <p class=\"title\">Case &#8211; AVARN Security<\/p>\r\n                <p>Efter fusionen af de to finske sikkerhedsvirksomheder AVARN Security Oy og Prevent 360 Turvallisuuspalvelut Oy i oktober 2018, var det n\u00f8dvendigt at kombinere de to virksomheders alarmbehandlingsplatforme.<\/p>\r\n                 <a target=\"_blank\" onclick=\"trackEvent('Factsheets', 'Case - AVARN Security');\" href=\"\/media\/1865\/ism-case-avarn-security-da-dk.pdf\" rel=\"noopener noreferrer\">Download PDF<\/a>\r\n            <\/div>\r\n            <\/div>\r\n            <div class=\"row\">\r\n            <div class=\"oneRule\">\r\n                <p class=\"title\">MONT\u00d8RADGANG MODUL<\/p>\r\n                <p>Mont\u00f8radgang er en browser-baseret l\u00f8sning, der giver mont\u00f8rer adgang til ISM-data via internettet.<\/p>\r\n                 <a target=\"_blank\" onclick=\"trackEvent('Factsheets', 'MONT\u00d8RADGANG MODUL');\" href=\"\/media\/1510\/ism-modul-montoeradgang-da-dk.pdf\" rel=\"noopener noreferrer\">Download PDF<\/a>\r\n            <\/div>\r\n            <\/div>\r\n            <div class=\"row\">\r\n            <div class=\"oneRule\">\r\n                <p class=\"title\">N\u00f8dkald l\u00f8sning<\/p>\r\n                <p>N\u00f8dkaldsl\u00f8sningen integrerer Innovative Security Manager\u2122 med mange forskellige n\u00f8dkaldssystemer.<\/p>\r\n                 <a target=\"_blank\" onclick=\"trackEvent('Factsheets', 'N\u00f8dkald l\u00f8sning');\" href=\"\/media\/1518\/ism-loesning-noedkald-da-dk.pdf\" rel=\"noopener noreferrer\">Download PDF<\/a>\r\n            <\/div>\r\n            <\/div>\r\n            <div class=\"row\">\r\n            <div class=\"oneRule\">\r\n                <p class=\"title\">Tekniske specifikationer<\/p>\r\n                <p>Arkitektur og minimum hardware krav.<\/p>\r\n                 <a target=\"_blank\" onclick=\"trackEvent('Factsheets', 'Tekniske specifikationer');\" href=\"\/media\/1514\/ism-technical-specifications-en-gb.pdf\" rel=\"noopener noreferrer\">Download PDF<\/a>\r\n            <\/div>\r\n            <\/div>\r\n            <div class=\"row\">\r\n            <div class=\"oneRule\">\r\n                <p class=\"title\">ISM What is new<\/p>\r\n                <p>ISM (interVIEW V3.0) markerer et stort skridt frem. Vi har derfor lavet et dokument, der kort beskriver nogle af de nye funktioner, der automatisk bliver tilg\u00e6ngelige ved opgradering til ISM, samt de nye tilk\u00f8bsmoduler.<\/p>\r\n                 <a target=\"_blank\" onclick=\"trackEvent('Factsheets', 'ISM What is new');\" href=\"\/media\/1538\/v30_whats_new_-da-dk.pdf\" rel=\"noopener noreferrer\">Download PDF<\/a>\r\n            <\/div>\r\n            <\/div>\r\n            <div class=\"row\">\r\n            <div class=\"oneRule\">\r\n                <p class=\"title\">Roger GNSS repeater<\/p>\r\n                <p>En enkelt ROGER GNSS Repeater-pakke er nok til at give et GPS\/GLONASS\/GALILEO indend\u00f8rs d\u00e6kningsomr\u00e5de p\u00e5 ca. 1000 kvadratmeter og en afstand op til 50 meter fra repeatercentret.<\/p>\r\n                 <a target=\"_blank\" onclick=\"trackEvent('Factsheets', 'Roger GNSS repeater');\" href=\"\/media\/1676\/roger-gnss-l1g1ga-bp-basic-package-leaflet.pdf\" rel=\"noopener noreferrer\">Download PDF<\/a>\r\n            <\/div>\r\n            <\/div>\r\n        <\/div>\r\n    <\/div>\r\n    <div class=\"bigImgWithItemsIn3Col parralaxBottom\" style=\"background-color: #f2f2f2; background-image: url('\/media\/1112\/why_innovative_2600x755px.jpg'); padding-bottom: 0px; height: auto;\">\r\n        <div class=\"transparentBacgroundForWhyIno\"><\/div>\r\n        <div class=\"itemsBigImgWrap \">\r\n            <div class=\"container\">\r\n            <div class=\"row\">\r\n                <h2 class=\"h2Baner mb-10\">\r\n                     <span class=\"mb-10\">L\u00c6S MERE OM INNOVATIVE<\/span>\r\n                <\/h2>\r\n            <\/div>\r\n            <div class=\"row\">\r\n                <div class=\"col-sm-6\">\r\n                     [widget id=&#8221;custom_html-11&#8243;]\r\n                <\/div>\r\n                <div class=\"col-sm-6\">\r\n                     [widget id=&#8221;custom_html-14&#8243;]\r\n                <\/div>\r\n            <\/div>\r\n            <div class=\"row\">\r\n                <div class=\"col-sm-6\">\r\n                     [widget id=&#8221;custom_html-6&#8243;]\r\n                <\/div>\r\n                <div class=\"col-sm-6\">\r\n                     [widget id=&#8221;custom_html-18&#8243;]\r\n                <\/div>\r\n            <\/div>\r\n            <div class=\"row\">\r\n                <div class=\"col-sm-6\">\r\n                     [widget id=&#8221;custom_html-9&#8243;]\r\n                <\/div>\r\n                <div class=\"col-sm-6\">\r\n                     [widget id=&#8221;custom_html-13&#8243;]\r\n                <\/div>\r\n            <\/div>\r\n            <\/div>\r\n        <\/div>\r\n    <\/div>\r\n<\/div>","protected":false},"excerpt":{"rendered":"<p>DATABLADE, CASES &amp; WHITE PAPERS LIGE TIL AT DOWNLOADE HER White papers \u00a0 Datablade Testimonials og cases Datablade &amp; Downloads Vi uploader l\u00f8bende nye datablade, cases, white papers osv., s\u00e5 husk at tjekke for nye dokumenter. Innovative Security Manager\u2122 &#8211; generel L\u00e6s mere om vores sikkerhedsplatform. Download PDF Innovative Security Manager\u2122 &#8211; Offentlige beredskaber L\u00e6s [&hellip;]<\/p>\n","protected":false},"author":30,"featured_media":0,"parent":173,"menu_order":0,"comment_status":"closed","ping_status":"closed","template":"","meta":{"footnotes":""},"class_list":["post-182","page","type-page","status-publish","hentry"],"yoast_head":"<!-- This site is optimized with the Yoast SEO plugin v27.5 - https:\/\/yoast.com\/product\/yoast-seo-wordpress\/ -->\n<title>Innovative - Fact Sheets<\/title>\n<meta name=\"description\" content=\"Se &amp; download faktaark fra Innovative\" \/>\n<meta name=\"robots\" content=\"index, follow, max-snippet:-1, max-image-preview:large, max-video-preview:-1\" \/>\n<link rel=\"canonical\" href=\"https:\/\/www.innovative.dk\/da\/why-innovative\/fact-sheets\/\" \/>\n<meta property=\"og:locale\" content=\"da_DK\" \/>\n<meta property=\"og:type\" content=\"article\" \/>\n<meta property=\"og:title\" content=\"Innovative - Fact Sheets\" \/>\n<meta property=\"og:description\" content=\"Se &amp; download faktaark fra Innovative\" \/>\n<meta property=\"og:url\" content=\"https:\/\/www.innovative.dk\/da\/why-innovative\/fact-sheets\/\" \/>\n<meta property=\"og:site_name\" content=\"Innovative\" \/>\n<meta property=\"article:publisher\" content=\"https:\/\/www.facebook.com\/InnovativeBusinessSoftware\/\" \/>\n<meta property=\"article:modified_time\" content=\"2020-11-03T15:10:53+00:00\" \/>\n<meta property=\"og:image\" content=\"https:\/\/www.innovative.dk\/media\/1221\/5-7-2_header_2600x590px.jpg\" \/>\n<meta name=\"twitter:card\" content=\"summary_large_image\" \/>\n<meta name=\"twitter:site\" content=\"@Innovative_ISM\" \/>\n<meta name=\"twitter:label1\" content=\"Estimeret l\u00e6setid\" \/>\n\t<meta name=\"twitter:data1\" content=\"4 minutter\" \/>\n<script type=\"application\/ld+json\" class=\"yoast-schema-graph\">{\"@context\":\"https:\\\/\\\/schema.org\",\"@graph\":[{\"@type\":\"WebPage\",\"@id\":\"https:\\\/\\\/www.innovative.dk\\\/da\\\/why-innovative\\\/fact-sheets\\\/\",\"url\":\"https:\\\/\\\/www.innovative.dk\\\/da\\\/why-innovative\\\/fact-sheets\\\/\",\"name\":\"Innovative - Fact Sheets\",\"isPartOf\":{\"@id\":\"https:\\\/\\\/www.innovative.dk\\\/da\\\/#website\"},\"datePublished\":\"2020-09-03T12:27:21+00:00\",\"dateModified\":\"2020-11-03T15:10:53+00:00\",\"description\":\"Se & download faktaark fra Innovative\",\"breadcrumb\":{\"@id\":\"https:\\\/\\\/www.innovative.dk\\\/da\\\/why-innovative\\\/fact-sheets\\\/#breadcrumb\"},\"inLanguage\":\"da-DK\",\"potentialAction\":[{\"@type\":\"ReadAction\",\"target\":[\"https:\\\/\\\/www.innovative.dk\\\/da\\\/why-innovative\\\/fact-sheets\\\/\"]}]},{\"@type\":\"BreadcrumbList\",\"@id\":\"https:\\\/\\\/www.innovative.dk\\\/da\\\/why-innovative\\\/fact-sheets\\\/#breadcrumb\",\"itemListElement\":[{\"@type\":\"ListItem\",\"position\":1,\"name\":\"Home\",\"item\":\"https:\\\/\\\/www.innovative.dk\\\/da\\\/home\\\/\"},{\"@type\":\"ListItem\",\"position\":2,\"name\":\"Why Innovative\",\"item\":\"https:\\\/\\\/www.innovative.dk\\\/da\\\/why-innovative\\\/\"},{\"@type\":\"ListItem\",\"position\":3,\"name\":\"Fact Sheets\"}]},{\"@type\":\"WebSite\",\"@id\":\"https:\\\/\\\/www.innovative.dk\\\/da\\\/#website\",\"url\":\"https:\\\/\\\/www.innovative.dk\\\/da\\\/\",\"name\":\"Innovative\",\"description\":\"Integrated Task &amp; Incident Management Software\",\"publisher\":{\"@id\":\"https:\\\/\\\/www.innovative.dk\\\/da\\\/#organization\"},\"potentialAction\":[{\"@type\":\"SearchAction\",\"target\":{\"@type\":\"EntryPoint\",\"urlTemplate\":\"https:\\\/\\\/www.innovative.dk\\\/da\\\/?s={search_term_string}\"},\"query-input\":{\"@type\":\"PropertyValueSpecification\",\"valueRequired\":true,\"valueName\":\"search_term_string\"}}],\"inLanguage\":\"da-DK\"},{\"@type\":\"Organization\",\"@id\":\"https:\\\/\\\/www.innovative.dk\\\/da\\\/#organization\",\"name\":\"Innovative\",\"url\":\"https:\\\/\\\/www.innovative.dk\\\/da\\\/\",\"logo\":{\"@type\":\"ImageObject\",\"inLanguage\":\"da-DK\",\"@id\":\"https:\\\/\\\/www.innovative.dk\\\/da\\\/#\\\/schema\\\/logo\\\/image\\\/\",\"url\":\"https:\\\/\\\/www.innovative.dk\\\/wp-content\\\/uploads\\\/2020\\\/09\\\/Innovative-logo.png\",\"contentUrl\":\"https:\\\/\\\/www.innovative.dk\\\/wp-content\\\/uploads\\\/2020\\\/09\\\/Innovative-logo.png\",\"width\":650,\"height\":100,\"caption\":\"Innovative\"},\"image\":{\"@id\":\"https:\\\/\\\/www.innovative.dk\\\/da\\\/#\\\/schema\\\/logo\\\/image\\\/\"},\"sameAs\":[\"https:\\\/\\\/www.facebook.com\\\/InnovativeBusinessSoftware\\\/\",\"https:\\\/\\\/x.com\\\/Innovative_ISM\",\"https:\\\/\\\/www.linkedin.com\\\/company\\\/innovative-business-software-a-s\\\/\",\"https:\\\/\\\/www.youtube.com\\\/user\\\/InnovativeBS\"]}]}<\/script>\n<!-- \/ Yoast SEO plugin. -->","yoast_head_json":{"title":"Innovative - Fact Sheets","description":"Se & download faktaark fra Innovative","robots":{"index":"index","follow":"follow","max-snippet":"max-snippet:-1","max-image-preview":"max-image-preview:large","max-video-preview":"max-video-preview:-1"},"canonical":"https:\/\/www.innovative.dk\/da\/why-innovative\/fact-sheets\/","og_locale":"da_DK","og_type":"article","og_title":"Innovative - Fact Sheets","og_description":"Se & download faktaark fra Innovative","og_url":"https:\/\/www.innovative.dk\/da\/why-innovative\/fact-sheets\/","og_site_name":"Innovative","article_publisher":"https:\/\/www.facebook.com\/InnovativeBusinessSoftware\/","article_modified_time":"2020-11-03T15:10:53+00:00","og_image":[{"url":"https:\/\/www.innovative.dk\/media\/1221\/5-7-2_header_2600x590px.jpg","type":"","width":"","height":""}],"twitter_card":"summary_large_image","twitter_site":"@Innovative_ISM","twitter_misc":{"Estimeret l\u00e6setid":"4 minutter"},"schema":{"@context":"https:\/\/schema.org","@graph":[{"@type":"WebPage","@id":"https:\/\/www.innovative.dk\/da\/why-innovative\/fact-sheets\/","url":"https:\/\/www.innovative.dk\/da\/why-innovative\/fact-sheets\/","name":"Innovative - Fact Sheets","isPartOf":{"@id":"https:\/\/www.innovative.dk\/da\/#website"},"datePublished":"2020-09-03T12:27:21+00:00","dateModified":"2020-11-03T15:10:53+00:00","description":"Se & download faktaark fra Innovative","breadcrumb":{"@id":"https:\/\/www.innovative.dk\/da\/why-innovative\/fact-sheets\/#breadcrumb"},"inLanguage":"da-DK","potentialAction":[{"@type":"ReadAction","target":["https:\/\/www.innovative.dk\/da\/why-innovative\/fact-sheets\/"]}]},{"@type":"BreadcrumbList","@id":"https:\/\/www.innovative.dk\/da\/why-innovative\/fact-sheets\/#breadcrumb","itemListElement":[{"@type":"ListItem","position":1,"name":"Home","item":"https:\/\/www.innovative.dk\/da\/home\/"},{"@type":"ListItem","position":2,"name":"Why Innovative","item":"https:\/\/www.innovative.dk\/da\/why-innovative\/"},{"@type":"ListItem","position":3,"name":"Fact Sheets"}]},{"@type":"WebSite","@id":"https:\/\/www.innovative.dk\/da\/#website","url":"https:\/\/www.innovative.dk\/da\/","name":"Innovative","description":"Integrated Task &amp; Incident Management Software","publisher":{"@id":"https:\/\/www.innovative.dk\/da\/#organization"},"potentialAction":[{"@type":"SearchAction","target":{"@type":"EntryPoint","urlTemplate":"https:\/\/www.innovative.dk\/da\/?s={search_term_string}"},"query-input":{"@type":"PropertyValueSpecification","valueRequired":true,"valueName":"search_term_string"}}],"inLanguage":"da-DK"},{"@type":"Organization","@id":"https:\/\/www.innovative.dk\/da\/#organization","name":"Innovative","url":"https:\/\/www.innovative.dk\/da\/","logo":{"@type":"ImageObject","inLanguage":"da-DK","@id":"https:\/\/www.innovative.dk\/da\/#\/schema\/logo\/image\/","url":"https:\/\/www.innovative.dk\/wp-content\/uploads\/2020\/09\/Innovative-logo.png","contentUrl":"https:\/\/www.innovative.dk\/wp-content\/uploads\/2020\/09\/Innovative-logo.png","width":650,"height":100,"caption":"Innovative"},"image":{"@id":"https:\/\/www.innovative.dk\/da\/#\/schema\/logo\/image\/"},"sameAs":["https:\/\/www.facebook.com\/InnovativeBusinessSoftware\/","https:\/\/x.com\/Innovative_ISM","https:\/\/www.linkedin.com\/company\/innovative-business-software-a-s\/","https:\/\/www.youtube.com\/user\/InnovativeBS"]}]}},"_links":{"self":[{"href":"https:\/\/www.innovative.dk\/da\/wp-json\/wp\/v2\/pages\/182","targetHints":{"allow":["GET"]}}],"collection":[{"href":"https:\/\/www.innovative.dk\/da\/wp-json\/wp\/v2\/pages"}],"about":[{"href":"https:\/\/www.innovative.dk\/da\/wp-json\/wp\/v2\/types\/page"}],"author":[{"embeddable":true,"href":"https:\/\/www.innovative.dk\/da\/wp-json\/wp\/v2\/users\/30"}],"replies":[{"embeddable":true,"href":"https:\/\/www.innovative.dk\/da\/wp-json\/wp\/v2\/comments?post=182"}],"version-history":[{"count":0,"href":"https:\/\/www.innovative.dk\/da\/wp-json\/wp\/v2\/pages\/182\/revisions"}],"up":[{"embeddable":true,"href":"https:\/\/www.innovative.dk\/da\/wp-json\/wp\/v2\/pages\/173"}],"wp:attachment":[{"href":"https:\/\/www.innovative.dk\/da\/wp-json\/wp\/v2\/media?parent=182"}],"curies":[{"name":"wp","href":"https:\/\/api.w.org\/{rel}","templated":true}]}}