{"id":179,"date":"2020-09-03T12:06:46","date_gmt":"2020-09-03T12:06:46","guid":{"rendered":"http:\/\/innovativedk.wpengine.com\/?page_id=179"},"modified":"2026-03-26T12:56:57","modified_gmt":"2026-03-26T12:56:57","slug":"contact-us","status":"publish","type":"page","link":"https:\/\/www.innovative.dk\/da\/why-innovative\/contact-us\/","title":{"rendered":"Kontakt os"},"content":{"rendered":"<div style=\"background-color: #f2f2f2;\" class=\"parralaxTop\"><div class=\"bigImg\" id=\"bunnerHolder\"><div class=\"backgroundImage ratioSave\"><div class=\"croper\"><div style=\"width: 100%; height: 100%;\" id=\"mapCanvas\"><\/div><\/div><\/div><\/div><\/div><div class=\"paralax\"><div class=\"trBg\"><div class=\"shaddowBaner ratioSave\"><div class=\"croper\" style=\"background-image: url('\/media\/images\/trBg.png');\"><img decoding=\"async\" src=\"\/media\/images\/trBg.png\" alt=\"\" \/><\/div><\/div><\/div><\/div><div class=\"dgaggableHolder\" style=\"overflow: visible!important;\"><div class=\"popupsLine\"><div class=\"container\"><div class=\"allSelects\"><div class=\"oneSelect\"><select id=\"area0\" onchange=\"gMap.selectArea(this)\" class=\"selectCountry\"><option value=\"7773\" selected=\"selected\">Europa<\/option><option value=\"7774\">Danmark<\/option><option value=\"7776\">Finland<\/option><option value=\"7780\">Norge<\/option><\/select><\/div><\/div><\/div><\/div><div id=\"getdemo\" style=\"background-color: #f2f2f2;\" class=\"contactForm\"><div class=\"container\"><div class=\"personalSizeForTitle\" style=\"text-align: center;\"><h2><span class=\"mb-10\">ARRANGER EN UFORPLIGTENDE DEMONSTRATION:<br \/>OPLEV <span class=\"orange\">INNOVATIVE\u00a0SECURITY MANAGER\u2122<\/span><\/span><\/h2><p>Arrang\u00e9r en demonstration og se, hvordan Innovative Security Manager\u2122 fungerer. En af vores projektledere tager jer igennem demonstrationen og besvarer alle jeres sp\u00f8rgsm\u00e5l undervejs.<\/p><\/div><div class=\"personalSizeForPageCookies\" style=\"margin: 0 auto; margin-top: 30px;\"><style id=\"wpforms-css-vars-827\">\n\t\t\t\t#wpforms-827 {\n\t\t\t\t\n\t\t\t}\n\t\t\t<\/style><div class=\"wpforms-container wpforms-container-full wpforms-render-modern\" id=\"wpforms-827\"><form id=\"wpforms-form-827\" class=\"wpforms-validate wpforms-form wpforms-ajax-form\" data-formid=\"827\" method=\"post\" enctype=\"multipart\/form-data\" action=\"\/da\/wp-json\/wp\/v2\/pages\/179\" data-token=\"9fabdcf4435408caecdddfc0f4746640\" data-token-time=\"1775466464\"><noscript class=\"wpforms-error-noscript\">Please enable JavaScript in your browser to complete this form.<\/noscript><div id=\"wpforms-error-noscript\" style=\"display: none;\">Please enable JavaScript in your browser to complete this form.<\/div><div class=\"wpforms-field-container\"><div id=\"wpforms-827-field_1-container\" class=\"wpforms-field wpforms-field-layout\" data-field-id=\"1\"><input type='hidden' name='oid' data-gaconnector='00DHp000009vIbS' value='00DHp000009vIbS'><input type='hidden' name='retURL' data-gaconnector='https:\/\/www.innovative.dk\/' value='https:\/\/www.innovative.dk\/'><input type='hidden' name='recordType' data-gaconnector='012Hp000001CIkt' value='012Hp000001CIkt'><div class=\"wpforms-field-layout-columns wpforms-field-layout-preset-50-50\"><div class=\"wpforms-layout-column wpforms-layout-column-50\" ><div id=\"wpforms-827-field_2-container\" class=\"wpforms-field wpforms-field-text\" data-field-id=\"2\"><label class=\"wpforms-field-label wpforms-label-hide\" for=\"wpforms-827-field_2\" aria-hidden=\"false\">Navn <span class=\"wpforms-required-label\" aria-hidden=\"true\">*<\/span><\/label><input type=\"text\" id=\"wpforms-827-field_2\" class=\"wpforms-field-medium wpforms-field-required\" name=\"wpforms[fields][2]\" placeholder=\"Navn\" aria-errormessage=\"wpforms-827-field_2-error\" required><\/div><div id=\"wpforms-827-field_6-container\" class=\"wpforms-field wpforms-field-email\" data-field-id=\"6\"><label class=\"wpforms-field-label wpforms-label-hide\" for=\"wpforms-827-field_6\" aria-hidden=\"false\">Email <span class=\"wpforms-required-label\" aria-hidden=\"true\">*<\/span><\/label><input type=\"email\" id=\"wpforms-827-field_6\" class=\"wpforms-field-medium wpforms-field-required\" name=\"wpforms[fields][6]\" placeholder=\"E-mail\" spellcheck=\"false\" aria-errormessage=\"wpforms-827-field_6-error\" required><\/div><div id=\"wpforms-827-field_7-container\" class=\"wpforms-field wpforms-field-select wpforms-field-select-style-classic\" data-field-id=\"7\"><label class=\"wpforms-field-label wpforms-label-hide\" for=\"wpforms-827-field_7\" aria-hidden=\"false\">Branche <span class=\"wpforms-required-label\" aria-hidden=\"true\">*<\/span><\/label><select id=\"wpforms-827-field_7\" class=\"wpforms-field-medium wpforms-field-required\" name=\"wpforms[fields][7]\" required=\"required\"><option value=\"\" class=\"placeholder\" disabled  selected='selected'>Branche<\/option><option value=\"Lufthavne\"  class=\"choice-1 depth-1\"  >Lufthavne<\/option><option value=\"Kontrolcentraler\"  class=\"choice-2 depth-1\"  >Kontrolcentraler<\/option><option value=\"Industri- og Lagerbygninger\"  class=\"choice-3 depth-1\"  >Industri- og Lagerbygninger<\/option><option value=\"Universiteter\"  class=\"choice-4 depth-1\"  >Universiteter<\/option><option value=\"Politiet\"  class=\"choice-7 depth-1\"  >Politiet<\/option><option value=\"Brandv\u00e6sner\"  class=\"choice-8 depth-1\"  >Brandv\u00e6sner<\/option><option value=\"Forsvar og Milit\u00e6r\"  class=\"choice-9 depth-1\"  >Forsvar og Milit\u00e6r<\/option><option value=\"Andet\"  class=\"choice-10 depth-1\"  >Andet<\/option><\/select><\/div><div id=\"wpforms-827-field_11-container\" class=\"wpforms-field wpforms-field-select wpforms-field-select-style-classic\" data-field-id=\"11\"><label class=\"wpforms-field-label wpforms-label-hide\" for=\"wpforms-827-field_11\" aria-hidden=\"false\">Form\u00e5l <span class=\"wpforms-required-label\" aria-hidden=\"true\">*<\/span><\/label><select id=\"wpforms-827-field_11\" class=\"wpforms-field-medium wpforms-field-required\" name=\"wpforms[fields][11]\" required=\"required\"><option value=\"\" class=\"placeholder\" disabled  selected='selected'>Form\u00e5l<\/option><option value=\"Jeg vil gerne booke et m\u00f8de, hvor I giver en demonstration af ISM\"  class=\"choice-1 depth-1\"  >Jeg vil gerne booke et m\u00f8de, hvor I giver en demonstration af ISM<\/option><option value=\"Jeg vil gerne vide mere om ISM\"  class=\"choice-2 depth-1\"  >Jeg vil gerne vide mere om ISM<\/option><option value=\"Andet\"  class=\"choice-3 depth-1\"  >Andet<\/option><\/select><\/div><\/div><div class=\"wpforms-layout-column wpforms-layout-column-50\" ><div id=\"wpforms-827-field_8-container\" class=\"wpforms-field wpforms-field-textarea\" data-field-id=\"8\"><label class=\"wpforms-field-label wpforms-label-hide\" for=\"wpforms-827-field_8\" aria-hidden=\"false\">Besked<\/label><textarea id=\"wpforms-827-field_8\" class=\"wpforms-field-large\" name=\"wpforms[fields][8]\" placeholder=\"Besked\" aria-errormessage=\"wpforms-827-field_8-error\" ><\/textarea><\/div><\/div><\/div><\/div>\t\t<div id=\"wpforms-827-field_3-container\"\n\t\t\tclass=\"wpforms-field wpforms-field-text\"\n\t\t\tdata-field-type=\"text\"\n\t\t\tdata-field-id=\"3\"\n\t\t\t>\n\t\t\t<label class=\"wpforms-field-label\" for=\"wpforms-827-field_3\" >Email vil Jeg<\/label>\n\t\t\t<input type=\"text\" id=\"wpforms-827-field_3\" class=\"wpforms-field-medium\" name=\"wpforms[fields][3]\" >\n\t\t<\/div>\n\t\t<div id=\"wpforms-827-field_10-container\" class=\"wpforms-field wpforms-field-checkbox wpforms-list-inline\" data-field-id=\"10\"><fieldset><legend class=\"wpforms-field-label wpforms-label-hide\" aria-hidden=\"false\">Ja, tak. Jeg vil gerne modtage jeres nyhedsbrev<\/legend><ul id=\"wpforms-827-field_10\"><li class=\"choice-1 depth-1\"><input type=\"checkbox\" id=\"wpforms-827-field_10_1\" name=\"wpforms[fields][10][]\" value=\"Ja, tak. Jeg vil gerne modtage jeres nyhedsbrev\" aria-errormessage=\"wpforms-827-field_10_1-error\"  ><label class=\"wpforms-field-label-inline\" for=\"wpforms-827-field_10_1\">Ja, tak. Jeg vil gerne modtage jeres nyhedsbrev<\/label><\/li><\/ul><\/fieldset><\/div><script>\n\t\t\t\t( function() {\n\t\t\t\t\tconst style = document.createElement( 'style' );\n\t\t\t\t\tstyle.appendChild( document.createTextNode( '#wpforms-827-field_3-container { position: absolute !important; overflow: hidden !important; display: inline !important; height: 1px !important; width: 1px !important; z-index: -1000 !important; padding: 0 !important; } #wpforms-827-field_3-container input { visibility: hidden; } #wpforms-conversational-form-page #wpforms-827-field_3-container label { counter-increment: none; }' ) );\n\t\t\t\t\tdocument.head.appendChild( style );\n\t\t\t\t\tdocument.currentScript?.remove();\n\t\t\t\t} )();\n\t\t\t<\/script><\/div><!-- .wpforms-field-container --><div class=\"wpforms-submit-container\" ><input type=\"hidden\" name=\"wpforms[id]\" value=\"827\"><input type=\"hidden\" name=\"page_title\" value=\"\"><input type=\"hidden\" name=\"page_url\" value=\"https:\/\/www.innovative.dk\/da\/wp-json\/wp\/v2\/pages\/179\"><input type=\"hidden\" name=\"url_referer\" value=\"\"><button type=\"submit\" name=\"wpforms[submit]\" id=\"wpforms-submit-827\" class=\"wpforms-submit\" data-alt-text=\"Sending...\" data-submit-text=\"Send e-mail\" aria-live=\"assertive\" value=\"wpforms-submit\">Send e-mail<\/button><img loading=\"lazy\" decoding=\"async\" src=\"https:\/\/www.innovative.dk\/wp-content\/plugins\/wpforms\/assets\/images\/submit-spin.svg\" class=\"wpforms-submit-spinner\" style=\"display: none;\" width=\"26\" height=\"26\" alt=\"Loading\"><\/div><\/form><\/div>  <!-- .wpforms-container --><\/div><\/div><\/div><div><p>&nbsp;<\/p><h2>\u00a0 \u00a0 \u00a0 \u00a0 \u00a0 \u00a0 \u00a0 \u00a0 \u00a0 \u00a0 \u00a0 \u00a0 \u00a0 \u00a0 \u00a0 \u00a0 \u00a0 \u00a0 \u00a0 \u00a0 \u00a0 \u00a0 \u00a0 \u00a0 \u00a0 \u00a0 \u00a0 \u00a0 \u00a0 \u00a0 \u00a0 \u00a0 \u00a0 \u00a0 \u00a0 \u00a0Contact Us:<\/h2><p>&nbsp;<\/p><p><strong>\u00a0 \u00a0 \u00a0 \u00a0 \u00a0 \u00a0 \u00a0 \u00a0 \u00a0 \u00a0 \u00a0 \u00a0 \u00a0 \u00a0 \u00a0 \u00a0 \u00a0 \u00a0 \u00a0 \u00a0 \u00a0 \u00a0 \u00a0 \u00a0 \u00a0 \u00a0 \u00a0 \u00a0 \u00a0 \u00a0 \u00a0 \u00a0 \u00a0 \u00a0 \u00a0 \u00a0 \u00a0 \u00a0 \u00a0 \u00a0 \u00a0 \u00a0 \u00a0 \u00a0 \u00a0 \u00a0 \u00a0 \u00a0 Business Hours:<\/strong><span>+45 89877859 (Denmark)\u00a0<\/span><br \/><strong>\u00a0 \u00a0 \u00a0 \u00a0 \u00a0 \u00a0 \u00a0 \u00a0 \u00a0 \u00a0 \u00a0 \u00a0 \u00a0 \u00a0 \u00a0 \u00a0 \u00a0 \u00a0 \u00a0 \u00a0 \u00a0 \u00a0 \u00a0 \u00a0 \u00a0 \u00a0 \u00a0 \u00a0 \u00a0 \u00a0 \u00a0 \u00a0 \u00a0 \u00a0 \u00a0 \u00a0 \u00a0 \u00a0 \u00a0 \u00a0 \u00a0 \u00a0 \u00a0 \u00a0 \u00a0 \u00a0 \u00a0 \u00a0 \u00a0 \u00a0Support:<\/strong><span>+45 89877858 24\/7 (Denmark)\u00a0<\/span><br \/><strong>\u00a0 \u00a0 \u00a0 \u00a0 \u00a0 \u00a0 \u00a0 \u00a0 \u00a0 \u00a0 \u00a0 \u00a0 \u00a0 \u00a0 \u00a0 \u00a0 \u00a0 \u00a0 \u00a0 \u00a0 \u00a0 \u00a0 \u00a0 \u00a0 \u00a0 \u00a0 \u00a0 \u00a0 \u00a0 \u00a0 \u00a0 \u00a0 \u00a0 \u00a0 \u00a0 \u00a0 \u00a0 \u00a0 \u00a0 \u00a0 \u00a0 \u00a0 \u00a0 \u00a0 \u00a0 \u00a0 \u00a0 \u00a0 \u00a0 \u00a0 \u00a0 Support:<\/strong><span>+358 30635 8335 (Finland)<\/span><br \/><strong>\u00a0 \u00a0 \u00a0 \u00a0 \u00a0 \u00a0 \u00a0 \u00a0 \u00a0 \u00a0 \u00a0 \u00a0 \u00a0 \u00a0 \u00a0 \u00a0 \u00a0 \u00a0 \u00a0 \u00a0 \u00a0 \u00a0 \u00a0 \u00a0 \u00a0 \u00a0 \u00a0 \u00a0 \u00a0 \u00a0 \u00a0 \u00a0 \u00a0 \u00a0 \u00a0 \u00a0 \u00a0 \u00a0 \u00a0 \u00a0 \u00a0 \u00a0 \u00a0 \u00a0 \u00a0 \u00a0 \u00a0 \u00a0 Email Address: pekka.uutela@gemini-sense.com<\/strong><\/p><\/div><\/div><div><\/div><div><p>&nbsp;<\/p><\/div><div class=\"dgaggableHolder\" style=\"overflow: visible!important;\"><div><\/div><div class=\"bigImgWithItemsIn3Col parralaxBottom\" style=\"background-color: #f2f2f2; background-image: url('\/media\/1112\/why_innovative_2600x755px.jpg'); padding-bottom: 0; height: auto;\"><div class=\"transparentBacgroundForWhyIno\"><\/div><div class=\"itemsBigImgWrap\"><div class=\"container\"><div class=\"row\"><h2 class=\"h2Baner\"><span class=\"orange mb-10\">L\u00c6S MERE OM INNOVATIVE<\/span><\/h2><\/div><div class=\"row\"><div class=\"col-sm-6\">[widget id=&#8221;custom_html-11&#8243;]<\/div><div class=\"col-sm-6\">[widget id=&#8221;custom_html-16&#8243;]<\/div><\/div><div class=\"row\"><div class=\"col-sm-6\"><div class=\"oneItemInBigImg\"><div class=\"transparentBacground\"><\/div><div class=\"textOnItemsWrap\"><h3 class=\"title\">Ydelser<\/h3><p>Hos os f\u00e5r I hj\u00e6lp hele vejen \u2013 fra afd\u00e6kning af behov over implementering til uddannelse.<\/p><div class=\"generalButton\"><a href=\"https:\/\/www.innovative.dk\/da\/solutions\/services\/\">L\u00e6s mere<\/a><\/div><\/div><\/div><\/div><div class=\"col-sm-6\"><div class=\"oneItemInBigImg\"><div class=\"transparentBacground\"><\/div><div class=\"textOnItemsWrap\"><h3 class=\"title\">Innovative Security Manager\u2122<\/h3><p>F\u00e5 en skr\u00e6ddersyet og integreret sikkerhedsl\u00f8sning, der passer til din virksomhed og behov<\/p><div class=\"generalButton\"><a href=\"https:\/\/www.innovative.dk\/da\/solutions\/innovative-security-manager\/\">L\u00e6s mere<\/a><\/div><\/div><\/div><\/div><\/div><\/div><\/div><\/div><\/div>","protected":false},"excerpt":{"rendered":"<p>EuropaDanmarkFinlandNorgeARRANGER EN UFORPLIGTENDE DEMONSTRATION:OPLEV INNOVATIVE\u00a0SECURITY MANAGER\u2122Arrang\u00e9r en demonstration og se, hvordan Innovative Security Manager\u2122 fungerer. En af vores projektledere tager jer igennem demonstrationen og besvarer alle jeres sp\u00f8rgsm\u00e5l undervejs.&nbsp;\u00a0 \u00a0 \u00a0 \u00a0 \u00a0 \u00a0 \u00a0 \u00a0 \u00a0 \u00a0 \u00a0 \u00a0 \u00a0 \u00a0 \u00a0 \u00a0 \u00a0 \u00a0 \u00a0 \u00a0 \u00a0 \u00a0 \u00a0 \u00a0 \u00a0 \u00a0 \u00a0 [&hellip;]<\/p>\n","protected":false},"author":30,"featured_media":0,"parent":173,"menu_order":0,"comment_status":"closed","ping_status":"closed","template":"","meta":{"footnotes":""},"class_list":["post-179","page","type-page","status-publish","hentry"],"yoast_head":"<!-- This site is optimized with the Yoast SEO plugin v27.3 - https:\/\/yoast.com\/product\/yoast-seo-wordpress\/ -->\n<title>Innovative - Kontakt os<\/title>\n<meta name=\"description\" content=\"Kontakt os\" \/>\n<meta name=\"robots\" content=\"index, follow, max-snippet:-1, max-image-preview:large, max-video-preview:-1\" \/>\n<link rel=\"canonical\" href=\"https:\/\/www.innovative.dk\/da\/why-innovative\/contact-us\/\" \/>\n<meta property=\"og:locale\" content=\"da_DK\" \/>\n<meta property=\"og:type\" content=\"article\" \/>\n<meta property=\"og:title\" content=\"Innovative - Kontakt os\" \/>\n<meta property=\"og:description\" content=\"Kontakt os\" \/>\n<meta property=\"og:url\" content=\"https:\/\/www.innovative.dk\/da\/why-innovative\/contact-us\/\" \/>\n<meta property=\"og:site_name\" content=\"Innovative\" \/>\n<meta property=\"article:publisher\" content=\"https:\/\/www.facebook.com\/InnovativeBusinessSoftware\/\" \/>\n<meta property=\"article:modified_time\" content=\"2026-03-26T12:56:57+00:00\" \/>\n<meta name=\"twitter:card\" content=\"summary_large_image\" \/>\n<meta name=\"twitter:site\" content=\"@Innovative_ISM\" \/>\n<meta name=\"twitter:label1\" content=\"Estimeret l\u00e6setid\" \/>\n\t<meta name=\"twitter:data1\" content=\"1 minut\" \/>\n<script type=\"application\/ld+json\" class=\"yoast-schema-graph\">{\"@context\":\"https:\\\/\\\/schema.org\",\"@graph\":[{\"@type\":\"WebPage\",\"@id\":\"https:\\\/\\\/www.innovative.dk\\\/da\\\/why-innovative\\\/contact-us\\\/\",\"url\":\"https:\\\/\\\/www.innovative.dk\\\/da\\\/why-innovative\\\/contact-us\\\/\",\"name\":\"Innovative - Kontakt os\",\"isPartOf\":{\"@id\":\"https:\\\/\\\/www.innovative.dk\\\/da\\\/#website\"},\"datePublished\":\"2020-09-03T12:06:46+00:00\",\"dateModified\":\"2026-03-26T12:56:57+00:00\",\"description\":\"Kontakt os\",\"breadcrumb\":{\"@id\":\"https:\\\/\\\/www.innovative.dk\\\/da\\\/why-innovative\\\/contact-us\\\/#breadcrumb\"},\"inLanguage\":\"da-DK\",\"potentialAction\":[{\"@type\":\"ReadAction\",\"target\":[\"https:\\\/\\\/www.innovative.dk\\\/da\\\/why-innovative\\\/contact-us\\\/\"]}]},{\"@type\":\"BreadcrumbList\",\"@id\":\"https:\\\/\\\/www.innovative.dk\\\/da\\\/why-innovative\\\/contact-us\\\/#breadcrumb\",\"itemListElement\":[{\"@type\":\"ListItem\",\"position\":1,\"name\":\"Home\",\"item\":\"https:\\\/\\\/www.innovative.dk\\\/da\\\/home\\\/\"},{\"@type\":\"ListItem\",\"position\":2,\"name\":\"Why Innovative\",\"item\":\"https:\\\/\\\/www.innovative.dk\\\/da\\\/why-innovative\\\/\"},{\"@type\":\"ListItem\",\"position\":3,\"name\":\"Kontakt os\"}]},{\"@type\":\"WebSite\",\"@id\":\"https:\\\/\\\/www.innovative.dk\\\/da\\\/#website\",\"url\":\"https:\\\/\\\/www.innovative.dk\\\/da\\\/\",\"name\":\"Innovative\",\"description\":\"Integrated Task &amp; Incident Management Software\",\"publisher\":{\"@id\":\"https:\\\/\\\/www.innovative.dk\\\/da\\\/#organization\"},\"potentialAction\":[{\"@type\":\"SearchAction\",\"target\":{\"@type\":\"EntryPoint\",\"urlTemplate\":\"https:\\\/\\\/www.innovative.dk\\\/da\\\/?s={search_term_string}\"},\"query-input\":{\"@type\":\"PropertyValueSpecification\",\"valueRequired\":true,\"valueName\":\"search_term_string\"}}],\"inLanguage\":\"da-DK\"},{\"@type\":\"Organization\",\"@id\":\"https:\\\/\\\/www.innovative.dk\\\/da\\\/#organization\",\"name\":\"Innovative\",\"url\":\"https:\\\/\\\/www.innovative.dk\\\/da\\\/\",\"logo\":{\"@type\":\"ImageObject\",\"inLanguage\":\"da-DK\",\"@id\":\"https:\\\/\\\/www.innovative.dk\\\/da\\\/#\\\/schema\\\/logo\\\/image\\\/\",\"url\":\"https:\\\/\\\/www.innovative.dk\\\/wp-content\\\/uploads\\\/2020\\\/09\\\/Innovative-logo.png\",\"contentUrl\":\"https:\\\/\\\/www.innovative.dk\\\/wp-content\\\/uploads\\\/2020\\\/09\\\/Innovative-logo.png\",\"width\":650,\"height\":100,\"caption\":\"Innovative\"},\"image\":{\"@id\":\"https:\\\/\\\/www.innovative.dk\\\/da\\\/#\\\/schema\\\/logo\\\/image\\\/\"},\"sameAs\":[\"https:\\\/\\\/www.facebook.com\\\/InnovativeBusinessSoftware\\\/\",\"https:\\\/\\\/x.com\\\/Innovative_ISM\",\"https:\\\/\\\/www.linkedin.com\\\/company\\\/innovative-business-software-a-s\\\/\",\"https:\\\/\\\/www.youtube.com\\\/user\\\/InnovativeBS\"]}]}<\/script>\n<!-- \/ Yoast SEO plugin. -->","yoast_head_json":{"title":"Innovative - Kontakt os","description":"Kontakt os","robots":{"index":"index","follow":"follow","max-snippet":"max-snippet:-1","max-image-preview":"max-image-preview:large","max-video-preview":"max-video-preview:-1"},"canonical":"https:\/\/www.innovative.dk\/da\/why-innovative\/contact-us\/","og_locale":"da_DK","og_type":"article","og_title":"Innovative - Kontakt os","og_description":"Kontakt os","og_url":"https:\/\/www.innovative.dk\/da\/why-innovative\/contact-us\/","og_site_name":"Innovative","article_publisher":"https:\/\/www.facebook.com\/InnovativeBusinessSoftware\/","article_modified_time":"2026-03-26T12:56:57+00:00","twitter_card":"summary_large_image","twitter_site":"@Innovative_ISM","twitter_misc":{"Estimeret l\u00e6setid":"1 minut"},"schema":{"@context":"https:\/\/schema.org","@graph":[{"@type":"WebPage","@id":"https:\/\/www.innovative.dk\/da\/why-innovative\/contact-us\/","url":"https:\/\/www.innovative.dk\/da\/why-innovative\/contact-us\/","name":"Innovative - Kontakt os","isPartOf":{"@id":"https:\/\/www.innovative.dk\/da\/#website"},"datePublished":"2020-09-03T12:06:46+00:00","dateModified":"2026-03-26T12:56:57+00:00","description":"Kontakt os","breadcrumb":{"@id":"https:\/\/www.innovative.dk\/da\/why-innovative\/contact-us\/#breadcrumb"},"inLanguage":"da-DK","potentialAction":[{"@type":"ReadAction","target":["https:\/\/www.innovative.dk\/da\/why-innovative\/contact-us\/"]}]},{"@type":"BreadcrumbList","@id":"https:\/\/www.innovative.dk\/da\/why-innovative\/contact-us\/#breadcrumb","itemListElement":[{"@type":"ListItem","position":1,"name":"Home","item":"https:\/\/www.innovative.dk\/da\/home\/"},{"@type":"ListItem","position":2,"name":"Why Innovative","item":"https:\/\/www.innovative.dk\/da\/why-innovative\/"},{"@type":"ListItem","position":3,"name":"Kontakt os"}]},{"@type":"WebSite","@id":"https:\/\/www.innovative.dk\/da\/#website","url":"https:\/\/www.innovative.dk\/da\/","name":"Innovative","description":"Integrated Task &amp; Incident Management Software","publisher":{"@id":"https:\/\/www.innovative.dk\/da\/#organization"},"potentialAction":[{"@type":"SearchAction","target":{"@type":"EntryPoint","urlTemplate":"https:\/\/www.innovative.dk\/da\/?s={search_term_string}"},"query-input":{"@type":"PropertyValueSpecification","valueRequired":true,"valueName":"search_term_string"}}],"inLanguage":"da-DK"},{"@type":"Organization","@id":"https:\/\/www.innovative.dk\/da\/#organization","name":"Innovative","url":"https:\/\/www.innovative.dk\/da\/","logo":{"@type":"ImageObject","inLanguage":"da-DK","@id":"https:\/\/www.innovative.dk\/da\/#\/schema\/logo\/image\/","url":"https:\/\/www.innovative.dk\/wp-content\/uploads\/2020\/09\/Innovative-logo.png","contentUrl":"https:\/\/www.innovative.dk\/wp-content\/uploads\/2020\/09\/Innovative-logo.png","width":650,"height":100,"caption":"Innovative"},"image":{"@id":"https:\/\/www.innovative.dk\/da\/#\/schema\/logo\/image\/"},"sameAs":["https:\/\/www.facebook.com\/InnovativeBusinessSoftware\/","https:\/\/x.com\/Innovative_ISM","https:\/\/www.linkedin.com\/company\/innovative-business-software-a-s\/","https:\/\/www.youtube.com\/user\/InnovativeBS"]}]}},"_links":{"self":[{"href":"https:\/\/www.innovative.dk\/da\/wp-json\/wp\/v2\/pages\/179","targetHints":{"allow":["GET"]}}],"collection":[{"href":"https:\/\/www.innovative.dk\/da\/wp-json\/wp\/v2\/pages"}],"about":[{"href":"https:\/\/www.innovative.dk\/da\/wp-json\/wp\/v2\/types\/page"}],"author":[{"embeddable":true,"href":"https:\/\/www.innovative.dk\/da\/wp-json\/wp\/v2\/users\/30"}],"replies":[{"embeddable":true,"href":"https:\/\/www.innovative.dk\/da\/wp-json\/wp\/v2\/comments?post=179"}],"version-history":[{"count":3,"href":"https:\/\/www.innovative.dk\/da\/wp-json\/wp\/v2\/pages\/179\/revisions"}],"predecessor-version":[{"id":967,"href":"https:\/\/www.innovative.dk\/da\/wp-json\/wp\/v2\/pages\/179\/revisions\/967"}],"up":[{"embeddable":true,"href":"https:\/\/www.innovative.dk\/da\/wp-json\/wp\/v2\/pages\/173"}],"wp:attachment":[{"href":"https:\/\/www.innovative.dk\/da\/wp-json\/wp\/v2\/media?parent=179"}],"curies":[{"name":"wp","href":"https:\/\/api.w.org\/{rel}","templated":true}]}}