{"id":178,"date":"2020-09-03T12:02:55","date_gmt":"2020-09-03T12:02:55","guid":{"rendered":"http:\/\/innovativedk.wpengine.com\/?page_id=178"},"modified":"2020-11-03T14:32:31","modified_gmt":"2020-11-03T14:32:31","slug":"company-profile","status":"publish","type":"page","link":"https:\/\/www.innovative.dk\/da\/why-innovative\/company-profile\/","title":{"rendered":"Company Profile"},"content":{"rendered":"<div class=\"dgaggableHolder\">\r\n    <div class=\"TopBigImg\">\r\n        <div class=\"backgroundImage ratioSave\">\r\n            <div class=\"croper\" style=\"background-image: url('\/media\/1213\/5-1_case-header_2600x590px.jpg');\">\r\n             <img decoding=\"async\" src=\"\/media\/1213\/5-1_case-header_2600x590px.jpg\" alt=\"\" \/>\r\n            <\/div>\r\n        <\/div>\r\n    <\/div>\r\n    <div class=\"richTextEditor\" style=\"background-color: #f4f4f4;\">\r\n        <div class=\"container personalSizeForPageCookies containerOnImage\" style=\"background-color: white;\">\r\n            <div class=\"titleWrapperIn\">\r\n            <h2 class=\"mb-10\">\r\n                 <span class=\"mb-10\">VORES <span class=\"orange\">FORRETNING\u200b<\/span><\/span>\r\n            <\/h2>\r\n            <p>Innovative Business Software A\/S er en dansk virksomhed, som siden 1982 har specialiseret sig i at udvikle software til private og offentlige vagt- og alarmcentraler. I dag er vi en af Nordens f\u00f8rende leverand\u00f8rer af software til alarmbehandling.\u200b<\/p>\r\n            <\/div>\r\n            <div class=\"contentInTwoCol\">\r\n            <ul>\r\n                <li>Vores forretningsomr\u00e5der er udelukkende inden for udvikling af software til brug for intelligent overv\u00e5gning og alarmering<\/li>\r\n                <li>Kundens behov s\u00e6ttes i centrum, n\u00e5r l\u00f8sningen skr\u00e6ddersys<\/li>\r\n                <li>Kunden betaler kun for de moduler, de rent faktisk bruger<\/li>\r\n                <li>Tilpasninger og udvidelser kr\u00e6ver ikke nye, store investeringer<\/li>\r\n            <\/ul>\r\n            <p>Ny teknologi udvikles i h\u00f8j fart &#8211; det nye i dag er for\u00e6ldet i morgen. Det stiller store krav til vores evne til konstant at lytte til markedet og derefter tilpasse og udvikle vores l\u00f8sninger.<\/p>\r\n            <p>Derfor eftersp\u00f8rger vi vores kunders input ved blandt andet workshops, kurser og brugergrupper. Det giver os et klart billede af \u00f8nsker og ideer &#8211; og giver os den bedste foruds\u00e6tning for at levere det, kunderne har behov for.<\/p>\r\n            <p>Disse m\u00f8der giver os brugbar input til hvad fremtidige\u00a0opdateringer skal indeholde og sikrer, at udviklingen foreg\u00e5r i overenstemmelse\u00a0med fremtidens kundebehov.<\/p>\r\n            <p>&nbsp;<\/p>\r\n            <\/div>\r\n        <\/div>\r\n    <\/div>\r\n    <div class=\"richTextEditor\" style=\"background-color: #f4f4f4;\">\r\n        <div class=\"container personalSizeForPageCookies \" style=\"background-color: white;\">\r\n            <div class=\"titleWrapperIn\">\r\n            <h2 class=\"mb-10\">\r\n                 <span class=\"mb-10\">Vores <span class=\"orange\">m\u00e5ls\u00e6tninger\u200b<\/span><\/span>\r\n            <\/h2>\r\n            <p>Kunderne er vores levebr\u00f8d. Derfor er det altafg\u00f8rende, at vi altid leverer det, de har brug for og at investeringen kan ses p\u00e5 b\u00e5de effektivitet og bundlinje.<\/p>\r\n            <\/div>\r\n            <div class=\"contentInTwoCol\">\r\n            <ul>\r\n                <li>Kunden skal have fuldt udbytte af deres investering<\/li>\r\n                <li>Kunden skal have adgang til den rigtige grad af service p\u00e5 det rigtige tidspunkt<\/li>\r\n                <li>Vi dyrker mange\u00e5rige kunderelationer<\/li>\r\n                <li>Kunden skal have \u00e9n platform med \u00e9n l\u00f8sning fra \u00e9n leverand\u00f8r &#8211; uanset sikkerhedsbehov<\/li>\r\n                <li>Vi vil v\u00e6re en af verdens f\u00f8rende leverand\u00f8rer af sikkerhedssystemer og alarmoverv\u00e5gning<\/li>\r\n                <li>Alle vores medarbejdere skal leve op til vores h\u00f8je krav til kvalitet og kundetilfredshed<\/li>\r\n            <\/ul>\r\n            <p style=\"display: inline-block;\">Vores professionelle og kompetente medarbejdere deltager aktivt i alle dele af processen: Udvikling, implementering og support.<\/p>\r\n            <p>Vores kunder er loyale, og de stiller store krav til os &#8211; krav vi opfylder ved at sikre en t\u00e6t dialog om muligheder og udfordringer.<\/p>\r\n            <p>Vi udvikler prim\u00e6rt vores l\u00f8sninger med udgangspunkt i standardsoftware, der s\u00e5 tilpasses og justeres, s\u00e5 den endelige l\u00f8sning passer til den enkelte kundes behov.<\/p>\r\n            <p>&nbsp;<\/p>\r\n            <p>&nbsp;<\/p>\r\n            <p>&nbsp;<\/p>\r\n            <\/div>\r\n        <\/div>\r\n    <\/div>\r\n    <div class=\"bigImgWithItemsIn3Col parralaxBottom\" style=\"background-color: #f2f2f2; background-image: url('\/media\/1112\/why_innovative_2600x755px.jpg'); padding-bottom: 0px; height: auto;\">\r\n        <div class=\"transparentBacgroundForWhyIno\"><\/div>\r\n        <div class=\"itemsBigImgWrap \">\r\n            <div class=\"container \">\r\n            <div class=\"row\">\r\n                <h2 class=\"h2Baner mb-10\">\r\n                     <span class=\"mb-10\"><span class=\"orange\">L\u00c6S MERE OM INNOVATIVE\u200b<\/span><\/span>\r\n                <\/h2>\r\n            <\/div>\r\n            <div class=\"row\">\r\n                <div class=\"col-sm-4\">\r\n                     [widget id=&#8221;custom_html-6&#8243;]\r\n                <\/div>\r\n                <div class=\"col-sm-4\">\r\n                     [widget id=&#8221;custom_html-18&#8243;]\r\n                <\/div>\r\n                <div class=\"col-sm-4\">\r\n                     [widget id=&#8221;custom_html-9&#8243;]\r\n                <\/div>\r\n            <\/div>\r\n            <div class=\"row\">\r\n                <div class=\"col-sm-4\">\r\n                     [widget id=&#8221;custom_html-11&#8243;]\r\n                <\/div>\r\n                <div class=\"col-sm-4\">\r\n                     [widget id=&#8221;custom_html-13&#8243;]\r\n                <\/div>\r\n                <div class=\"col-sm-4\">\r\n                     [widget id=&#8221;custom_html-16&#8243;]\r\n                <\/div>\r\n            <\/div>\r\n            <\/div>\r\n        <\/div>\r\n    <\/div>\r\n<\/div>","protected":false},"excerpt":{"rendered":"<p>VORES FORRETNING\u200b Innovative Business Software A\/S er en dansk virksomhed, som siden 1982 har specialiseret sig i at udvikle software til private og offentlige vagt- og alarmcentraler. I dag er vi en af Nordens f\u00f8rende leverand\u00f8rer af software til alarmbehandling.\u200b Vores forretningsomr\u00e5der er udelukkende inden for udvikling af software til brug for intelligent overv\u00e5gning og [&hellip;]<\/p>\n","protected":false},"author":30,"featured_media":0,"parent":173,"menu_order":0,"comment_status":"closed","ping_status":"closed","template":"","meta":{"footnotes":""},"class_list":["post-178","page","type-page","status-publish","hentry"],"yoast_head":"<!-- This site is optimized with the Yoast SEO plugin v27.3 - https:\/\/yoast.com\/product\/yoast-seo-wordpress\/ -->\n<title>Innovative - Company Profile<\/title>\n<meta name=\"description\" content=\"Company ProfileKunderne er vores levebr\u00f8d. Derfor er det altafg\u00f8rende, at vi altid leverer det, de har brug for og at investeringen kan ses p\u00e5 b\u00e5de effektivitet og bundlinje.\" \/>\n<meta name=\"robots\" content=\"index, follow, max-snippet:-1, max-image-preview:large, max-video-preview:-1\" \/>\n<link rel=\"canonical\" href=\"https:\/\/www.innovative.dk\/da\/why-innovative\/company-profile\/\" \/>\n<meta property=\"og:locale\" content=\"da_DK\" \/>\n<meta property=\"og:type\" content=\"article\" \/>\n<meta property=\"og:title\" content=\"Innovative - Company Profile\" \/>\n<meta property=\"og:description\" content=\"Company ProfileKunderne er vores levebr\u00f8d. Derfor er det altafg\u00f8rende, at vi altid leverer det, de har brug for og at investeringen kan ses p\u00e5 b\u00e5de effektivitet og bundlinje.\" \/>\n<meta property=\"og:url\" content=\"https:\/\/www.innovative.dk\/da\/why-innovative\/company-profile\/\" \/>\n<meta property=\"og:site_name\" content=\"Innovative\" \/>\n<meta property=\"article:publisher\" content=\"https:\/\/www.facebook.com\/InnovativeBusinessSoftware\/\" \/>\n<meta property=\"article:modified_time\" content=\"2020-11-03T14:32:31+00:00\" \/>\n<meta property=\"og:image\" content=\"https:\/\/www.innovative.dk\/media\/1213\/5-1_case-header_2600x590px.jpg\" \/>\n<meta name=\"twitter:card\" content=\"summary_large_image\" \/>\n<meta name=\"twitter:site\" content=\"@Innovative_ISM\" \/>\n<meta name=\"twitter:label1\" content=\"Estimeret l\u00e6setid\" \/>\n\t<meta name=\"twitter:data1\" content=\"2 minutter\" \/>\n<script type=\"application\/ld+json\" class=\"yoast-schema-graph\">{\"@context\":\"https:\\\/\\\/schema.org\",\"@graph\":[{\"@type\":\"WebPage\",\"@id\":\"https:\\\/\\\/www.innovative.dk\\\/da\\\/why-innovative\\\/company-profile\\\/\",\"url\":\"https:\\\/\\\/www.innovative.dk\\\/da\\\/why-innovative\\\/company-profile\\\/\",\"name\":\"Innovative - Company Profile\",\"isPartOf\":{\"@id\":\"https:\\\/\\\/www.innovative.dk\\\/da\\\/#website\"},\"datePublished\":\"2020-09-03T12:02:55+00:00\",\"dateModified\":\"2020-11-03T14:32:31+00:00\",\"description\":\"Company ProfileKunderne er vores levebr\u00f8d. Derfor er det altafg\u00f8rende, at vi altid leverer det, de har brug for og at investeringen kan ses p\u00e5 b\u00e5de effektivitet og bundlinje.\",\"breadcrumb\":{\"@id\":\"https:\\\/\\\/www.innovative.dk\\\/da\\\/why-innovative\\\/company-profile\\\/#breadcrumb\"},\"inLanguage\":\"da-DK\",\"potentialAction\":[{\"@type\":\"ReadAction\",\"target\":[\"https:\\\/\\\/www.innovative.dk\\\/da\\\/why-innovative\\\/company-profile\\\/\"]}]},{\"@type\":\"BreadcrumbList\",\"@id\":\"https:\\\/\\\/www.innovative.dk\\\/da\\\/why-innovative\\\/company-profile\\\/#breadcrumb\",\"itemListElement\":[{\"@type\":\"ListItem\",\"position\":1,\"name\":\"Home\",\"item\":\"https:\\\/\\\/www.innovative.dk\\\/da\\\/home\\\/\"},{\"@type\":\"ListItem\",\"position\":2,\"name\":\"Why Innovative\",\"item\":\"https:\\\/\\\/www.innovative.dk\\\/da\\\/why-innovative\\\/\"},{\"@type\":\"ListItem\",\"position\":3,\"name\":\"Company Profile\"}]},{\"@type\":\"WebSite\",\"@id\":\"https:\\\/\\\/www.innovative.dk\\\/da\\\/#website\",\"url\":\"https:\\\/\\\/www.innovative.dk\\\/da\\\/\",\"name\":\"Innovative\",\"description\":\"Integrated Task &amp; Incident Management Software\",\"publisher\":{\"@id\":\"https:\\\/\\\/www.innovative.dk\\\/da\\\/#organization\"},\"potentialAction\":[{\"@type\":\"SearchAction\",\"target\":{\"@type\":\"EntryPoint\",\"urlTemplate\":\"https:\\\/\\\/www.innovative.dk\\\/da\\\/?s={search_term_string}\"},\"query-input\":{\"@type\":\"PropertyValueSpecification\",\"valueRequired\":true,\"valueName\":\"search_term_string\"}}],\"inLanguage\":\"da-DK\"},{\"@type\":\"Organization\",\"@id\":\"https:\\\/\\\/www.innovative.dk\\\/da\\\/#organization\",\"name\":\"Innovative\",\"url\":\"https:\\\/\\\/www.innovative.dk\\\/da\\\/\",\"logo\":{\"@type\":\"ImageObject\",\"inLanguage\":\"da-DK\",\"@id\":\"https:\\\/\\\/www.innovative.dk\\\/da\\\/#\\\/schema\\\/logo\\\/image\\\/\",\"url\":\"https:\\\/\\\/www.innovative.dk\\\/wp-content\\\/uploads\\\/2020\\\/09\\\/Innovative-logo.png\",\"contentUrl\":\"https:\\\/\\\/www.innovative.dk\\\/wp-content\\\/uploads\\\/2020\\\/09\\\/Innovative-logo.png\",\"width\":650,\"height\":100,\"caption\":\"Innovative\"},\"image\":{\"@id\":\"https:\\\/\\\/www.innovative.dk\\\/da\\\/#\\\/schema\\\/logo\\\/image\\\/\"},\"sameAs\":[\"https:\\\/\\\/www.facebook.com\\\/InnovativeBusinessSoftware\\\/\",\"https:\\\/\\\/x.com\\\/Innovative_ISM\",\"https:\\\/\\\/www.linkedin.com\\\/company\\\/innovative-business-software-a-s\\\/\",\"https:\\\/\\\/www.youtube.com\\\/user\\\/InnovativeBS\"]}]}<\/script>\n<!-- \/ Yoast SEO plugin. -->","yoast_head_json":{"title":"Innovative - Company Profile","description":"Company ProfileKunderne er vores levebr\u00f8d. Derfor er det altafg\u00f8rende, at vi altid leverer det, de har brug for og at investeringen kan ses p\u00e5 b\u00e5de effektivitet og bundlinje.","robots":{"index":"index","follow":"follow","max-snippet":"max-snippet:-1","max-image-preview":"max-image-preview:large","max-video-preview":"max-video-preview:-1"},"canonical":"https:\/\/www.innovative.dk\/da\/why-innovative\/company-profile\/","og_locale":"da_DK","og_type":"article","og_title":"Innovative - Company Profile","og_description":"Company ProfileKunderne er vores levebr\u00f8d. Derfor er det altafg\u00f8rende, at vi altid leverer det, de har brug for og at investeringen kan ses p\u00e5 b\u00e5de effektivitet og bundlinje.","og_url":"https:\/\/www.innovative.dk\/da\/why-innovative\/company-profile\/","og_site_name":"Innovative","article_publisher":"https:\/\/www.facebook.com\/InnovativeBusinessSoftware\/","article_modified_time":"2020-11-03T14:32:31+00:00","og_image":[{"url":"https:\/\/www.innovative.dk\/media\/1213\/5-1_case-header_2600x590px.jpg","type":"","width":"","height":""}],"twitter_card":"summary_large_image","twitter_site":"@Innovative_ISM","twitter_misc":{"Estimeret l\u00e6setid":"2 minutter"},"schema":{"@context":"https:\/\/schema.org","@graph":[{"@type":"WebPage","@id":"https:\/\/www.innovative.dk\/da\/why-innovative\/company-profile\/","url":"https:\/\/www.innovative.dk\/da\/why-innovative\/company-profile\/","name":"Innovative - Company Profile","isPartOf":{"@id":"https:\/\/www.innovative.dk\/da\/#website"},"datePublished":"2020-09-03T12:02:55+00:00","dateModified":"2020-11-03T14:32:31+00:00","description":"Company ProfileKunderne er vores levebr\u00f8d. Derfor er det altafg\u00f8rende, at vi altid leverer det, de har brug for og at investeringen kan ses p\u00e5 b\u00e5de effektivitet og bundlinje.","breadcrumb":{"@id":"https:\/\/www.innovative.dk\/da\/why-innovative\/company-profile\/#breadcrumb"},"inLanguage":"da-DK","potentialAction":[{"@type":"ReadAction","target":["https:\/\/www.innovative.dk\/da\/why-innovative\/company-profile\/"]}]},{"@type":"BreadcrumbList","@id":"https:\/\/www.innovative.dk\/da\/why-innovative\/company-profile\/#breadcrumb","itemListElement":[{"@type":"ListItem","position":1,"name":"Home","item":"https:\/\/www.innovative.dk\/da\/home\/"},{"@type":"ListItem","position":2,"name":"Why Innovative","item":"https:\/\/www.innovative.dk\/da\/why-innovative\/"},{"@type":"ListItem","position":3,"name":"Company Profile"}]},{"@type":"WebSite","@id":"https:\/\/www.innovative.dk\/da\/#website","url":"https:\/\/www.innovative.dk\/da\/","name":"Innovative","description":"Integrated Task &amp; Incident Management Software","publisher":{"@id":"https:\/\/www.innovative.dk\/da\/#organization"},"potentialAction":[{"@type":"SearchAction","target":{"@type":"EntryPoint","urlTemplate":"https:\/\/www.innovative.dk\/da\/?s={search_term_string}"},"query-input":{"@type":"PropertyValueSpecification","valueRequired":true,"valueName":"search_term_string"}}],"inLanguage":"da-DK"},{"@type":"Organization","@id":"https:\/\/www.innovative.dk\/da\/#organization","name":"Innovative","url":"https:\/\/www.innovative.dk\/da\/","logo":{"@type":"ImageObject","inLanguage":"da-DK","@id":"https:\/\/www.innovative.dk\/da\/#\/schema\/logo\/image\/","url":"https:\/\/www.innovative.dk\/wp-content\/uploads\/2020\/09\/Innovative-logo.png","contentUrl":"https:\/\/www.innovative.dk\/wp-content\/uploads\/2020\/09\/Innovative-logo.png","width":650,"height":100,"caption":"Innovative"},"image":{"@id":"https:\/\/www.innovative.dk\/da\/#\/schema\/logo\/image\/"},"sameAs":["https:\/\/www.facebook.com\/InnovativeBusinessSoftware\/","https:\/\/x.com\/Innovative_ISM","https:\/\/www.linkedin.com\/company\/innovative-business-software-a-s\/","https:\/\/www.youtube.com\/user\/InnovativeBS"]}]}},"_links":{"self":[{"href":"https:\/\/www.innovative.dk\/da\/wp-json\/wp\/v2\/pages\/178","targetHints":{"allow":["GET"]}}],"collection":[{"href":"https:\/\/www.innovative.dk\/da\/wp-json\/wp\/v2\/pages"}],"about":[{"href":"https:\/\/www.innovative.dk\/da\/wp-json\/wp\/v2\/types\/page"}],"author":[{"embeddable":true,"href":"https:\/\/www.innovative.dk\/da\/wp-json\/wp\/v2\/users\/30"}],"replies":[{"embeddable":true,"href":"https:\/\/www.innovative.dk\/da\/wp-json\/wp\/v2\/comments?post=178"}],"version-history":[{"count":0,"href":"https:\/\/www.innovative.dk\/da\/wp-json\/wp\/v2\/pages\/178\/revisions"}],"up":[{"embeddable":true,"href":"https:\/\/www.innovative.dk\/da\/wp-json\/wp\/v2\/pages\/173"}],"wp:attachment":[{"href":"https:\/\/www.innovative.dk\/da\/wp-json\/wp\/v2\/media?parent=178"}],"curies":[{"name":"wp","href":"https:\/\/api.w.org\/{rel}","templated":true}]}}