{"id":174,"date":"2020-09-03T11:28:39","date_gmt":"2020-09-03T11:28:39","guid":{"rendered":"http:\/\/innovativedk.wpengine.com\/?page_id=174"},"modified":"2020-11-03T15:06:51","modified_gmt":"2020-11-03T15:06:51","slug":"careers","status":"publish","type":"page","link":"https:\/\/www.innovative.dk\/da\/why-innovative\/careers\/","title":{"rendered":"Careers"},"content":{"rendered":"<div class=\"parralaxTop\" style=\"background-color: #;\">\r\n    <div class=\"bigImg\" id=\"bunnerHolder\">\r\n        <div class=\"backgroundImage ratioSave\">\r\n            <div class=\"croper\" style=\"background-image: url('\/media\/1393\/header_2600x590px_careers.jpg');\">\r\n             <img decoding=\"async\" src=\"\/media\/1393\/header_2600x590px_careers.jpg\" alt=\"\" \/>\r\n            <\/div>\r\n        <\/div>\r\n        <div class=\"textTop\">\r\n            <div class=\"container personalSizeForPageCookies height100\">\r\n            <div class=\"dispTable\">\r\n                <div class=\"tableCell\">\r\n                    <h2 class=\"mb-10\">\r\n                        <span class=\"mb-10\"><span class=\"orange\">KARRIERE &amp; JOB\u200b<\/span><\/span>\r\n                    <\/h2>\r\n                    <p>Vi s\u00f8ger altid efter at sammens\u00e6tte den optimale gruppe af medarbejdere,<br \/>\r\n                        s\u00e5 vores kunder altid m\u00f8des af dygtige mennesker, der s\u00e6tter en \u00e6re i at levere det bedste<br \/>\r\n                        &#8211; b\u00e5de til kunderne og til kollegerne.\r\n                    <\/p>\r\n                <\/div>\r\n            <\/div>\r\n            <\/div>\r\n        <\/div>\r\n    <\/div>\r\n<\/div>\r\n<div class=\"paralax\">\r\n    <div class=\"trBg\">\r\n        <div class=\"shaddowBaner ratioSave\">\r\n            <div class=\"croper\" style=\"background-image: url('\/media\/images\/trBg.png');\">\r\n             <img decoding=\"async\" src=\"\/media\/images\/trBg.png\" \/>\r\n            <\/div>\r\n        <\/div>\r\n    <\/div>\r\n<\/div>\r\n<div class=\"dgaggableHolder\">\r\n    <div style=\"background-color: #;\" class=\"itemsInOneColumns\">\r\n        <div class=\"container\">\r\n            <div class=\"textAlignCenter\">\r\n            <h2 class=\"h2Baner mb-10\">\r\n                 <span class=\"mb-10\">UOPFORDREDE ANS\u00d8GNINGER<\/span>\r\n            <\/h2>\r\n            <\/div>\r\n            <div class=\"\">\r\n            <div class=\"onePosition\">\r\n                <div class=\"col-sm-6 noPadd oterHeightParrent1 animateme\" data-when=\"enter\" data-from=\"0.6\" data-to=\"0\" data-opacity=\"0\" data-translatex=\"-400\">\r\n                    <div class=\"image ratioSave\">\r\n                        <div class=\"darkLayer\"><\/div>\r\n                        <div class=\"croper\" style=\"background-image: url('\/media\/1243\/4-0_content-element_700x395px_v30.jpg');\">\r\n                         <img decoding=\"async\" src=\"\/media\/1243\/4-0_content-element_700x395px_v30.jpg\" alt=\"\" \/>\r\n                        <\/div>\r\n                    <\/div>\r\n                <\/div>\r\n                <div class=\"col-sm-6\">\r\n                    <div class=\"NewsTextWrapper\">\r\n                        <h3 class=\"title\">Vi modtager gerne uopfordrede ans\u00f8gninger<\/h3>\r\n                        <div class=\"text\">Vi har desv\u00e6rre ingen ledige stillinger i \u00f8jeblikket, men vi er altid p\u00e5 udkig efter dygtige medarbejdere. Du er derfor velkommen til at sende en uopfordret ans\u00f8gning samt CV til <span style=\"font-family: 'OpenSans',sans-serif; font-size: 1.3em;\"><a href=\"mailto:info@innovative.dk?Subject=UOPFORDRET %20ANS\u00d8GNING\" target=\"_top\" rel=\"noopener noreferrer\">info@innovative.dk<\/a><\/span><\/div>\r\n                        <a href=\"\/da\/why-innovative\/careers\/unsolicited-applications\/\">L\u00e6s mere<\/a>\r\n                    <\/div>\r\n                <\/div>\r\n            <\/div>\r\n            <\/div>\r\n        <\/div>\r\n    <\/div>\r\n    <div class=\"bigImgWithItemsIn3Col parralaxBottom\" style=\"background-color: #f2f2f2; background-image: url('\/media\/1112\/why_innovative_2600x755px.jpg'); padding-bottom: 0px; height: auto;\">\r\n        <div class=\"transparentBacgroundForWhyIno\"><\/div>\r\n        <div class=\"itemsBigImgWrap \">\r\n            <div class=\"container \">\r\n            <div class=\"row\">\r\n                <h2 class=\"h2Baner mb-10\">\r\n                     <span class=\"mb-10\"><span class=\"orange\">L\u00c6S MERE OM INNOVATIVE\u200b<\/span><\/span>\r\n                <\/h2>\r\n            <\/div>\r\n            <div class=\"row\">\r\n                <div class=\"col-sm-4\">\r\n                     [widget id=&#8221;custom_html-6&#8243;]\r\n                <\/div>\r\n                <div class=\"col-sm-4\">\r\n                     [widget id=&#8221;custom_html-18&#8243;]\r\n                <\/div>\r\n                <div class=\"col-sm-4\">\r\n                     [widget id=&#8221;custom_html-9&#8243;]\r\n                <\/div>\r\n            <\/div>\r\n            <div class=\"row\">\r\n                <div class=\"col-sm-4\">\r\n                     [widget id=&#8221;custom_html-11&#8243;]\r\n                <\/div>\r\n                <div class=\"col-sm-4\">\r\n                     [widget id=&#8221;custom_html-13&#8243;]\r\n                <\/div>\r\n                <div class=\"col-sm-4\">\r\n                     [widget id=&#8221;custom_html-16&#8243;]\r\n                <\/div>\r\n            <\/div>\r\n            <\/div>\r\n        <\/div>\r\n    <\/div>\r\n<\/div>","protected":false},"excerpt":{"rendered":"<p>KARRIERE &amp; JOB\u200b Vi s\u00f8ger altid efter at sammens\u00e6tte den optimale gruppe af medarbejdere, s\u00e5 vores kunder altid m\u00f8des af dygtige mennesker, der s\u00e6tter en \u00e6re i at levere det bedste &#8211; b\u00e5de til kunderne og til kollegerne. UOPFORDREDE ANS\u00d8GNINGER Vi modtager gerne uopfordrede ans\u00f8gninger Vi har desv\u00e6rre ingen ledige stillinger i \u00f8jeblikket, men vi [&hellip;]<\/p>\n","protected":false},"author":30,"featured_media":0,"parent":173,"menu_order":0,"comment_status":"closed","ping_status":"closed","template":"","meta":{"footnotes":""},"class_list":["post-174","page","type-page","status-publish","hentry"],"yoast_head":"<!-- This site is optimized with the Yoast SEO plugin v27.3 - https:\/\/yoast.com\/product\/yoast-seo-wordpress\/ -->\n<title>Innovative - Careers<\/title>\n<meta name=\"description\" content=\"Vi s\u00f8ger altid efter at sammens\u00e6tte den optimale gruppe af medarbejdere, s\u00e5 vores kunder altid m\u00f8des af dygtige mennesker, der s\u00e6tter en \u00e6re i at levere det bedste \u2013 b\u00e5de til kunderne og til kollegerne.\" \/>\n<meta name=\"robots\" content=\"index, follow, max-snippet:-1, max-image-preview:large, max-video-preview:-1\" \/>\n<link rel=\"canonical\" href=\"https:\/\/www.innovative.dk\/da\/why-innovative\/careers\/\" \/>\n<meta property=\"og:locale\" content=\"da_DK\" \/>\n<meta property=\"og:type\" content=\"article\" \/>\n<meta property=\"og:title\" content=\"Innovative - Careers\" \/>\n<meta property=\"og:description\" content=\"Vi s\u00f8ger altid efter at sammens\u00e6tte den optimale gruppe af medarbejdere, s\u00e5 vores kunder altid m\u00f8des af dygtige mennesker, der s\u00e6tter en \u00e6re i at levere det bedste \u2013 b\u00e5de til kunderne og til kollegerne.\" \/>\n<meta property=\"og:url\" content=\"https:\/\/www.innovative.dk\/da\/why-innovative\/careers\/\" \/>\n<meta property=\"og:site_name\" content=\"Innovative\" \/>\n<meta property=\"article:publisher\" content=\"https:\/\/www.facebook.com\/InnovativeBusinessSoftware\/\" \/>\n<meta property=\"article:modified_time\" content=\"2020-11-03T15:06:51+00:00\" \/>\n<meta property=\"og:image\" content=\"https:\/\/www.innovative.dk\/media\/1393\/header_2600x590px_careers.jpg\" \/>\n<meta name=\"twitter:card\" content=\"summary_large_image\" \/>\n<meta name=\"twitter:site\" content=\"@Innovative_ISM\" \/>\n<meta name=\"twitter:label1\" content=\"Estimeret l\u00e6setid\" \/>\n\t<meta name=\"twitter:data1\" content=\"1 minut\" \/>\n<script type=\"application\/ld+json\" class=\"yoast-schema-graph\">{\"@context\":\"https:\\\/\\\/schema.org\",\"@graph\":[{\"@type\":\"WebPage\",\"@id\":\"https:\\\/\\\/www.innovative.dk\\\/da\\\/why-innovative\\\/careers\\\/\",\"url\":\"https:\\\/\\\/www.innovative.dk\\\/da\\\/why-innovative\\\/careers\\\/\",\"name\":\"Innovative - Careers\",\"isPartOf\":{\"@id\":\"https:\\\/\\\/www.innovative.dk\\\/da\\\/#website\"},\"datePublished\":\"2020-09-03T11:28:39+00:00\",\"dateModified\":\"2020-11-03T15:06:51+00:00\",\"description\":\"Vi s\u00f8ger altid efter at sammens\u00e6tte den optimale gruppe af medarbejdere, s\u00e5 vores kunder altid m\u00f8des af dygtige mennesker, der s\u00e6tter en \u00e6re i at levere det bedste \u2013 b\u00e5de til kunderne og til kollegerne.\",\"breadcrumb\":{\"@id\":\"https:\\\/\\\/www.innovative.dk\\\/da\\\/why-innovative\\\/careers\\\/#breadcrumb\"},\"inLanguage\":\"da-DK\",\"potentialAction\":[{\"@type\":\"ReadAction\",\"target\":[\"https:\\\/\\\/www.innovative.dk\\\/da\\\/why-innovative\\\/careers\\\/\"]}]},{\"@type\":\"BreadcrumbList\",\"@id\":\"https:\\\/\\\/www.innovative.dk\\\/da\\\/why-innovative\\\/careers\\\/#breadcrumb\",\"itemListElement\":[{\"@type\":\"ListItem\",\"position\":1,\"name\":\"Home\",\"item\":\"https:\\\/\\\/www.innovative.dk\\\/da\\\/home\\\/\"},{\"@type\":\"ListItem\",\"position\":2,\"name\":\"Why Innovative\",\"item\":\"https:\\\/\\\/www.innovative.dk\\\/da\\\/why-innovative\\\/\"},{\"@type\":\"ListItem\",\"position\":3,\"name\":\"Careers\"}]},{\"@type\":\"WebSite\",\"@id\":\"https:\\\/\\\/www.innovative.dk\\\/da\\\/#website\",\"url\":\"https:\\\/\\\/www.innovative.dk\\\/da\\\/\",\"name\":\"Innovative\",\"description\":\"Integrated Task &amp; Incident Management Software\",\"publisher\":{\"@id\":\"https:\\\/\\\/www.innovative.dk\\\/da\\\/#organization\"},\"potentialAction\":[{\"@type\":\"SearchAction\",\"target\":{\"@type\":\"EntryPoint\",\"urlTemplate\":\"https:\\\/\\\/www.innovative.dk\\\/da\\\/?s={search_term_string}\"},\"query-input\":{\"@type\":\"PropertyValueSpecification\",\"valueRequired\":true,\"valueName\":\"search_term_string\"}}],\"inLanguage\":\"da-DK\"},{\"@type\":\"Organization\",\"@id\":\"https:\\\/\\\/www.innovative.dk\\\/da\\\/#organization\",\"name\":\"Innovative\",\"url\":\"https:\\\/\\\/www.innovative.dk\\\/da\\\/\",\"logo\":{\"@type\":\"ImageObject\",\"inLanguage\":\"da-DK\",\"@id\":\"https:\\\/\\\/www.innovative.dk\\\/da\\\/#\\\/schema\\\/logo\\\/image\\\/\",\"url\":\"https:\\\/\\\/www.innovative.dk\\\/wp-content\\\/uploads\\\/2020\\\/09\\\/Innovative-logo.png\",\"contentUrl\":\"https:\\\/\\\/www.innovative.dk\\\/wp-content\\\/uploads\\\/2020\\\/09\\\/Innovative-logo.png\",\"width\":650,\"height\":100,\"caption\":\"Innovative\"},\"image\":{\"@id\":\"https:\\\/\\\/www.innovative.dk\\\/da\\\/#\\\/schema\\\/logo\\\/image\\\/\"},\"sameAs\":[\"https:\\\/\\\/www.facebook.com\\\/InnovativeBusinessSoftware\\\/\",\"https:\\\/\\\/x.com\\\/Innovative_ISM\",\"https:\\\/\\\/www.linkedin.com\\\/company\\\/innovative-business-software-a-s\\\/\",\"https:\\\/\\\/www.youtube.com\\\/user\\\/InnovativeBS\"]}]}<\/script>\n<!-- \/ Yoast SEO plugin. -->","yoast_head_json":{"title":"Innovative - Careers","description":"Vi s\u00f8ger altid efter at sammens\u00e6tte den optimale gruppe af medarbejdere, s\u00e5 vores kunder altid m\u00f8des af dygtige mennesker, der s\u00e6tter en \u00e6re i at levere det bedste \u2013 b\u00e5de til kunderne og til kollegerne.","robots":{"index":"index","follow":"follow","max-snippet":"max-snippet:-1","max-image-preview":"max-image-preview:large","max-video-preview":"max-video-preview:-1"},"canonical":"https:\/\/www.innovative.dk\/da\/why-innovative\/careers\/","og_locale":"da_DK","og_type":"article","og_title":"Innovative - Careers","og_description":"Vi s\u00f8ger altid efter at sammens\u00e6tte den optimale gruppe af medarbejdere, s\u00e5 vores kunder altid m\u00f8des af dygtige mennesker, der s\u00e6tter en \u00e6re i at levere det bedste \u2013 b\u00e5de til kunderne og til kollegerne.","og_url":"https:\/\/www.innovative.dk\/da\/why-innovative\/careers\/","og_site_name":"Innovative","article_publisher":"https:\/\/www.facebook.com\/InnovativeBusinessSoftware\/","article_modified_time":"2020-11-03T15:06:51+00:00","og_image":[{"url":"https:\/\/www.innovative.dk\/media\/1393\/header_2600x590px_careers.jpg","type":"","width":"","height":""}],"twitter_card":"summary_large_image","twitter_site":"@Innovative_ISM","twitter_misc":{"Estimeret l\u00e6setid":"1 minut"},"schema":{"@context":"https:\/\/schema.org","@graph":[{"@type":"WebPage","@id":"https:\/\/www.innovative.dk\/da\/why-innovative\/careers\/","url":"https:\/\/www.innovative.dk\/da\/why-innovative\/careers\/","name":"Innovative - Careers","isPartOf":{"@id":"https:\/\/www.innovative.dk\/da\/#website"},"datePublished":"2020-09-03T11:28:39+00:00","dateModified":"2020-11-03T15:06:51+00:00","description":"Vi s\u00f8ger altid efter at sammens\u00e6tte den optimale gruppe af medarbejdere, s\u00e5 vores kunder altid m\u00f8des af dygtige mennesker, der s\u00e6tter en \u00e6re i at levere det bedste \u2013 b\u00e5de til kunderne og til kollegerne.","breadcrumb":{"@id":"https:\/\/www.innovative.dk\/da\/why-innovative\/careers\/#breadcrumb"},"inLanguage":"da-DK","potentialAction":[{"@type":"ReadAction","target":["https:\/\/www.innovative.dk\/da\/why-innovative\/careers\/"]}]},{"@type":"BreadcrumbList","@id":"https:\/\/www.innovative.dk\/da\/why-innovative\/careers\/#breadcrumb","itemListElement":[{"@type":"ListItem","position":1,"name":"Home","item":"https:\/\/www.innovative.dk\/da\/home\/"},{"@type":"ListItem","position":2,"name":"Why Innovative","item":"https:\/\/www.innovative.dk\/da\/why-innovative\/"},{"@type":"ListItem","position":3,"name":"Careers"}]},{"@type":"WebSite","@id":"https:\/\/www.innovative.dk\/da\/#website","url":"https:\/\/www.innovative.dk\/da\/","name":"Innovative","description":"Integrated Task &amp; Incident Management Software","publisher":{"@id":"https:\/\/www.innovative.dk\/da\/#organization"},"potentialAction":[{"@type":"SearchAction","target":{"@type":"EntryPoint","urlTemplate":"https:\/\/www.innovative.dk\/da\/?s={search_term_string}"},"query-input":{"@type":"PropertyValueSpecification","valueRequired":true,"valueName":"search_term_string"}}],"inLanguage":"da-DK"},{"@type":"Organization","@id":"https:\/\/www.innovative.dk\/da\/#organization","name":"Innovative","url":"https:\/\/www.innovative.dk\/da\/","logo":{"@type":"ImageObject","inLanguage":"da-DK","@id":"https:\/\/www.innovative.dk\/da\/#\/schema\/logo\/image\/","url":"https:\/\/www.innovative.dk\/wp-content\/uploads\/2020\/09\/Innovative-logo.png","contentUrl":"https:\/\/www.innovative.dk\/wp-content\/uploads\/2020\/09\/Innovative-logo.png","width":650,"height":100,"caption":"Innovative"},"image":{"@id":"https:\/\/www.innovative.dk\/da\/#\/schema\/logo\/image\/"},"sameAs":["https:\/\/www.facebook.com\/InnovativeBusinessSoftware\/","https:\/\/x.com\/Innovative_ISM","https:\/\/www.linkedin.com\/company\/innovative-business-software-a-s\/","https:\/\/www.youtube.com\/user\/InnovativeBS"]}]}},"_links":{"self":[{"href":"https:\/\/www.innovative.dk\/da\/wp-json\/wp\/v2\/pages\/174","targetHints":{"allow":["GET"]}}],"collection":[{"href":"https:\/\/www.innovative.dk\/da\/wp-json\/wp\/v2\/pages"}],"about":[{"href":"https:\/\/www.innovative.dk\/da\/wp-json\/wp\/v2\/types\/page"}],"author":[{"embeddable":true,"href":"https:\/\/www.innovative.dk\/da\/wp-json\/wp\/v2\/users\/30"}],"replies":[{"embeddable":true,"href":"https:\/\/www.innovative.dk\/da\/wp-json\/wp\/v2\/comments?post=174"}],"version-history":[{"count":0,"href":"https:\/\/www.innovative.dk\/da\/wp-json\/wp\/v2\/pages\/174\/revisions"}],"up":[{"embeddable":true,"href":"https:\/\/www.innovative.dk\/da\/wp-json\/wp\/v2\/pages\/173"}],"wp:attachment":[{"href":"https:\/\/www.innovative.dk\/da\/wp-json\/wp\/v2\/media?parent=174"}],"curies":[{"name":"wp","href":"https:\/\/api.w.org\/{rel}","templated":true}]}}