{"id":173,"date":"2020-09-03T11:25:04","date_gmt":"2020-09-03T11:25:04","guid":{"rendered":"http:\/\/innovativedk.wpengine.com\/?page_id=173"},"modified":"2022-05-13T11:08:00","modified_gmt":"2022-05-13T11:08:00","slug":"why-innovative","status":"publish","type":"page","link":"https:\/\/www.innovative.dk\/da\/why-innovative\/","title":{"rendered":"Why Innovative"},"content":{"rendered":"<br \/><div class=\"parralaxTop\" style=\"background-color: #f2f2f2;\"><div class=\"bigImg\" id=\"bunnerHolder\"><div class=\"backgroundImage ratioSave\"><div class=\"croper\" style=\"background-image: url('\/media\/1112\/why_innovative_2600x755px.jpg');\"><img decoding=\"async\" src=\"\/media\/1112\/why_innovative_2600x755px.jpg\" alt=\"\" \/><\/div><\/div><div class=\"textTop\"><div class=\"container personalSizeForPageCookies height100\"><div class=\"dispTable\"><div class=\"tableCell\"><h2 class=\"mb-10\"><span class=\"mb-10\"><span class=\"orange\">HVORFOR INNOVATIVE?<\/span><\/span><\/h2><p>Innovative har udviklet software indenfor sikrings- og sikkerhedsbranchen siden 1982. Vores platform, Innovative Security Manager\u2122, bliver brugt af kontrol-, vagt- og alarmcentraler, beredskaber, lufthavne og industrielle kunder over hele verden.<\/p><div class=\"buttonAftTxtbigH2\"><div class=\"buttonAftTxtWrapp generalButton\"><a href=\"\/da\/why-innovative\/company-profile\/\" class=\"\">L\u00c6S MERE OM OS<\/a><\/div><\/div><\/div><\/div><\/div><\/div><\/div><\/div><div class=\"paralax\"><div class=\"trBg\"><div class=\"shaddowBaner ratioSave\"><div class=\"croper\" style=\"background-image: url('\/media\/images\/trBg.png');\"><img decoding=\"async\" src=\"\/media\/images\/trBg.png\" \/><\/div><\/div><\/div><\/div><div class=\"dgaggableHolder\"><div style=\"background-color: #;\" class=\"werticalImagesInTwoColumns\"><div class=\"container\"><div class=\"row\"><div class=\"oneVerticalItem col-sm-6\"><div class=\"img ratioSave\"><div class=\"darkLayer\"><\/div><div class=\"croper\" style=\"background-image: url('\/media\/1211\/teasers2x3_800x332px_history.jpg');\"><img decoding=\"async\" src=\"\/media\/1211\/teasers2x3_800x332px_history.jpg\" alt=\"\" \/><\/div><\/div><div class=\"textBlockWrapper\"><div class=\"title\">Fokus p\u00e5 sikkerhed siden 1982<\/div><p>I mere end 30 \u00e5r har Innovative udviklet l\u00f8sninger til at modtage og behandle alle former for alarmer og h\u00e6ndelser til b\u00e5de den private og offentlige sektor.<\/p><div class=\"generalButton\"><a href=\"\/da\/why-innovative\/history\/\">L\u00c6S HELE VORES HISTORIE<\/a><\/div><\/div><\/div><div class=\"oneVerticalItem col-sm-6\"><div class=\"img ratioSave\"><div class=\"darkLayer\"><\/div><div class=\"croper\" style=\"background-image: url('\/media\/1319\/teasers2x3_800x332px_company_profile.jpg');\"><img decoding=\"async\" src=\"\/media\/1319\/teasers2x3_800x332px_company_profile.jpg\" alt=\"\" \/><\/div><\/div><div class=\"textBlockWrapper\"><div class=\"title\">FIRMAPROFIL<\/div><p>Siden 1982 har Innovative specialiseret sig i at udvikle softwarel\u00f8sninger til private kontrolcentraler, vagtcentraler og alarmcentraler. I dag er vi en af de f\u00f8rende leverand\u00f8rer af integrerede l\u00f8sninger til alarmbehandling.<\/p><div class=\"generalButton\"><a href=\"\/da\/why-innovative\/company-profile\/\">FIRMAPROFIL<\/a><\/div><\/div><\/div><div class=\"oneVerticalItem col-sm-6\"><div class=\"img ratioSave\"><div class=\"darkLayer\"><\/div><div class=\"croper\" style=\"background-image: url('\/media\/1209\/teasers2x3_800x332px_partners.jpg');\"><\/div><\/div><div class=\"textBlockWrapper\"><div class=\"title\">PARTNERE &amp; SAMARBEJDE<\/div><p>Vi samarbejder med en lang r\u00e6kke partnere med henblik p\u00e5 at levere de l\u00f8sninger, som vores kunder forventer. Vi vil gerne udvide vores samarbejde med nye partnere, n\u00e5r en f\u00e6lles l\u00f8sning tilf\u00f8jer v\u00e6rdi for vores kunder.<\/p><div class=\"generalButton\"><a href=\"\/da\/why-innovative\/partners-collaboration\/\">PARTNERE &amp; SAMARBEJDE<\/a><\/div><\/div><\/div><div class=\"oneVerticalItem col-sm-6\"><div class=\"img ratioSave\"><div class=\"darkLayer\"><\/div><div class=\"croper\" style=\"background-image: url('\/media\/1207\/teasers2x3_800x332px_job.jpg');\"><img decoding=\"async\" src=\"\/media\/1207\/teasers2x3_800x332px_job.jpg\" alt=\"\" \/><\/div><\/div><div class=\"textBlockWrapper\"><div class=\"title\">KARRIERE &amp; JOB<\/div><p>Kunne du t\u00e6nke dig at blive en del af et dynamisk og professionelt team med fokus p\u00e5 gennemsigtighed, p\u00e5lidelig og engagement? Vil du gerne l\u00f8fte din karriere til det n\u00e6ste niveau i et kreativt og inspirerende milj\u00f8 baseret p\u00e5 gensidig tillid og respekt? S\u00e5 er Innovative stedet for dig.<\/p><div class=\"generalButton\"><a href=\"\/da\/why-innovative\/careers\/\">KARRIERE &amp; JOB<\/a><\/div><\/div><\/div><div class=\"oneVerticalItem col-sm-6\"><div class=\"img ratioSave\"><div class=\"darkLayer\"><\/div><div class=\"croper\" style=\"background-image: url('\/media\/1675\/factsheets_800x332-800x332.jpg');\"><img decoding=\"async\" src=\"\/media\/1675\/factsheets_800x332-800x332.jpg\" alt=\"\" \/><\/div><\/div><div class=\"textBlockWrapper\"><div class=\"title\">Datablade<\/div><p>Se eller download alle vores faktablade, datablade og cases. F\u00e5 alle oplysninger og tekniske specifikationer af de forskellige moduler og funktionaliteter inkluderet i vores integrated task &amp; incident management software platform &#8211; Innovative Security Manager\u2122.<\/p><div class=\"generalButton\"><a href=\"\/da\/why-innovative\/fact-sheets\/\">DATABLADE<\/a><\/div><\/div><\/div><\/div><\/div><\/div><\/div>","protected":false},"excerpt":{"rendered":"<p>HVORFOR INNOVATIVE?Innovative har udviklet software indenfor sikrings- og sikkerhedsbranchen siden 1982. Vores platform, Innovative Security Manager\u2122, bliver brugt af kontrol-, vagt- og alarmcentraler, beredskaber, lufthavne og industrielle kunder over hele verden.L\u00c6S MERE OM OSFokus p\u00e5 sikkerhed siden 1982I mere end 30 \u00e5r har Innovative udviklet l\u00f8sninger til at modtage og behandle alle former for alarmer [&hellip;]<\/p>\n","protected":false},"author":30,"featured_media":0,"parent":0,"menu_order":0,"comment_status":"closed","ping_status":"closed","template":"","meta":{"footnotes":""},"class_list":["post-173","page","type-page","status-publish","hentry"],"yoast_head":"<!-- This site is optimized with the Yoast SEO plugin v27.3 - https:\/\/yoast.com\/product\/yoast-seo-wordpress\/ -->\n<title>Innovative - Why Innovative<\/title>\n<meta name=\"description\" content=\"Innovative har udviklet software indenfor sikrings- og sikkerhedsbranchen siden 1982. Vores platform, Innovative Security Manager\u2122.\" \/>\n<meta name=\"robots\" content=\"index, follow, max-snippet:-1, max-image-preview:large, max-video-preview:-1\" \/>\n<link rel=\"canonical\" href=\"https:\/\/www.innovative.dk\/da\/why-innovative\/\" \/>\n<meta property=\"og:locale\" content=\"da_DK\" \/>\n<meta property=\"og:type\" content=\"article\" \/>\n<meta property=\"og:title\" content=\"Innovative - Why Innovative\" \/>\n<meta property=\"og:description\" content=\"Innovative har udviklet software indenfor sikrings- og sikkerhedsbranchen siden 1982. Vores platform, Innovative Security Manager\u2122.\" \/>\n<meta property=\"og:url\" content=\"https:\/\/www.innovative.dk\/da\/why-innovative\/\" \/>\n<meta property=\"og:site_name\" content=\"Innovative\" \/>\n<meta property=\"article:publisher\" content=\"https:\/\/www.facebook.com\/InnovativeBusinessSoftware\/\" \/>\n<meta property=\"article:modified_time\" content=\"2022-05-13T11:08:00+00:00\" \/>\n<meta name=\"twitter:card\" content=\"summary_large_image\" \/>\n<meta name=\"twitter:site\" content=\"@Innovative_ISM\" \/>\n<meta name=\"twitter:label1\" content=\"Estimeret l\u00e6setid\" \/>\n\t<meta name=\"twitter:data1\" content=\"3 minutter\" \/>\n<script type=\"application\/ld+json\" class=\"yoast-schema-graph\">{\"@context\":\"https:\\\/\\\/schema.org\",\"@graph\":[{\"@type\":\"WebPage\",\"@id\":\"https:\\\/\\\/www.innovative.dk\\\/da\\\/why-innovative\\\/\",\"url\":\"https:\\\/\\\/www.innovative.dk\\\/da\\\/why-innovative\\\/\",\"name\":\"Innovative - Why Innovative\",\"isPartOf\":{\"@id\":\"https:\\\/\\\/www.innovative.dk\\\/da\\\/#website\"},\"datePublished\":\"2020-09-03T11:25:04+00:00\",\"dateModified\":\"2022-05-13T11:08:00+00:00\",\"description\":\"Innovative har udviklet software indenfor sikrings- og sikkerhedsbranchen siden 1982. Vores platform, Innovative Security Manager\u2122.\",\"breadcrumb\":{\"@id\":\"https:\\\/\\\/www.innovative.dk\\\/da\\\/why-innovative\\\/#breadcrumb\"},\"inLanguage\":\"da-DK\",\"potentialAction\":[{\"@type\":\"ReadAction\",\"target\":[\"https:\\\/\\\/www.innovative.dk\\\/da\\\/why-innovative\\\/\"]}]},{\"@type\":\"BreadcrumbList\",\"@id\":\"https:\\\/\\\/www.innovative.dk\\\/da\\\/why-innovative\\\/#breadcrumb\",\"itemListElement\":[{\"@type\":\"ListItem\",\"position\":1,\"name\":\"Home\",\"item\":\"https:\\\/\\\/www.innovative.dk\\\/da\\\/home\\\/\"},{\"@type\":\"ListItem\",\"position\":2,\"name\":\"Why Innovative\"}]},{\"@type\":\"WebSite\",\"@id\":\"https:\\\/\\\/www.innovative.dk\\\/da\\\/#website\",\"url\":\"https:\\\/\\\/www.innovative.dk\\\/da\\\/\",\"name\":\"Innovative\",\"description\":\"Integrated Task &amp; Incident Management Software\",\"publisher\":{\"@id\":\"https:\\\/\\\/www.innovative.dk\\\/da\\\/#organization\"},\"potentialAction\":[{\"@type\":\"SearchAction\",\"target\":{\"@type\":\"EntryPoint\",\"urlTemplate\":\"https:\\\/\\\/www.innovative.dk\\\/da\\\/?s={search_term_string}\"},\"query-input\":{\"@type\":\"PropertyValueSpecification\",\"valueRequired\":true,\"valueName\":\"search_term_string\"}}],\"inLanguage\":\"da-DK\"},{\"@type\":\"Organization\",\"@id\":\"https:\\\/\\\/www.innovative.dk\\\/da\\\/#organization\",\"name\":\"Innovative\",\"url\":\"https:\\\/\\\/www.innovative.dk\\\/da\\\/\",\"logo\":{\"@type\":\"ImageObject\",\"inLanguage\":\"da-DK\",\"@id\":\"https:\\\/\\\/www.innovative.dk\\\/da\\\/#\\\/schema\\\/logo\\\/image\\\/\",\"url\":\"https:\\\/\\\/www.innovative.dk\\\/wp-content\\\/uploads\\\/2020\\\/09\\\/Innovative-logo.png\",\"contentUrl\":\"https:\\\/\\\/www.innovative.dk\\\/wp-content\\\/uploads\\\/2020\\\/09\\\/Innovative-logo.png\",\"width\":650,\"height\":100,\"caption\":\"Innovative\"},\"image\":{\"@id\":\"https:\\\/\\\/www.innovative.dk\\\/da\\\/#\\\/schema\\\/logo\\\/image\\\/\"},\"sameAs\":[\"https:\\\/\\\/www.facebook.com\\\/InnovativeBusinessSoftware\\\/\",\"https:\\\/\\\/x.com\\\/Innovative_ISM\",\"https:\\\/\\\/www.linkedin.com\\\/company\\\/innovative-business-software-a-s\\\/\",\"https:\\\/\\\/www.youtube.com\\\/user\\\/InnovativeBS\"]}]}<\/script>\n<!-- \/ Yoast SEO plugin. -->","yoast_head_json":{"title":"Innovative - Why Innovative","description":"Innovative har udviklet software indenfor sikrings- og sikkerhedsbranchen siden 1982. Vores platform, Innovative Security Manager\u2122.","robots":{"index":"index","follow":"follow","max-snippet":"max-snippet:-1","max-image-preview":"max-image-preview:large","max-video-preview":"max-video-preview:-1"},"canonical":"https:\/\/www.innovative.dk\/da\/why-innovative\/","og_locale":"da_DK","og_type":"article","og_title":"Innovative - Why Innovative","og_description":"Innovative har udviklet software indenfor sikrings- og sikkerhedsbranchen siden 1982. Vores platform, Innovative Security Manager\u2122.","og_url":"https:\/\/www.innovative.dk\/da\/why-innovative\/","og_site_name":"Innovative","article_publisher":"https:\/\/www.facebook.com\/InnovativeBusinessSoftware\/","article_modified_time":"2022-05-13T11:08:00+00:00","twitter_card":"summary_large_image","twitter_site":"@Innovative_ISM","twitter_misc":{"Estimeret l\u00e6setid":"3 minutter"},"schema":{"@context":"https:\/\/schema.org","@graph":[{"@type":"WebPage","@id":"https:\/\/www.innovative.dk\/da\/why-innovative\/","url":"https:\/\/www.innovative.dk\/da\/why-innovative\/","name":"Innovative - Why Innovative","isPartOf":{"@id":"https:\/\/www.innovative.dk\/da\/#website"},"datePublished":"2020-09-03T11:25:04+00:00","dateModified":"2022-05-13T11:08:00+00:00","description":"Innovative har udviklet software indenfor sikrings- og sikkerhedsbranchen siden 1982. Vores platform, Innovative Security Manager\u2122.","breadcrumb":{"@id":"https:\/\/www.innovative.dk\/da\/why-innovative\/#breadcrumb"},"inLanguage":"da-DK","potentialAction":[{"@type":"ReadAction","target":["https:\/\/www.innovative.dk\/da\/why-innovative\/"]}]},{"@type":"BreadcrumbList","@id":"https:\/\/www.innovative.dk\/da\/why-innovative\/#breadcrumb","itemListElement":[{"@type":"ListItem","position":1,"name":"Home","item":"https:\/\/www.innovative.dk\/da\/home\/"},{"@type":"ListItem","position":2,"name":"Why Innovative"}]},{"@type":"WebSite","@id":"https:\/\/www.innovative.dk\/da\/#website","url":"https:\/\/www.innovative.dk\/da\/","name":"Innovative","description":"Integrated Task &amp; Incident Management Software","publisher":{"@id":"https:\/\/www.innovative.dk\/da\/#organization"},"potentialAction":[{"@type":"SearchAction","target":{"@type":"EntryPoint","urlTemplate":"https:\/\/www.innovative.dk\/da\/?s={search_term_string}"},"query-input":{"@type":"PropertyValueSpecification","valueRequired":true,"valueName":"search_term_string"}}],"inLanguage":"da-DK"},{"@type":"Organization","@id":"https:\/\/www.innovative.dk\/da\/#organization","name":"Innovative","url":"https:\/\/www.innovative.dk\/da\/","logo":{"@type":"ImageObject","inLanguage":"da-DK","@id":"https:\/\/www.innovative.dk\/da\/#\/schema\/logo\/image\/","url":"https:\/\/www.innovative.dk\/wp-content\/uploads\/2020\/09\/Innovative-logo.png","contentUrl":"https:\/\/www.innovative.dk\/wp-content\/uploads\/2020\/09\/Innovative-logo.png","width":650,"height":100,"caption":"Innovative"},"image":{"@id":"https:\/\/www.innovative.dk\/da\/#\/schema\/logo\/image\/"},"sameAs":["https:\/\/www.facebook.com\/InnovativeBusinessSoftware\/","https:\/\/x.com\/Innovative_ISM","https:\/\/www.linkedin.com\/company\/innovative-business-software-a-s\/","https:\/\/www.youtube.com\/user\/InnovativeBS"]}]}},"_links":{"self":[{"href":"https:\/\/www.innovative.dk\/da\/wp-json\/wp\/v2\/pages\/173","targetHints":{"allow":["GET"]}}],"collection":[{"href":"https:\/\/www.innovative.dk\/da\/wp-json\/wp\/v2\/pages"}],"about":[{"href":"https:\/\/www.innovative.dk\/da\/wp-json\/wp\/v2\/types\/page"}],"author":[{"embeddable":true,"href":"https:\/\/www.innovative.dk\/da\/wp-json\/wp\/v2\/users\/30"}],"replies":[{"embeddable":true,"href":"https:\/\/www.innovative.dk\/da\/wp-json\/wp\/v2\/comments?post=173"}],"version-history":[{"count":0,"href":"https:\/\/www.innovative.dk\/da\/wp-json\/wp\/v2\/pages\/173\/revisions"}],"wp:attachment":[{"href":"https:\/\/www.innovative.dk\/da\/wp-json\/wp\/v2\/media?parent=173"}],"curies":[{"name":"wp","href":"https:\/\/api.w.org\/{rel}","templated":true}]}}