{"id":155,"date":"2020-09-03T09:35:30","date_gmt":"2020-09-03T09:35:30","guid":{"rendered":"http:\/\/innovativedk.wpengine.com\/?page_id=155"},"modified":"2020-10-07T12:52:19","modified_gmt":"2020-10-07T12:52:19","slug":"industries","status":"publish","type":"page","link":"https:\/\/www.innovative.dk\/da\/solutions\/industries\/","title":{"rendered":"Industries"},"content":{"rendered":"<div class=\"parralaxTop\" style=\"background-color: #;\">\r\n    <div class=\"bigImg\" id=\"bunnerHolder\">\r\n        <div class=\"backgroundImage ratioSave\">\r\n            <div class=\"croper\" style=\"background-image: url('\/media\/1114\/1-0_header_2600x590px.jpg');\">\r\n             <img decoding=\"async\" src=\"\/media\/1114\/1-0_header_2600x590px.jpg\" alt=\"\" \/>\r\n            <\/div>\r\n        <\/div>\r\n        <div class=\"textTop\">\r\n            <div class=\"container personalSizeForPageCookies height100\">\r\n            <div class=\"dispTable\">\r\n                <div class=\"tableCell\">\r\n                    <h2>\r\n                        <span class=\"title title1\"><span class=\"black\">VI LEVERER L\u00d8SNINGER TIL FLERE BRANCHER OG SEKTORER<br \/>\r\n                         I HELE VERDEN<\/span>\r\n                        <\/span>\r\n                    <\/h2>\r\n                    <ul>\r\n                        <li><span>Offentlige myndigheder (fx politi, beredskaber, kommunale vagtcentraler og forsvar)<\/span><\/li>\r\n                        <li><span>Kontrolcentraler<\/span><\/li>\r\n                        <li><span>Omr\u00e5desikring (fx lufthavne, universiteter og industriomr\u00e5der)<\/span><\/li>\r\n                    <\/ul>\r\n                <\/div>\r\n            <\/div>\r\n            <\/div>\r\n        <\/div>\r\n    <\/div>\r\n<\/div>\r\n<div class=\"paralax\">\r\n    <div class=\"trBg\">\r\n        <div class=\"shaddowBaner ratioSave\">\r\n            <div class=\"croper\" style=\"background-image: url('\/media\/images\/trBg.png');\">\r\n             <img decoding=\"async\" src=\"\/media\/images\/trBg.png\" \/>\r\n            <\/div>\r\n        <\/div>\r\n    <\/div>\r\n<\/div>\r\n<div class=\"dgaggableHolder\">\r\n    <div class=\"titleBlock\" style=\"background-color: #ffffff;\">\r\n        <div class=\"container\">\r\n            <div class=\"titleWrapperIn\">\r\n            <h2 class=\"h2Baner mb-10\">\r\n                 <span class=\"orange mb-10\">VI HAR EKSPERTISE INDEN FOR F\u00d8LGENDE INDUSTRIER<\/span>\r\n            <\/h2>\r\n            <p class=\"subHeader\">\r\n            <\/p>\r\n            <p><span>Vi kan tilpasse vores softwarel\u00f8sning til din specifikke branche eller sektor. Find din branche her og l\u00e6s mere om, hvordan du kan drage fordel af Innovative Security Manager\u2122.<\/span><\/p>\r\n            <\/div>\r\n        <\/div>\r\n    <\/div>\r\n    <div style=\"background-color: #;\" class=\"WeHalpClients\">\r\n        <div class=\"container\">\r\n            <div class=\"teasers\">\r\n            <div class=\"col-sm-3 col-xs-6 hyi\">\r\n                <div class=\"imageMini\">\r\n                <figure>\r\n                    <div class=\"ratioSave\">\r\n                        <div style=\"background-image: url('\/media\/1156\/frontpage_teaser_500x350px_police.jpg');\" class=\"croper\">\r\n                         <img decoding=\"async\" src=\"\/media\/1156\/frontpage_teaser_500x350px_police.jpg\" alt=\"\" \/>\r\n                        <\/div>\r\n                    <\/div>\r\n                    <figcaption>\r\n                        <div>\r\n                        <p>Intelligent software neds\u00e6tter responstiden og viser n\u00e6rmeste k\u00f8ret\u00f8j<\/p>\r\n                         <a href=\"\/da\/solutions\/industries\/police\/\" class=\"btnHeader\">Politi<\/a>\r\n                        <\/div>\r\n                        <a href=\"#\" class=\"header\">Politi<\/a>\r\n                    <\/figcaption>\r\n                    <\/figure>\r\n                <\/div>\r\n            <\/div>\r\n            <div class=\"col-sm-3 col-xs-6 hyi\">\r\n                <div class=\"imageMini\">\r\n                <figure>\r\n                    <div class=\"ratioSave\">\r\n                        <div style=\"background-image: url('\/media\/1152\/frontpage_teaser_500x350px_fire.jpg');\" class=\"croper\">\r\n                         <img decoding=\"async\" src=\"\/media\/1152\/frontpage_teaser_500x350px_fire.jpg\" alt=\"\" \/>\r\n                        <\/div>\r\n                    <\/div>\r\n                    <figcaption>\r\n                        <div>\r\n                        <p>N\u00e5r brandalarmen lyder, er hurtig og korrekt reaktion altafg\u00f8rende<\/p>\r\n                         <a href=\"\/da\/solutions\/industries\/fire-departments\/\" class=\"btnHeader\">Beredskaber<\/a>\r\n                        <\/div>\r\n                        <a href=\"#\" class=\"header\">Beredskaber<\/a>\r\n                    <\/figcaption>\r\n                    <\/figure>\r\n                <\/div>\r\n            <\/div>\r\n            <div class=\"col-sm-3 col-xs-6 hyi\">\r\n                <div class=\"imageMini\">\r\n                <figure>\r\n                    <div class=\"ratioSave\">\r\n                        <div style=\"background-image: url('\/media\/1151\/frontpage_teaser_500x350px_airport.jpg');\" class=\"croper\">\r\n                         <img decoding=\"async\" src=\"\/media\/1151\/frontpage_teaser_500x350px_airport.jpg\" alt=\"\" \/>\r\n                        <\/div>\r\n                    <\/div>\r\n                    <figcaption>\r\n                        <div>\r\n                        <p>Overblik over vagter, alarmer og opgaver \u00f8ger sikkerheden &#8211; b\u00e5de landside og airside<\/p>\r\n                         <a href=\"\/da\/solutions\/industries\/airports\/\" class=\"btnHeader\">Lufthavne<\/a>\r\n                        <\/div>\r\n                        <a href=\"#\" class=\"header\">Lufthavne<\/a>\r\n                    <\/figcaption>\r\n                    <\/figure>\r\n                <\/div>\r\n            <\/div>\r\n            <div class=\"col-sm-3 col-xs-6 hyi\">\r\n                <div class=\"imageMini\">\r\n                <figure>\r\n                    <div class=\"ratioSave\">\r\n                        <div style=\"background-image: url('\/media\/1326\/frontpage_teaser_500x350px_industrial-facilities.jpg');\" class=\"croper\">\r\n                         <img decoding=\"async\" src=\"\/media\/1326\/frontpage_teaser_500x350px_industrial-facilities.jpg\" alt=\"\" \/>\r\n                        <\/div>\r\n                    <\/div>\r\n                    <figcaption>\r\n                        <div>\r\n                        <p>Fleksibelt sikkerhedssystem sikrer alle typer omr\u00e5der, bygninger og rum<\/p>\r\n                         <a href=\"\/da\/solutions\/industries\/industrial-facilities\/\" class=\"btnHeader\">Industriomr\u00e5der<\/a>\r\n                        <\/div>\r\n                        <a href=\"#\" class=\"header\">Industriomr\u00e5der<\/a>\r\n                    <\/figcaption>\r\n                    <\/figure>\r\n                <\/div>\r\n            <\/div>\r\n            <div class=\"col-sm-3 col-xs-6 hyi\">\r\n                <div class=\"imageMini\">\r\n                <figure>\r\n                    <div class=\"ratioSave\">\r\n                        <div style=\"background-image: url('\/media\/1154\/frontpage_teaser_500x350px_military.jpg');\" class=\"croper\">\r\n                         <img decoding=\"async\" src=\"\/media\/1154\/frontpage_teaser_500x350px_military.jpg\" alt=\"\" \/>\r\n                        <\/div>\r\n                    <\/div>\r\n                    <figcaption>\r\n                        <div>\r\n                        <p>Central overv\u00e5gning over alarmer giver maksimalt overblik og effektivitet<\/p>\r\n                         <a href=\"\/da\/solutions\/industries\/defence\/\" class=\"btnHeader\">Forsvar<\/a>\r\n                        <\/div>\r\n                        <a href=\"#\" class=\"header\">Forsvar<\/a>\r\n                    <\/figcaption>\r\n                    <\/figure>\r\n                <\/div>\r\n            <\/div>\r\n            <div class=\"col-sm-3 col-xs-6 hyi\">\r\n                <div class=\"imageMini\">\r\n                <figure>\r\n                    <div class=\"ratioSave\">\r\n                        <div style=\"background-image: url('\/media\/1325\/frontpage_teaser_500x350px_alarm-receiving-centres.jpg');\" class=\"croper\">\r\n                         <img decoding=\"async\" src=\"\/media\/1325\/frontpage_teaser_500x350px_alarm-receiving-centres.jpg\" alt=\"\" \/>\r\n                        <\/div>\r\n                    <\/div>\r\n                    <figcaption>\r\n                        <div>\r\n                        <p>Muligheden for at h\u00e5ndtere mange typer alarmer p\u00e5 \u00e9n gang sikrer b\u00e5de kunder og leverand\u00f8r<\/p>\r\n                         <a href=\"\/da\/solutions\/industries\/arc\/\" class=\"btnHeader\">Kontrolcentraler<\/a>\r\n                        <\/div>\r\n                        <a href=\"#\" class=\"header\">Kontrolcentraler<\/a>\r\n                    <\/figcaption>\r\n                    <\/figure>\r\n                <\/div>\r\n            <\/div>\r\n            <div class=\"col-sm-3 col-xs-6 hyi\">\r\n                <div class=\"imageMini\">\r\n                <figure>\r\n                    <div class=\"ratioSave\">\r\n                        <div style=\"background-image: url('\/media\/1158\/frontpage_teaser_500x350px_university.jpg');\" class=\"croper\">\r\n                         <img decoding=\"async\" src=\"\/media\/1158\/frontpage_teaser_500x350px_university.jpg\" alt=\"\" \/>\r\n                        <\/div>\r\n                    <\/div>\r\n                    <figcaption>\r\n                        <div>\r\n                        <p>Sikkert overblik over store omr\u00e5der med mange mennesker<\/p>\r\n                         <a href=\"\/da\/solutions\/industries\/university-campuses\/\" class=\"btnHeader\">Universiteter<\/a>\r\n                        <\/div>\r\n                        <a href=\"#\" class=\"header\">Universiteter<\/a>\r\n                    <\/figcaption>\r\n                    <\/figure>\r\n                <\/div>\r\n            <\/div>\r\n            <div class=\"col-sm-3 col-xs-6 hyi\">\r\n                <div class=\"imageMini\">\r\n                <figure>\r\n                    <div class=\"ratioSave\">\r\n                        <div style=\"background-image: url('\/media\/1155\/frontpage_teaser_500x350px_other.jpg');\" class=\"croper\">\r\n                         <img decoding=\"async\" src=\"\/media\/1155\/frontpage_teaser_500x350px_other.jpg\" alt=\"\" \/>\r\n                        <\/div>\r\n                    <\/div>\r\n                    <figcaption>\r\n                        <div>\r\n                        <p>Innovative Security Manager\u2122 kan implementeres alle steder, hvor sikkerhed har f\u00f8rste prioritet<\/p>\r\n                         <a href=\"\/da\/solutions\/industries\/other\/\" class=\"btnHeader\">Andre<\/a>\r\n                        <\/div>\r\n                        <a href=\"#\" class=\"header\">Andre<\/a>\r\n                    <\/figcaption>\r\n                    <\/figure>\r\n                <\/div>\r\n            <\/div>\r\n            <\/div>\r\n        <\/div>\r\n    <\/div>\r\n<\/div>","protected":false},"excerpt":{"rendered":"<p>VI LEVERER L\u00d8SNINGER TIL FLERE BRANCHER OG SEKTORER I HELE VERDEN Offentlige myndigheder (fx politi, beredskaber, kommunale vagtcentraler og forsvar) Kontrolcentraler Omr\u00e5desikring (fx lufthavne, universiteter og industriomr\u00e5der) VI HAR EKSPERTISE INDEN FOR F\u00d8LGENDE INDUSTRIER Vi kan tilpasse vores softwarel\u00f8sning til din specifikke branche eller sektor. Find din branche her og l\u00e6s mere om, hvordan du [&hellip;]<\/p>\n","protected":false},"author":30,"featured_media":0,"parent":153,"menu_order":0,"comment_status":"closed","ping_status":"closed","template":"","meta":{"footnotes":""},"class_list":["post-155","page","type-page","status-publish","hentry"],"yoast_head":"<!-- This site is optimized with the Yoast SEO plugin v27.3 - https:\/\/yoast.com\/product\/yoast-seo-wordpress\/ -->\n<title>Innovative - Industries<\/title>\n<meta name=\"description\" content=\"Vi kan tilpasse vores softwarel\u00f8sning til din specifikke branche eller sektor. Find din branche her og l\u00e6s mere om, hvordan du kan drage fordel af Innovative Security Manager\u2122.\" \/>\n<meta name=\"robots\" content=\"index, follow, max-snippet:-1, max-image-preview:large, max-video-preview:-1\" \/>\n<link rel=\"canonical\" href=\"https:\/\/www.innovative.dk\/da\/solutions\/industries\/\" \/>\n<meta property=\"og:locale\" content=\"da_DK\" \/>\n<meta property=\"og:type\" content=\"article\" \/>\n<meta property=\"og:title\" content=\"Innovative - Industries\" \/>\n<meta property=\"og:description\" content=\"Vi kan tilpasse vores softwarel\u00f8sning til din specifikke branche eller sektor. Find din branche her og l\u00e6s mere om, hvordan du kan drage fordel af Innovative Security Manager\u2122.\" \/>\n<meta property=\"og:url\" content=\"https:\/\/www.innovative.dk\/da\/solutions\/industries\/\" \/>\n<meta property=\"og:site_name\" content=\"Innovative\" \/>\n<meta property=\"article:publisher\" content=\"https:\/\/www.facebook.com\/InnovativeBusinessSoftware\/\" \/>\n<meta property=\"article:modified_time\" content=\"2020-10-07T12:52:19+00:00\" \/>\n<meta property=\"og:image\" content=\"https:\/\/www.innovative.dk\/media\/1114\/1-0_header_2600x590px.jpg\" \/>\n<meta name=\"twitter:card\" content=\"summary_large_image\" \/>\n<meta name=\"twitter:site\" content=\"@Innovative_ISM\" \/>\n<meta name=\"twitter:label1\" content=\"Estimeret l\u00e6setid\" \/>\n\t<meta name=\"twitter:data1\" content=\"1 minut\" \/>\n<script type=\"application\/ld+json\" class=\"yoast-schema-graph\">{\"@context\":\"https:\\\/\\\/schema.org\",\"@graph\":[{\"@type\":\"WebPage\",\"@id\":\"https:\\\/\\\/www.innovative.dk\\\/da\\\/solutions\\\/industries\\\/\",\"url\":\"https:\\\/\\\/www.innovative.dk\\\/da\\\/solutions\\\/industries\\\/\",\"name\":\"Innovative - Industries\",\"isPartOf\":{\"@id\":\"https:\\\/\\\/www.innovative.dk\\\/da\\\/#website\"},\"datePublished\":\"2020-09-03T09:35:30+00:00\",\"dateModified\":\"2020-10-07T12:52:19+00:00\",\"description\":\"Vi kan tilpasse vores softwarel\u00f8sning til din specifikke branche eller sektor. Find din branche her og l\u00e6s mere om, hvordan du kan drage fordel af Innovative Security Manager\u2122.\",\"breadcrumb\":{\"@id\":\"https:\\\/\\\/www.innovative.dk\\\/da\\\/solutions\\\/industries\\\/#breadcrumb\"},\"inLanguage\":\"da-DK\",\"potentialAction\":[{\"@type\":\"ReadAction\",\"target\":[\"https:\\\/\\\/www.innovative.dk\\\/da\\\/solutions\\\/industries\\\/\"]}]},{\"@type\":\"BreadcrumbList\",\"@id\":\"https:\\\/\\\/www.innovative.dk\\\/da\\\/solutions\\\/industries\\\/#breadcrumb\",\"itemListElement\":[{\"@type\":\"ListItem\",\"position\":1,\"name\":\"Home\",\"item\":\"https:\\\/\\\/www.innovative.dk\\\/da\\\/home\\\/\"},{\"@type\":\"ListItem\",\"position\":2,\"name\":\"L\u00f8sninger\",\"item\":\"https:\\\/\\\/www.innovative.dk\\\/da\\\/solutions\\\/\"},{\"@type\":\"ListItem\",\"position\":3,\"name\":\"Industries\"}]},{\"@type\":\"WebSite\",\"@id\":\"https:\\\/\\\/www.innovative.dk\\\/da\\\/#website\",\"url\":\"https:\\\/\\\/www.innovative.dk\\\/da\\\/\",\"name\":\"Innovative\",\"description\":\"Integrated Task &amp; Incident Management Software\",\"publisher\":{\"@id\":\"https:\\\/\\\/www.innovative.dk\\\/da\\\/#organization\"},\"potentialAction\":[{\"@type\":\"SearchAction\",\"target\":{\"@type\":\"EntryPoint\",\"urlTemplate\":\"https:\\\/\\\/www.innovative.dk\\\/da\\\/?s={search_term_string}\"},\"query-input\":{\"@type\":\"PropertyValueSpecification\",\"valueRequired\":true,\"valueName\":\"search_term_string\"}}],\"inLanguage\":\"da-DK\"},{\"@type\":\"Organization\",\"@id\":\"https:\\\/\\\/www.innovative.dk\\\/da\\\/#organization\",\"name\":\"Innovative\",\"url\":\"https:\\\/\\\/www.innovative.dk\\\/da\\\/\",\"logo\":{\"@type\":\"ImageObject\",\"inLanguage\":\"da-DK\",\"@id\":\"https:\\\/\\\/www.innovative.dk\\\/da\\\/#\\\/schema\\\/logo\\\/image\\\/\",\"url\":\"https:\\\/\\\/www.innovative.dk\\\/wp-content\\\/uploads\\\/2020\\\/09\\\/Innovative-logo.png\",\"contentUrl\":\"https:\\\/\\\/www.innovative.dk\\\/wp-content\\\/uploads\\\/2020\\\/09\\\/Innovative-logo.png\",\"width\":650,\"height\":100,\"caption\":\"Innovative\"},\"image\":{\"@id\":\"https:\\\/\\\/www.innovative.dk\\\/da\\\/#\\\/schema\\\/logo\\\/image\\\/\"},\"sameAs\":[\"https:\\\/\\\/www.facebook.com\\\/InnovativeBusinessSoftware\\\/\",\"https:\\\/\\\/x.com\\\/Innovative_ISM\",\"https:\\\/\\\/www.linkedin.com\\\/company\\\/innovative-business-software-a-s\\\/\",\"https:\\\/\\\/www.youtube.com\\\/user\\\/InnovativeBS\"]}]}<\/script>\n<!-- \/ Yoast SEO plugin. -->","yoast_head_json":{"title":"Innovative - Industries","description":"Vi kan tilpasse vores softwarel\u00f8sning til din specifikke branche eller sektor. Find din branche her og l\u00e6s mere om, hvordan du kan drage fordel af Innovative Security Manager\u2122.","robots":{"index":"index","follow":"follow","max-snippet":"max-snippet:-1","max-image-preview":"max-image-preview:large","max-video-preview":"max-video-preview:-1"},"canonical":"https:\/\/www.innovative.dk\/da\/solutions\/industries\/","og_locale":"da_DK","og_type":"article","og_title":"Innovative - Industries","og_description":"Vi kan tilpasse vores softwarel\u00f8sning til din specifikke branche eller sektor. Find din branche her og l\u00e6s mere om, hvordan du kan drage fordel af Innovative Security Manager\u2122.","og_url":"https:\/\/www.innovative.dk\/da\/solutions\/industries\/","og_site_name":"Innovative","article_publisher":"https:\/\/www.facebook.com\/InnovativeBusinessSoftware\/","article_modified_time":"2020-10-07T12:52:19+00:00","og_image":[{"url":"https:\/\/www.innovative.dk\/media\/1114\/1-0_header_2600x590px.jpg","type":"","width":"","height":""}],"twitter_card":"summary_large_image","twitter_site":"@Innovative_ISM","twitter_misc":{"Estimeret l\u00e6setid":"1 minut"},"schema":{"@context":"https:\/\/schema.org","@graph":[{"@type":"WebPage","@id":"https:\/\/www.innovative.dk\/da\/solutions\/industries\/","url":"https:\/\/www.innovative.dk\/da\/solutions\/industries\/","name":"Innovative - Industries","isPartOf":{"@id":"https:\/\/www.innovative.dk\/da\/#website"},"datePublished":"2020-09-03T09:35:30+00:00","dateModified":"2020-10-07T12:52:19+00:00","description":"Vi kan tilpasse vores softwarel\u00f8sning til din specifikke branche eller sektor. Find din branche her og l\u00e6s mere om, hvordan du kan drage fordel af Innovative Security Manager\u2122.","breadcrumb":{"@id":"https:\/\/www.innovative.dk\/da\/solutions\/industries\/#breadcrumb"},"inLanguage":"da-DK","potentialAction":[{"@type":"ReadAction","target":["https:\/\/www.innovative.dk\/da\/solutions\/industries\/"]}]},{"@type":"BreadcrumbList","@id":"https:\/\/www.innovative.dk\/da\/solutions\/industries\/#breadcrumb","itemListElement":[{"@type":"ListItem","position":1,"name":"Home","item":"https:\/\/www.innovative.dk\/da\/home\/"},{"@type":"ListItem","position":2,"name":"L\u00f8sninger","item":"https:\/\/www.innovative.dk\/da\/solutions\/"},{"@type":"ListItem","position":3,"name":"Industries"}]},{"@type":"WebSite","@id":"https:\/\/www.innovative.dk\/da\/#website","url":"https:\/\/www.innovative.dk\/da\/","name":"Innovative","description":"Integrated Task &amp; Incident Management Software","publisher":{"@id":"https:\/\/www.innovative.dk\/da\/#organization"},"potentialAction":[{"@type":"SearchAction","target":{"@type":"EntryPoint","urlTemplate":"https:\/\/www.innovative.dk\/da\/?s={search_term_string}"},"query-input":{"@type":"PropertyValueSpecification","valueRequired":true,"valueName":"search_term_string"}}],"inLanguage":"da-DK"},{"@type":"Organization","@id":"https:\/\/www.innovative.dk\/da\/#organization","name":"Innovative","url":"https:\/\/www.innovative.dk\/da\/","logo":{"@type":"ImageObject","inLanguage":"da-DK","@id":"https:\/\/www.innovative.dk\/da\/#\/schema\/logo\/image\/","url":"https:\/\/www.innovative.dk\/wp-content\/uploads\/2020\/09\/Innovative-logo.png","contentUrl":"https:\/\/www.innovative.dk\/wp-content\/uploads\/2020\/09\/Innovative-logo.png","width":650,"height":100,"caption":"Innovative"},"image":{"@id":"https:\/\/www.innovative.dk\/da\/#\/schema\/logo\/image\/"},"sameAs":["https:\/\/www.facebook.com\/InnovativeBusinessSoftware\/","https:\/\/x.com\/Innovative_ISM","https:\/\/www.linkedin.com\/company\/innovative-business-software-a-s\/","https:\/\/www.youtube.com\/user\/InnovativeBS"]}]}},"_links":{"self":[{"href":"https:\/\/www.innovative.dk\/da\/wp-json\/wp\/v2\/pages\/155","targetHints":{"allow":["GET"]}}],"collection":[{"href":"https:\/\/www.innovative.dk\/da\/wp-json\/wp\/v2\/pages"}],"about":[{"href":"https:\/\/www.innovative.dk\/da\/wp-json\/wp\/v2\/types\/page"}],"author":[{"embeddable":true,"href":"https:\/\/www.innovative.dk\/da\/wp-json\/wp\/v2\/users\/30"}],"replies":[{"embeddable":true,"href":"https:\/\/www.innovative.dk\/da\/wp-json\/wp\/v2\/comments?post=155"}],"version-history":[{"count":0,"href":"https:\/\/www.innovative.dk\/da\/wp-json\/wp\/v2\/pages\/155\/revisions"}],"up":[{"embeddable":true,"href":"https:\/\/www.innovative.dk\/da\/wp-json\/wp\/v2\/pages\/153"}],"wp:attachment":[{"href":"https:\/\/www.innovative.dk\/da\/wp-json\/wp\/v2\/media?parent=155"}],"curies":[{"name":"wp","href":"https:\/\/api.w.org\/{rel}","templated":true}]}}